{"id":76989,"date":"2025-07-14T14:59:22","date_gmt":"2025-07-14T11:59:22","guid":{"rendered":"https:\/\/demo8.ecube.lv\/sezona.lv\/products\/karabine-petzl-william-screw-lock\/"},"modified":"2025-07-14T14:59:22","modified_gmt":"2025-07-14T11:59:22","slug":"karabine-petzl-william-screw-lock","status":"publish","type":"product","link":"https:\/\/sezona.lv\/en\/products\/karabine-petzl-william-screw-lock\/","title":{"rendered":"Karab\u012bne Petzl William Screw Lock"},"content":{"rendered":"<p><span>Liela izm\u0113ra asimetriskas formas karab\u012bne ar skr\u016bv\u0113jamu aizdares sist\u0113mu, kas piem\u0113rota dro&scaron;in\u0101&scaron;anai stacij\u0101s vai bremzes mezglam.&nbsp;<\/span><br \/><span>Lielais atv\u0113rums pie\u013cauj vieglu vair\u0101ku virvju vai cilpu ie\u0101\u0137\u0113&scaron;anu. Keylock sist\u0113ma pal\u012bdz pasarg\u0101t karab\u012bnes aiz\u0137er&scaron;anos manevru laik\u0101. Sarkans indikators uz karab\u012bnes aizdares br\u012bdina par karab\u012bnes neaizv\u0113rtu st\u0101vokli.<\/span><\/p>\n<p>&nbsp;<\/p>\n<ul class=\"item_traits\">\n<li class=\"odd\"><label>Aizdares meh\u0101nisms:<\/label><span>SCREW-LOCK<\/span><\/li>\n<li><label>Iztur\u012bba:<\/label><span>25\/7\/7 kN<\/span><\/li>\n<li class=\"odd\"><label>Muftas atvere:<\/label><span>25 mm<\/span><\/li>\n<li><label>Tips:<\/label><span>Asimetriska<\/span><\/li>\n<li class=\"odd\"><label>Svars:<\/label><span>90 g<\/span><\/li>\n<\/ul>\n","protected":false},"excerpt":{"rendered":"<p>Liela izm\u0113ra asimetriskas formas karab\u012bne ar skr\u016bv\u0113jamu aizdares sist\u0113mu, kas piem\u0113rota dro&scaron;in\u0101&scaron;anai stacij\u0101s vai bremzes mezglam.&nbsp;Lielais atv\u0113rums pie\u013cauj vieglu vair\u0101ku virvju vai cilpu ie\u0101\u0137\u0113&scaron;anu. Keylock sist\u0113ma pal\u012bdz pasarg\u0101t karab\u012bnes aiz\u0137er&scaron;anos manevru laik\u0101. Sarkans indikators uz karab\u012bnes aizdares br\u012bdina par karab\u012bnes neaizv\u0113rtu st\u0101vokli. &nbsp; Aizdares meh\u0101nisms:SCREW-LOCK Iztur\u012bba:25\/7\/7 kN Muftas atvere:25 mm Tips:Asimetriska Svars:90 g<\/p>\n","protected":false},"featured_media":0,"template":"","meta":[],"product_brand":[957],"product_cat":[4851,4875,4880],"product_tag":[],"class_list":{"0":"post-76989","1":"product","2":"type-product","3":"status-publish","5":"product_brand-petzl","6":"product_cat-mountaineering-equipment-recreation","7":"product_cat-for-work-at-height-mountaineering-equipment-recreation","8":"product_cat-carabiners-and-connectors-for-work-at-height-mountaineering-equipment-recreation","10":"first","11":"instock","12":"shipping-taxable","13":"purchasable","14":"product-type-simple"},"_links":{"self":[{"href":"https:\/\/sezona.lv\/en\/wp-json\/wp\/v2\/product\/76989","targetHints":{"allow":["GET"]}}],"collection":[{"href":"https:\/\/sezona.lv\/en\/wp-json\/wp\/v2\/product"}],"about":[{"href":"https:\/\/sezona.lv\/en\/wp-json\/wp\/v2\/types\/product"}],"wp:attachment":[{"href":"https:\/\/sezona.lv\/en\/wp-json\/wp\/v2\/media?parent=76989"}],"wp:term":[{"taxonomy":"product_brand","embeddable":true,"href":"https:\/\/sezona.lv\/en\/wp-json\/wp\/v2\/product_brand?post=76989"},{"taxonomy":"product_cat","embeddable":true,"href":"https:\/\/sezona.lv\/en\/wp-json\/wp\/v2\/product_cat?post=76989"},{"taxonomy":"product_tag","embeddable":true,"href":"https:\/\/sezona.lv\/en\/wp-json\/wp\/v2\/product_tag?post=76989"}],"curies":[{"name":"wp","href":"https:\/\/api.w.org\/{rel}","templated":true}]}}