{"id":76990,"date":"2025-07-14T14:59:23","date_gmt":"2025-07-14T11:59:23","guid":{"rendered":"https:\/\/demo8.ecube.lv\/sezona.lv\/products\/karabine-edelrid-harness-triplelock\/"},"modified":"2025-07-14T14:59:23","modified_gmt":"2025-07-14T11:59:23","slug":"karabine-edelrid-harness-triplelock","status":"publish","type":"product","link":"https:\/\/sezona.lv\/en\/products\/karabine-edelrid-harness-triplelock\/","title":{"rendered":"Karab\u012bne Edelrid Harness Triplelock"},"content":{"rendered":"<p><span>\u012apa&scaron;as formas karab\u012bne ar autom\u0101tisku Triplelock aizdares meh\u0101nismu, kas perfekti pozicion\u0113 virves un cilpas centra l\u012bnij\u0101 un uzlabo, atbalsta vad\u0101m\u012bbu. Piem\u0113rota lieto&scaron;anai ar Cambiumsavers pal\u012bgcilp\u0101m (lent\u0113m). Izm\u0113ri: 122 x 71 mm.<\/span><\/p>\n<p>&nbsp;<\/p>\n<ul class=\"item_traits\">\n<li class=\"odd\"><label>Iztur\u012bba:<\/label><span>22 kN<\/span><\/li>\n<li><label>Muftas atvere:<\/label><span>21 mm<\/span><\/li>\n<li class=\"odd\"><label>Tips:<\/label><span>Asimetriska<\/span><\/li>\n<li><label>Svars:<\/label><span>90 g<\/span><\/li>\n<\/ul>\n","protected":false},"excerpt":{"rendered":"<p>\u012apa&scaron;as formas karab\u012bne ar autom\u0101tisku Triplelock aizdares meh\u0101nismu, kas perfekti pozicion\u0113 virves un cilpas centra l\u012bnij\u0101 un uzlabo, atbalsta vad\u0101m\u012bbu. Piem\u0113rota lieto&scaron;anai ar Cambiumsavers pal\u012bgcilp\u0101m (lent\u0113m). Izm\u0113ri: 122 x 71 mm. &nbsp; Iztur\u012bba:22 kN Muftas atvere:21 mm Tips:Asimetriska Svars:90 g<\/p>\n","protected":false},"featured_media":0,"template":"","meta":[],"product_brand":[3348],"product_cat":[4851,4875,4880],"product_tag":[],"class_list":{"0":"post-76990","1":"product","2":"type-product","3":"status-publish","5":"product_brand-edelrid","6":"product_cat-mountaineering-equipment-recreation","7":"product_cat-for-work-at-height-mountaineering-equipment-recreation","8":"product_cat-carabiners-and-connectors-for-work-at-height-mountaineering-equipment-recreation","10":"first","11":"instock","12":"shipping-taxable","13":"purchasable","14":"product-type-simple"},"_links":{"self":[{"href":"https:\/\/sezona.lv\/en\/wp-json\/wp\/v2\/product\/76990","targetHints":{"allow":["GET"]}}],"collection":[{"href":"https:\/\/sezona.lv\/en\/wp-json\/wp\/v2\/product"}],"about":[{"href":"https:\/\/sezona.lv\/en\/wp-json\/wp\/v2\/types\/product"}],"wp:attachment":[{"href":"https:\/\/sezona.lv\/en\/wp-json\/wp\/v2\/media?parent=76990"}],"wp:term":[{"taxonomy":"product_brand","embeddable":true,"href":"https:\/\/sezona.lv\/en\/wp-json\/wp\/v2\/product_brand?post=76990"},{"taxonomy":"product_cat","embeddable":true,"href":"https:\/\/sezona.lv\/en\/wp-json\/wp\/v2\/product_cat?post=76990"},{"taxonomy":"product_tag","embeddable":true,"href":"https:\/\/sezona.lv\/en\/wp-json\/wp\/v2\/product_tag?post=76990"}],"curies":[{"name":"wp","href":"https:\/\/api.w.org\/{rel}","templated":true}]}}