{"id":76992,"date":"2025-07-14T14:59:25","date_gmt":"2025-07-14T11:59:25","guid":{"rendered":"https:\/\/demo8.ecube.lv\/sezona.lv\/products\/karabine-petzl-vulcan-screw-lock-melna\/"},"modified":"2025-07-14T14:59:25","modified_gmt":"2025-07-14T11:59:25","slug":"karabine-petzl-vulcan-screw-lock-melna","status":"publish","type":"product","link":"https:\/\/sezona.lv\/en\/products\/karabine-petzl-vulcan-screw-lock-melna\/","title":{"rendered":"Karab\u012bne Petzl Vulcan Screw Lock melna"},"content":{"rendered":"<p><span>Augstas iztur\u012bbas asimetriskas formas skr\u016bv\u0113jamas aizdares karab\u012bne. Karab\u012bne izgatavota no augstas kvalit\u0101tes un iztur\u012bbas t\u0113rauda. Lielais muftas atv\u0113rums nodro&scaron;ina iesp\u0113ju pievienot vair\u0101kus elementus. Piem\u0113rota smagiem darba apst\u0101k\u013ciem, darbam ar smag\u0101m krav\u0101m. Uz karab\u012bnes aizdares meh\u0101nisma sarkans indikators, kas br\u012bdina par karab\u012bnes neaizv\u0113rtu st\u0101vokli.<\/span><\/p>\n<p>&nbsp;<\/p>\n<ul class=\"item_traits\">\n<li class=\"odd\"><label>Aizdares meh\u0101nisms:<\/label><span>SCREW-LOCK<\/span><\/li>\n<li><label>Iztur\u012bba:<\/label><span>40\/16\/11 kN<\/span><\/li>\n<li class=\"odd\"><label>Muftas atvere:<\/label><span>31 mm<\/span><\/li>\n<li><label>Tips:<\/label><span>Asimetriska<\/span><\/li>\n<li class=\"odd\"><label>Svars:<\/label><span>270 g<\/span><\/li>\n<\/ul>\n","protected":false},"excerpt":{"rendered":"<p>Augstas iztur\u012bbas asimetriskas formas skr\u016bv\u0113jamas aizdares karab\u012bne. Karab\u012bne izgatavota no augstas kvalit\u0101tes un iztur\u012bbas t\u0113rauda. Lielais muftas atv\u0113rums nodro&scaron;ina iesp\u0113ju pievienot vair\u0101kus elementus. Piem\u0113rota smagiem darba apst\u0101k\u013ciem, darbam ar smag\u0101m krav\u0101m. Uz karab\u012bnes aizdares meh\u0101nisma sarkans indikators, kas br\u012bdina par karab\u012bnes neaizv\u0113rtu st\u0101vokli. &nbsp; Aizdares meh\u0101nisms:SCREW-LOCK Iztur\u012bba:40\/16\/11 kN Muftas atvere:31 mm Tips:Asimetriska Svars:270 g<\/p>\n","protected":false},"featured_media":0,"template":"","meta":[],"product_brand":[957],"product_cat":[4851,4875,4880],"product_tag":[],"class_list":{"0":"post-76992","1":"product","2":"type-product","3":"status-publish","5":"product_brand-petzl","6":"product_cat-mountaineering-equipment-recreation","7":"product_cat-for-work-at-height-mountaineering-equipment-recreation","8":"product_cat-carabiners-and-connectors-for-work-at-height-mountaineering-equipment-recreation","10":"first","11":"instock","12":"shipping-taxable","13":"purchasable","14":"product-type-simple"},"_links":{"self":[{"href":"https:\/\/sezona.lv\/en\/wp-json\/wp\/v2\/product\/76992","targetHints":{"allow":["GET"]}}],"collection":[{"href":"https:\/\/sezona.lv\/en\/wp-json\/wp\/v2\/product"}],"about":[{"href":"https:\/\/sezona.lv\/en\/wp-json\/wp\/v2\/types\/product"}],"wp:attachment":[{"href":"https:\/\/sezona.lv\/en\/wp-json\/wp\/v2\/media?parent=76992"}],"wp:term":[{"taxonomy":"product_brand","embeddable":true,"href":"https:\/\/sezona.lv\/en\/wp-json\/wp\/v2\/product_brand?post=76992"},{"taxonomy":"product_cat","embeddable":true,"href":"https:\/\/sezona.lv\/en\/wp-json\/wp\/v2\/product_cat?post=76992"},{"taxonomy":"product_tag","embeddable":true,"href":"https:\/\/sezona.lv\/en\/wp-json\/wp\/v2\/product_tag?post=76992"}],"curies":[{"name":"wp","href":"https:\/\/api.w.org\/{rel}","templated":true}]}}