{"id":76993,"date":"2025-07-14T14:59:25","date_gmt":"2025-07-14T11:59:25","guid":{"rendered":"https:\/\/demo8.ecube.lv\/sezona.lv\/products\/karabine-edelrid-twister-triple\/"},"modified":"2025-07-14T14:59:25","modified_gmt":"2025-07-14T11:59:25","slug":"karabine-edelrid-twister-triple","status":"publish","type":"product","link":"https:\/\/sezona.lv\/en\/products\/karabine-edelrid-twister-triple\/","title":{"rendered":"Karab\u012bne Edelrid Twister Triple"},"content":{"rendered":"<p><span>Karab\u012bne ar &scaron;arn\u012brsavienojumu (groz\u0101mu\/kust\u012bgu apak&scaron;\u0113jo da\u013cu), kas izgatavota no kalta alum\u012bnija materi\u0101la. T\u0101 ir iztur\u012bga un sal\u012bdzino&scaron;i viegla. Pateicoties kust\u012bgajai apak&scaron;\u0113jai da\u013cai (&scaron;arn\u012brsavienojumam) un Keylock, t\u0101 perfekti piem\u0113rota IAL (Individu\u0101l\u0101s aizsardz\u012bbas l\u012bdzek\u013ci) sist\u0113m\u0101s. Izm\u0113ri: 179 x 69 mm<\/span><\/p>\n<p>&nbsp;<\/p>\n<ul class=\"item_traits\">\n<li class=\"odd\"><label>Iztur\u012bba:<\/label><span>25 kN<\/span><\/li>\n<li><label>Muftas atvere:<\/label><span>16 mm<\/span><\/li>\n<li class=\"odd\"><label>Tips:<\/label><span>Asimetriska<\/span><\/li>\n<li><label>Svars:<\/label><span>150 g<\/span><\/li>\n<\/ul>\n","protected":false},"excerpt":{"rendered":"<p>Karab\u012bne ar &scaron;arn\u012brsavienojumu (groz\u0101mu\/kust\u012bgu apak&scaron;\u0113jo da\u013cu), kas izgatavota no kalta alum\u012bnija materi\u0101la. T\u0101 ir iztur\u012bga un sal\u012bdzino&scaron;i viegla. Pateicoties kust\u012bgajai apak&scaron;\u0113jai da\u013cai (&scaron;arn\u012brsavienojumam) un Keylock, t\u0101 perfekti piem\u0113rota IAL (Individu\u0101l\u0101s aizsardz\u012bbas l\u012bdzek\u013ci) sist\u0113m\u0101s. Izm\u0113ri: 179 x 69 mm &nbsp; Iztur\u012bba:25 kN Muftas atvere:16 mm Tips:Asimetriska Svars:150 g<\/p>\n","protected":false},"featured_media":0,"template":"","meta":[],"product_brand":[3348],"product_cat":[4851,4875,4880],"product_tag":[],"class_list":{"0":"post-76993","1":"product","2":"type-product","3":"status-publish","5":"product_brand-edelrid","6":"product_cat-mountaineering-equipment-recreation","7":"product_cat-for-work-at-height-mountaineering-equipment-recreation","8":"product_cat-carabiners-and-connectors-for-work-at-height-mountaineering-equipment-recreation","10":"first","11":"instock","12":"shipping-taxable","13":"purchasable","14":"product-type-simple"},"_links":{"self":[{"href":"https:\/\/sezona.lv\/en\/wp-json\/wp\/v2\/product\/76993","targetHints":{"allow":["GET"]}}],"collection":[{"href":"https:\/\/sezona.lv\/en\/wp-json\/wp\/v2\/product"}],"about":[{"href":"https:\/\/sezona.lv\/en\/wp-json\/wp\/v2\/types\/product"}],"wp:attachment":[{"href":"https:\/\/sezona.lv\/en\/wp-json\/wp\/v2\/media?parent=76993"}],"wp:term":[{"taxonomy":"product_brand","embeddable":true,"href":"https:\/\/sezona.lv\/en\/wp-json\/wp\/v2\/product_brand?post=76993"},{"taxonomy":"product_cat","embeddable":true,"href":"https:\/\/sezona.lv\/en\/wp-json\/wp\/v2\/product_cat?post=76993"},{"taxonomy":"product_tag","embeddable":true,"href":"https:\/\/sezona.lv\/en\/wp-json\/wp\/v2\/product_tag?post=76993"}],"curies":[{"name":"wp","href":"https:\/\/api.w.org\/{rel}","templated":true}]}}