{"id":76994,"date":"2025-07-14T14:59:26","date_gmt":"2025-07-14T11:59:26","guid":{"rendered":"https:\/\/demo8.ecube.lv\/sezona.lv\/products\/karabine-singing-rock-twister-hook-screw-gate\/"},"modified":"2025-07-14T14:59:26","modified_gmt":"2025-07-14T11:59:26","slug":"karabine-singing-rock-twister-hook-screw-gate","status":"publish","type":"product","link":"https:\/\/sezona.lv\/en\/products\/karabine-singing-rock-twister-hook-screw-gate\/","title":{"rendered":"Karab\u012bne Singing Rock Twister Hook Screw Gate"},"content":{"rendered":"<p><span>Karab\u012bne ar Screw Gate aizdares meh\u0101nismu, rot\u0113jo&scaron;u cilpu apak&scaron;da\u013c\u0101 un p\u0101rslodzes indikatoru (250 &#8211; 300 kg), kas piem\u0113rota darbiem augstum\u0101 un gl\u0101b&scaron;anas darbiem. T\u0101 tiek ievietota starp kravu un virvi\/trosi, lai nov\u0113rstu virves\/troses sav\u0113rp&scaron;anos, kravai grie\u017eoties.<\/span><br \/><span>Sertifik\u0101cija: EN 362, CE 639.<\/span><\/p>\n<p>&nbsp;<\/p>\n<ul class=\"item_traits\">\n<li class=\"odd\"><label>Aizdares meh\u0101nisms:<\/label><span>SCREW-LOCK<\/span><\/li>\n<li><label>Iztur\u012bba:<\/label><span>45\/30 kN<\/span><\/li>\n<li class=\"odd\"><label>Muftas atvere:<\/label><span>22 mm<\/span><\/li>\n<li><label>Svars:<\/label><span>350 g<\/span><\/li>\n<\/ul>\n","protected":false},"excerpt":{"rendered":"<p>Karab\u012bne ar Screw Gate aizdares meh\u0101nismu, rot\u0113jo&scaron;u cilpu apak&scaron;da\u013c\u0101 un p\u0101rslodzes indikatoru (250 &#8211; 300 kg), kas piem\u0113rota darbiem augstum\u0101 un gl\u0101b&scaron;anas darbiem. T\u0101 tiek ievietota starp kravu un virvi\/trosi, lai nov\u0113rstu virves\/troses sav\u0113rp&scaron;anos, kravai grie\u017eoties.Sertifik\u0101cija: EN 362, CE 639. &nbsp; Aizdares meh\u0101nisms:SCREW-LOCK Iztur\u012bba:45\/30 kN Muftas atvere:22 mm Svars:350 g<\/p>\n","protected":false},"featured_media":0,"template":"","meta":[],"product_brand":[3350],"product_cat":[4851,4875,4880],"product_tag":[],"class_list":{"0":"post-76994","1":"product","2":"type-product","3":"status-publish","5":"product_brand-singing-rock","6":"product_cat-mountaineering-equipment-recreation","7":"product_cat-for-work-at-height-mountaineering-equipment-recreation","8":"product_cat-carabiners-and-connectors-for-work-at-height-mountaineering-equipment-recreation","10":"first","11":"instock","12":"shipping-taxable","13":"purchasable","14":"product-type-simple"},"_links":{"self":[{"href":"https:\/\/sezona.lv\/en\/wp-json\/wp\/v2\/product\/76994","targetHints":{"allow":["GET"]}}],"collection":[{"href":"https:\/\/sezona.lv\/en\/wp-json\/wp\/v2\/product"}],"about":[{"href":"https:\/\/sezona.lv\/en\/wp-json\/wp\/v2\/types\/product"}],"wp:attachment":[{"href":"https:\/\/sezona.lv\/en\/wp-json\/wp\/v2\/media?parent=76994"}],"wp:term":[{"taxonomy":"product_brand","embeddable":true,"href":"https:\/\/sezona.lv\/en\/wp-json\/wp\/v2\/product_brand?post=76994"},{"taxonomy":"product_cat","embeddable":true,"href":"https:\/\/sezona.lv\/en\/wp-json\/wp\/v2\/product_cat?post=76994"},{"taxonomy":"product_tag","embeddable":true,"href":"https:\/\/sezona.lv\/en\/wp-json\/wp\/v2\/product_tag?post=76994"}],"curies":[{"name":"wp","href":"https:\/\/api.w.org\/{rel}","templated":true}]}}