{"id":76997,"date":"2025-07-14T14:59:28","date_gmt":"2025-07-14T11:59:28","guid":{"rendered":"https:\/\/demo8.ecube.lv\/sezona.lv\/products\/nolaisanas-ierice-petzl-huit-antibruluare\/"},"modified":"2025-07-14T14:59:28","modified_gmt":"2025-07-14T11:59:28","slug":"nolaisanas-ierice-petzl-huit-antibruluare","status":"publish","type":"product","link":"https:\/\/sezona.lv\/en\/products\/nolaisanas-ierice-petzl-huit-antibruluare\/","title":{"rendered":"Nolai\u0161an\u0101s ier\u012bce Petzl Huit Antibruluare"},"content":{"rendered":"<p><span>Astotnieka formas nolai&scaron;an\u0101s ier\u012bce ar pret-uzkar&scaron;anas izcilni. Piem\u0113rota darbam augstum\u0101 un gl\u0101b&scaron;anas darbiem. Izgatavota no viegla, augstas iztur\u012bbas anodiz\u0113ta alum\u012bnija. Ier\u012bces kantain\u0101s formas aug&scaron;da\u013ca samazina virves v\u0113rp&scaron;anos un mezglu veido&scaron;anos. T\u0101 ir kompakta un viegla. Piem\u0113rota lieto&scaron;anai ar 8 l\u012bdz 13 mm diametra virv\u0113m.<\/span><\/p>\n<p>&nbsp;<\/p>\n<ul class=\"item_traits\">\n<li class=\"odd\"><label>Dubult\u0101s virves:<\/label><span>8 &#8211; 11 mm<\/span><\/li>\n<li><label>Pamatvirve:<\/label><span>9 &#8211; 13 mm<\/span><\/li>\n<li class=\"odd\"><label>Svars:<\/label><span>110 g<\/span><\/li>\n<\/ul>\n","protected":false},"excerpt":{"rendered":"<p>Astotnieka formas nolai&scaron;an\u0101s ier\u012bce ar pret-uzkar&scaron;anas izcilni. Piem\u0113rota darbam augstum\u0101 un gl\u0101b&scaron;anas darbiem. Izgatavota no viegla, augstas iztur\u012bbas anodiz\u0113ta alum\u012bnija. Ier\u012bces kantain\u0101s formas aug&scaron;da\u013ca samazina virves v\u0113rp&scaron;anos un mezglu veido&scaron;anos. T\u0101 ir kompakta un viegla. Piem\u0113rota lieto&scaron;anai ar 8 l\u012bdz 13 mm diametra virv\u0113m. &nbsp; Dubult\u0101s virves:8 &#8211; 11 mm Pamatvirve:9 &#8211; 13 mm Svars:110 [&hellip;]<\/p>\n","protected":false},"featured_media":0,"template":"","meta":[],"product_brand":[957],"product_cat":[4851,4875,4877],"product_tag":[],"class_list":{"0":"post-76997","1":"product","2":"type-product","3":"status-publish","5":"product_brand-petzl","6":"product_cat-mountaineering-equipment-recreation","7":"product_cat-for-work-at-height-mountaineering-equipment-recreation","8":"product_cat-safety-and-descent-devices-en-dupcheck-461-for-work-at-height-mountaineering-equipment-recreation","10":"first","11":"instock","12":"shipping-taxable","13":"purchasable","14":"product-type-simple"},"_links":{"self":[{"href":"https:\/\/sezona.lv\/en\/wp-json\/wp\/v2\/product\/76997","targetHints":{"allow":["GET"]}}],"collection":[{"href":"https:\/\/sezona.lv\/en\/wp-json\/wp\/v2\/product"}],"about":[{"href":"https:\/\/sezona.lv\/en\/wp-json\/wp\/v2\/types\/product"}],"wp:attachment":[{"href":"https:\/\/sezona.lv\/en\/wp-json\/wp\/v2\/media?parent=76997"}],"wp:term":[{"taxonomy":"product_brand","embeddable":true,"href":"https:\/\/sezona.lv\/en\/wp-json\/wp\/v2\/product_brand?post=76997"},{"taxonomy":"product_cat","embeddable":true,"href":"https:\/\/sezona.lv\/en\/wp-json\/wp\/v2\/product_cat?post=76997"},{"taxonomy":"product_tag","embeddable":true,"href":"https:\/\/sezona.lv\/en\/wp-json\/wp\/v2\/product_tag?post=76997"}],"curies":[{"name":"wp","href":"https:\/\/api.w.org\/{rel}","templated":true}]}}