{"id":76998,"date":"2025-07-14T14:59:29","date_gmt":"2025-07-14T11:59:29","guid":{"rendered":"https:\/\/demo8.ecube.lv\/sezona.lv\/products\/nolaisanas-plaksne-edelrid-rescue-8\/"},"modified":"2025-07-14T14:59:29","modified_gmt":"2025-07-14T11:59:29","slug":"nolaisanas-plaksne-edelrid-rescue-8","status":"publish","type":"product","link":"https:\/\/sezona.lv\/en\/products\/nolaisanas-plaksne-edelrid-rescue-8\/","title":{"rendered":"Nolai\u0161an\u0101s pl\u0101ksne Edelrid Rescue 8"},"content":{"rendered":"<p><span>Nolai&scaron;an\u0101s pl\u0101ksne, kas apr\u012bkota ar cilp\u0101m dro&scaron;in\u0101&scaron;anas, nolai&scaron;an\u0101s un pozicion\u0113&scaron;an\u0101s procesam. Piem\u0113rota lieto&scaron;anai ar 9 l\u012bdz 16 mm diametra virv\u0113m. Izgatavots no alum\u012bnija. Iztur\u012bba: 40 kN. Izm\u0113ri: 172 x 172 x 11 mm.<\/span><\/p>\n<p>&nbsp;<\/p>\n<ul class=\"item_traits\">\n<li class=\"odd\"><label>Svars:<\/label><span>240 g<\/span><\/li>\n<\/ul>\n","protected":false},"excerpt":{"rendered":"<p>Nolai&scaron;an\u0101s pl\u0101ksne, kas apr\u012bkota ar cilp\u0101m dro&scaron;in\u0101&scaron;anas, nolai&scaron;an\u0101s un pozicion\u0113&scaron;an\u0101s procesam. Piem\u0113rota lieto&scaron;anai ar 9 l\u012bdz 16 mm diametra virv\u0113m. Izgatavots no alum\u012bnija. Iztur\u012bba: 40 kN. Izm\u0113ri: 172 x 172 x 11 mm. &nbsp; Svars:240 g<\/p>\n","protected":false},"featured_media":0,"template":"","meta":[],"product_brand":[3348],"product_cat":[4851,4875,4877],"product_tag":[],"class_list":{"0":"post-76998","1":"product","2":"type-product","3":"status-publish","5":"product_brand-edelrid","6":"product_cat-mountaineering-equipment-recreation","7":"product_cat-for-work-at-height-mountaineering-equipment-recreation","8":"product_cat-safety-and-descent-devices-en-dupcheck-461-for-work-at-height-mountaineering-equipment-recreation","10":"first","11":"instock","12":"shipping-taxable","13":"purchasable","14":"product-type-simple"},"_links":{"self":[{"href":"https:\/\/sezona.lv\/en\/wp-json\/wp\/v2\/product\/76998","targetHints":{"allow":["GET"]}}],"collection":[{"href":"https:\/\/sezona.lv\/en\/wp-json\/wp\/v2\/product"}],"about":[{"href":"https:\/\/sezona.lv\/en\/wp-json\/wp\/v2\/types\/product"}],"wp:attachment":[{"href":"https:\/\/sezona.lv\/en\/wp-json\/wp\/v2\/media?parent=76998"}],"wp:term":[{"taxonomy":"product_brand","embeddable":true,"href":"https:\/\/sezona.lv\/en\/wp-json\/wp\/v2\/product_brand?post=76998"},{"taxonomy":"product_cat","embeddable":true,"href":"https:\/\/sezona.lv\/en\/wp-json\/wp\/v2\/product_cat?post=76998"},{"taxonomy":"product_tag","embeddable":true,"href":"https:\/\/sezona.lv\/en\/wp-json\/wp\/v2\/product_tag?post=76998"}],"curies":[{"name":"wp","href":"https:\/\/api.w.org\/{rel}","templated":true}]}}