{"id":76999,"date":"2025-07-14T14:59:30","date_gmt":"2025-07-14T11:59:30","guid":{"rendered":"https:\/\/demo8.ecube.lv\/sezona.lv\/products\/nolaisanas-plaksne-singing-rock-rescue-figure-8\/"},"modified":"2025-07-14T14:59:30","modified_gmt":"2025-07-14T11:59:30","slug":"nolaisanas-plaksne-singing-rock-rescue-figure-8","status":"publish","type":"product","link":"https:\/\/sezona.lv\/en\/products\/nolaisanas-plaksne-singing-rock-rescue-figure-8\/","title":{"rendered":"Nolai\u0161an\u0101s pl\u0101ksne Singing Rock Rescue Figure 8"},"content":{"rendered":"<p><span>Ner\u016bs\u0113jo&scaron;a t\u0113rauda nolai&scaron;an\u0101s pl\u0101ksne, kas \u012bpa&scaron;i piem\u0113rota lieto&scaron;anai gl\u0101b&scaron;anas situ\u0101cij\u0101s un pie \u0101tras nolai&scaron;an\u0101s. Lietojama ar da\u017e\u0101da diametra virv\u0113m. Materi\u0101ls: Ner\u016bs\u0113jo&scaron;ais t\u0113rauds; Iztur\u012bba: 40 kN.<\/span><\/p>\n<p>&nbsp;<\/p>\n<ul class=\"item_traits\">\n<li class=\"odd\"><label>Svars:<\/label><span>150 g<\/span><\/li>\n<\/ul>\n","protected":false},"excerpt":{"rendered":"<p>Ner\u016bs\u0113jo&scaron;a t\u0113rauda nolai&scaron;an\u0101s pl\u0101ksne, kas \u012bpa&scaron;i piem\u0113rota lieto&scaron;anai gl\u0101b&scaron;anas situ\u0101cij\u0101s un pie \u0101tras nolai&scaron;an\u0101s. Lietojama ar da\u017e\u0101da diametra virv\u0113m. Materi\u0101ls: Ner\u016bs\u0113jo&scaron;ais t\u0113rauds; Iztur\u012bba: 40 kN. &nbsp; Svars:150 g<\/p>\n","protected":false},"featured_media":0,"template":"","meta":[],"product_brand":[3350],"product_cat":[4851,4875,4877],"product_tag":[],"class_list":{"0":"post-76999","1":"product","2":"type-product","3":"status-publish","5":"product_brand-singing-rock","6":"product_cat-mountaineering-equipment-recreation","7":"product_cat-for-work-at-height-mountaineering-equipment-recreation","8":"product_cat-safety-and-descent-devices-en-dupcheck-461-for-work-at-height-mountaineering-equipment-recreation","10":"first","11":"instock","12":"shipping-taxable","13":"purchasable","14":"product-type-simple"},"_links":{"self":[{"href":"https:\/\/sezona.lv\/en\/wp-json\/wp\/v2\/product\/76999","targetHints":{"allow":["GET"]}}],"collection":[{"href":"https:\/\/sezona.lv\/en\/wp-json\/wp\/v2\/product"}],"about":[{"href":"https:\/\/sezona.lv\/en\/wp-json\/wp\/v2\/types\/product"}],"wp:attachment":[{"href":"https:\/\/sezona.lv\/en\/wp-json\/wp\/v2\/media?parent=76999"}],"wp:term":[{"taxonomy":"product_brand","embeddable":true,"href":"https:\/\/sezona.lv\/en\/wp-json\/wp\/v2\/product_brand?post=76999"},{"taxonomy":"product_cat","embeddable":true,"href":"https:\/\/sezona.lv\/en\/wp-json\/wp\/v2\/product_cat?post=76999"},{"taxonomy":"product_tag","embeddable":true,"href":"https:\/\/sezona.lv\/en\/wp-json\/wp\/v2\/product_tag?post=76999"}],"curies":[{"name":"wp","href":"https:\/\/api.w.org\/{rel}","templated":true}]}}