{"id":77000,"date":"2025-07-14T14:59:31","date_gmt":"2025-07-14T11:59:31","guid":{"rendered":"https:\/\/demo8.ecube.lv\/sezona.lv\/products\/nolaisanas-ierice-petzl-rack\/"},"modified":"2025-07-14T14:59:31","modified_gmt":"2025-07-14T11:59:31","slug":"nolaisanas-ierice-petzl-rack","status":"publish","type":"product","link":"https:\/\/sezona.lv\/en\/products\/nolaisanas-ierice-petzl-rack\/","title":{"rendered":"Nolai\u0161an\u0101s ier\u012bce Petzl Rack"},"content":{"rendered":"<p><span>Regul\u0113jama nolai&scaron;an\u0101s ier\u012bce, kas paredz\u0113ta darbam augstum\u0101 un gl\u0101b&scaron;anai. Iesp\u0113jams regul\u0113t berzi nolai&scaron;an\u0101s proces\u0101. Ier\u012bce nodro&scaron;ina maksim\u0101lu atdzi&scaron;anu nolai&scaron;an\u0101s procesa laik\u0101.<\/span><\/p>\n<p>&nbsp;<\/p>\n<ul class=\"item_traits\">\n<li class=\"odd\"><label>Dubult\u0101s virves:<\/label><span>8 &#8211; 12 mm<\/span><\/li>\n<li><label>Pamatvirve:<\/label><span>9 &#8211; 13 mm<\/span><\/li>\n<li class=\"odd\"><label>Svars:<\/label><span>470 g<\/span><\/li>\n<\/ul>\n","protected":false},"excerpt":{"rendered":"<p>Regul\u0113jama nolai&scaron;an\u0101s ier\u012bce, kas paredz\u0113ta darbam augstum\u0101 un gl\u0101b&scaron;anai. Iesp\u0113jams regul\u0113t berzi nolai&scaron;an\u0101s proces\u0101. Ier\u012bce nodro&scaron;ina maksim\u0101lu atdzi&scaron;anu nolai&scaron;an\u0101s procesa laik\u0101. &nbsp; Dubult\u0101s virves:8 &#8211; 12 mm Pamatvirve:9 &#8211; 13 mm Svars:470 g<\/p>\n","protected":false},"featured_media":0,"template":"","meta":[],"product_brand":[957],"product_cat":[4851,4875,4877],"product_tag":[],"class_list":{"0":"post-77000","1":"product","2":"type-product","3":"status-publish","5":"product_brand-petzl","6":"product_cat-mountaineering-equipment-recreation","7":"product_cat-for-work-at-height-mountaineering-equipment-recreation","8":"product_cat-safety-and-descent-devices-en-dupcheck-461-for-work-at-height-mountaineering-equipment-recreation","10":"first","11":"instock","12":"shipping-taxable","13":"purchasable","14":"product-type-simple"},"_links":{"self":[{"href":"https:\/\/sezona.lv\/en\/wp-json\/wp\/v2\/product\/77000","targetHints":{"allow":["GET"]}}],"collection":[{"href":"https:\/\/sezona.lv\/en\/wp-json\/wp\/v2\/product"}],"about":[{"href":"https:\/\/sezona.lv\/en\/wp-json\/wp\/v2\/types\/product"}],"wp:attachment":[{"href":"https:\/\/sezona.lv\/en\/wp-json\/wp\/v2\/media?parent=77000"}],"wp:term":[{"taxonomy":"product_brand","embeddable":true,"href":"https:\/\/sezona.lv\/en\/wp-json\/wp\/v2\/product_brand?post=77000"},{"taxonomy":"product_cat","embeddable":true,"href":"https:\/\/sezona.lv\/en\/wp-json\/wp\/v2\/product_cat?post=77000"},{"taxonomy":"product_tag","embeddable":true,"href":"https:\/\/sezona.lv\/en\/wp-json\/wp\/v2\/product_tag?post=77000"}],"curies":[{"name":"wp","href":"https:\/\/api.w.org\/{rel}","templated":true}]}}