{"id":77001,"date":"2025-07-14T14:59:31","date_gmt":"2025-07-14T11:59:31","guid":{"rendered":"https:\/\/demo8.ecube.lv\/sezona.lv\/products\/nolaisanas-ierice-petzl-stop\/"},"modified":"2025-07-14T14:59:31","modified_gmt":"2025-07-14T11:59:31","slug":"nolaisanas-ierice-petzl-stop","status":"publish","type":"product","link":"https:\/\/sezona.lv\/en\/products\/nolaisanas-ierice-petzl-stop\/","title":{"rendered":"Nolai\u0161an\u0101s ier\u012bce Petzl Stop"},"content":{"rendered":"<p><span>Pa&scaron;blo\u0137\u0113jo&scaron;a nolai&scaron;an\u0101s ier\u012bce pamatvirv\u0113m. Piem\u0113rota speleolo\u0123ijai, k\u0101 ar\u012b gl\u0101b&scaron;anas darbiem. Viena no popul\u0101r\u0101kaj\u0101m speleologu nolai&scaron;an\u0101s ier\u012bc\u0113m pasaul\u0113. Ier\u012bcei piem\u012bt augsta iztur\u012bba. Pa&scaron;blo\u0137\u0113jo&scaron;\u0101 funkcija \u013cauj viegli aptur\u0113t un saglab\u0101t poz\u012bciju uz virves. Ier\u012bci iesp\u0113jams \u0113rti uzst\u0101d\u012bt un no\u0146emt, neatvienojot to no sist\u0113mas.<\/span><\/p>\n<p>&nbsp;<\/p>\n<ul class=\"item_traits\">\n<li class=\"odd\"><label>Pamatvirve:<\/label><span>9 &#8211; 12 mm<\/span><\/li>\n<li><label>Svars:<\/label><span>330 g<\/span><\/li>\n<\/ul>\n","protected":false},"excerpt":{"rendered":"<p>Pa&scaron;blo\u0137\u0113jo&scaron;a nolai&scaron;an\u0101s ier\u012bce pamatvirv\u0113m. Piem\u0113rota speleolo\u0123ijai, k\u0101 ar\u012b gl\u0101b&scaron;anas darbiem. Viena no popul\u0101r\u0101kaj\u0101m speleologu nolai&scaron;an\u0101s ier\u012bc\u0113m pasaul\u0113. Ier\u012bcei piem\u012bt augsta iztur\u012bba. Pa&scaron;blo\u0137\u0113jo&scaron;\u0101 funkcija \u013cauj viegli aptur\u0113t un saglab\u0101t poz\u012bciju uz virves. Ier\u012bci iesp\u0113jams \u0113rti uzst\u0101d\u012bt un no\u0146emt, neatvienojot to no sist\u0113mas. &nbsp; Pamatvirve:9 &#8211; 12 mm Svars:330 g<\/p>\n","protected":false},"featured_media":0,"template":"","meta":[],"product_brand":[957],"product_cat":[4851,4875,4877],"product_tag":[],"class_list":{"0":"post-77001","1":"product","2":"type-product","3":"status-publish","5":"product_brand-petzl","6":"product_cat-mountaineering-equipment-recreation","7":"product_cat-for-work-at-height-mountaineering-equipment-recreation","8":"product_cat-safety-and-descent-devices-en-dupcheck-461-for-work-at-height-mountaineering-equipment-recreation","10":"first","11":"instock","12":"shipping-taxable","13":"purchasable","14":"product-type-simple"},"_links":{"self":[{"href":"https:\/\/sezona.lv\/en\/wp-json\/wp\/v2\/product\/77001","targetHints":{"allow":["GET"]}}],"collection":[{"href":"https:\/\/sezona.lv\/en\/wp-json\/wp\/v2\/product"}],"about":[{"href":"https:\/\/sezona.lv\/en\/wp-json\/wp\/v2\/types\/product"}],"wp:attachment":[{"href":"https:\/\/sezona.lv\/en\/wp-json\/wp\/v2\/media?parent=77001"}],"wp:term":[{"taxonomy":"product_brand","embeddable":true,"href":"https:\/\/sezona.lv\/en\/wp-json\/wp\/v2\/product_brand?post=77001"},{"taxonomy":"product_cat","embeddable":true,"href":"https:\/\/sezona.lv\/en\/wp-json\/wp\/v2\/product_cat?post=77001"},{"taxonomy":"product_tag","embeddable":true,"href":"https:\/\/sezona.lv\/en\/wp-json\/wp\/v2\/product_tag?post=77001"}],"curies":[{"name":"wp","href":"https:\/\/api.w.org\/{rel}","templated":true}]}}