{"id":77002,"date":"2025-07-14T14:59:32","date_gmt":"2025-07-14T11:59:32","guid":{"rendered":"https:\/\/demo8.ecube.lv\/sezona.lv\/products\/cilpa-petzl-asap-sorber-l71aa-20cm\/"},"modified":"2025-07-14T14:59:32","modified_gmt":"2025-07-14T11:59:32","slug":"cilpa-petzl-asap-sorber-l71aa-20cm","status":"publish","type":"product","link":"https:\/\/sezona.lv\/en\/products\/cilpa-petzl-asap-sorber-l71aa-20cm\/","title":{"rendered":"Cilpa Petzl Asap&#8217;sorber L71AA 20cm"},"content":{"rendered":"<p><span>&Scaron;trope ar ener\u0123ijas absorberi, kas piem\u0113rota lieto&scaron;anai ar Asap vai Asap Lock pretkritiena blo\u0137\u0113t\u0101jiem. Asap&#8217;sorber &scaron;trope pievienojama Asap vai Asap Lock mobilajam kritiena blo\u0137\u0113t\u0101jam, t\u0101d\u0113j\u0101di \u013caujot lietot\u0101jam veikt darbu ar distanci no virves, lai pasarg\u0101tu to noteikt\u0101s darba f\u0101z\u0113s (pasarg\u0101tu virvi no asiem instrumentiem, kaus\u0113ta met\u0101la &scaron;\u013cakat\u0101m). Apr\u012bkota ar ener\u0123ijas absorberi, kas ievietots auduma maci\u0146\u0101 ar r\u0101v\u0113jsl\u0113dz\u0113ja aizdari, lai pasarg\u0101tu to no abraz\u012bviem boj\u0101jumiem, vienlaic\u012bgi pie\u013caujot regul\u0101ru t\u0101 p\u0101rbaudi.<\/span><br \/><span>Pievienot Asap vai Asap Lock mobilo kritiena blo\u0137\u0113t\u0101ju pie sist\u0113mas (iekares). Gali apr\u012bkoti ar String, lai notur\u0113tu karab\u012bnes poz\u012bcij\u0101 un pasarg\u0101tu tekstilmateri\u0101lu no abraz\u012bviem boj\u0101jumiem. Materi\u0101ls: neilons, poliesteris. Sertifik\u0101cija: CE EN 355.<\/span><\/p>\n<p>&nbsp;<\/p>\n<ul id=\"traits_39919\" class=\"item_traits\">\n<li class=\"odd\"><label>Izm\u0113rs:<\/label><span>20 cm<\/span><\/li>\n<li><label>Garums:<\/label><span>20 cm<\/span><\/li>\n<li class=\"odd\"><label>Svars:<\/label><span>80 g<\/span><\/li>\n<\/ul>\n","protected":false},"excerpt":{"rendered":"<p>&Scaron;trope ar ener\u0123ijas absorberi, kas piem\u0113rota lieto&scaron;anai ar Asap vai Asap Lock pretkritiena blo\u0137\u0113t\u0101jiem. Asap&#8217;sorber &scaron;trope pievienojama Asap vai Asap Lock mobilajam kritiena blo\u0137\u0113t\u0101jam, t\u0101d\u0113j\u0101di \u013caujot lietot\u0101jam veikt darbu ar distanci no virves, lai pasarg\u0101tu to noteikt\u0101s darba f\u0101z\u0113s (pasarg\u0101tu virvi no asiem instrumentiem, kaus\u0113ta met\u0101la &scaron;\u013cakat\u0101m). Apr\u012bkota ar ener\u0123ijas absorberi, kas ievietots auduma maci\u0146\u0101 [&hellip;]<\/p>\n","protected":false},"featured_media":0,"template":"","meta":[],"product_brand":[957],"product_cat":[4640,4851,4875,4884],"product_tag":[],"class_list":{"0":"post-77002","1":"product","2":"type-product","3":"status-publish","5":"product_brand-petzl","6":"product_cat-recreation","7":"product_cat-mountaineering-equipment-recreation","8":"product_cat-for-work-at-height-mountaineering-equipment-recreation","9":"product_cat-fall-arrest-device-for-work-at-height-mountaineering-equipment-recreation","11":"first","12":"instock","13":"shipping-taxable","14":"purchasable","15":"product-type-simple"},"_links":{"self":[{"href":"https:\/\/sezona.lv\/en\/wp-json\/wp\/v2\/product\/77002","targetHints":{"allow":["GET"]}}],"collection":[{"href":"https:\/\/sezona.lv\/en\/wp-json\/wp\/v2\/product"}],"about":[{"href":"https:\/\/sezona.lv\/en\/wp-json\/wp\/v2\/types\/product"}],"wp:attachment":[{"href":"https:\/\/sezona.lv\/en\/wp-json\/wp\/v2\/media?parent=77002"}],"wp:term":[{"taxonomy":"product_brand","embeddable":true,"href":"https:\/\/sezona.lv\/en\/wp-json\/wp\/v2\/product_brand?post=77002"},{"taxonomy":"product_cat","embeddable":true,"href":"https:\/\/sezona.lv\/en\/wp-json\/wp\/v2\/product_cat?post=77002"},{"taxonomy":"product_tag","embeddable":true,"href":"https:\/\/sezona.lv\/en\/wp-json\/wp\/v2\/product_tag?post=77002"}],"curies":[{"name":"wp","href":"https:\/\/api.w.org\/{rel}","templated":true}]}}