{"id":77003,"date":"2025-07-14T14:59:33","date_gmt":"2025-07-14T11:59:33","guid":{"rendered":"https:\/\/demo8.ecube.lv\/sezona.lv\/products\/soma-petzl-toolbag-s\/"},"modified":"2025-07-14T14:59:33","modified_gmt":"2025-07-14T11:59:33","slug":"soma-petzl-toolbag-s","status":"publish","type":"product","link":"https:\/\/sezona.lv\/en\/products\/soma-petzl-toolbag-s\/","title":{"rendered":"Soma Petzl Toolbag S"},"content":{"rendered":"<p><span>Kompakta un \u0113rti lietojama ekip\u0113juma soma, kas \u013cauj \u0113rti organiz\u0113t nepiecie&scaron;amos instrumentus, veicot da\u017e\u0101dus darbus iekares st\u0101vokl\u012b. Piem\u0113rota maz\u0101ka izm\u0113ra instrumentiem, piem\u0113ram, m\u0113rlentei, z\u012bmulim, skr\u016bv\u0113m, uzgrie\u017e\u0146iem u.c. Savelkam\u0101s auklas aizdare \u013cauj &scaron;o somu \u0113rti un \u0101tri aizv\u0113rt transport\u0113&scaron;anas vai kust\u012bbu laik\u0101. T\u0101 ir viegli stiprin\u0101ma pie jebkuras no AVAO l\u012bnijas sist\u0113m\u0101m (iekar\u0113m).<\/span><\/p>\n<p>&nbsp;<\/p>\n<ul class=\"item_traits\">\n<li class=\"odd\"><label>Ietilp\u012bba:<\/label><span>S = 2.5 litri<\/span><\/li>\n<li><label>Svars:<\/label><span>170 g<\/span><\/li>\n<\/ul>\n","protected":false},"excerpt":{"rendered":"<p>Kompakta un \u0113rti lietojama ekip\u0113juma soma, kas \u013cauj \u0113rti organiz\u0113t nepiecie&scaron;amos instrumentus, veicot da\u017e\u0101dus darbus iekares st\u0101vokl\u012b. Piem\u0113rota maz\u0101ka izm\u0113ra instrumentiem, piem\u0113ram, m\u0113rlentei, z\u012bmulim, skr\u016bv\u0113m, uzgrie\u017e\u0146iem u.c. Savelkam\u0101s auklas aizdare \u013cauj &scaron;o somu \u0113rti un \u0101tri aizv\u0113rt transport\u0113&scaron;anas vai kust\u012bbu laik\u0101. T\u0101 ir viegli stiprin\u0101ma pie jebkuras no AVAO l\u012bnijas sist\u0113m\u0101m (iekar\u0113m). &nbsp; Ietilp\u012bba:S = [&hellip;]<\/p>\n","protected":false},"featured_media":0,"template":"","meta":[],"product_brand":[957],"product_cat":[4851,4875,4883],"product_tag":[],"class_list":{"0":"post-77003","1":"product","2":"type-product","3":"status-publish","5":"product_brand-petzl","6":"product_cat-mountaineering-equipment-recreation","7":"product_cat-for-work-at-height-mountaineering-equipment-recreation","8":"product_cat-equipment-bags-for-work-at-height-mountaineering-equipment-recreation","10":"first","11":"instock","12":"shipping-taxable","13":"purchasable","14":"product-type-simple"},"_links":{"self":[{"href":"https:\/\/sezona.lv\/en\/wp-json\/wp\/v2\/product\/77003","targetHints":{"allow":["GET"]}}],"collection":[{"href":"https:\/\/sezona.lv\/en\/wp-json\/wp\/v2\/product"}],"about":[{"href":"https:\/\/sezona.lv\/en\/wp-json\/wp\/v2\/types\/product"}],"wp:attachment":[{"href":"https:\/\/sezona.lv\/en\/wp-json\/wp\/v2\/media?parent=77003"}],"wp:term":[{"taxonomy":"product_brand","embeddable":true,"href":"https:\/\/sezona.lv\/en\/wp-json\/wp\/v2\/product_brand?post=77003"},{"taxonomy":"product_cat","embeddable":true,"href":"https:\/\/sezona.lv\/en\/wp-json\/wp\/v2\/product_cat?post=77003"},{"taxonomy":"product_tag","embeddable":true,"href":"https:\/\/sezona.lv\/en\/wp-json\/wp\/v2\/product_tag?post=77003"}],"curies":[{"name":"wp","href":"https:\/\/api.w.org\/{rel}","templated":true}]}}