{"id":77005,"date":"2025-07-14T14:59:35","date_gmt":"2025-07-14T11:59:35","guid":{"rendered":"https:\/\/demo8.ecube.lv\/sezona.lv\/products\/soma-virvem-tendon-rope-bag\/"},"modified":"2025-07-14T14:59:35","modified_gmt":"2025-07-14T11:59:35","slug":"soma-virvem-tendon-rope-bag","status":"publish","type":"product","link":"https:\/\/sezona.lv\/en\/products\/soma-virvem-tendon-rope-bag\/","title":{"rendered":"Soma virv\u0113m Tendon Rope Bag"},"content":{"rendered":"<p><span>Ietilp\u012bga soma virvju uzglab\u0101&scaron;anai un p\u0101rn\u0113s\u0101&scaron;anai.<\/span><br \/><span>Izgatavota no kvalitat\u012bviem materi\u0101liem. T\u0101 ir paredz\u0113ta da\u017e\u0101da garuma virv\u0113m.&nbsp;<\/span><br \/><span>Somu veido galvenais nodal\u012bjums un kabati\u0146a da\u017e\u0101diem s\u012bkumiem ar r\u0101v\u0113jsl\u0113dz\u0113ju. Soma ir apr\u012bkota ar plecu siksn\u0101m un ar\u012b ar cilp\u0101m invent\u0101ra piestiprin\u0101&scaron;anai.<\/span><\/p>\n<p>&nbsp;<\/p>\n<ul class=\"item_traits\">\n<li class=\"odd\"><label>Pielietojums:<\/label><span>soma virv\u0113m<\/span><\/li>\n<li><label>Kabatas:<\/label><span>galvenais nodal\u012bjums un kabati\u0146a da\u017e\u0101diem s\u012bkumiem<\/span><\/li>\n<li class=\"odd\"><label>Papildus:<\/label><span>galvenais nodal\u012bjums un kabati\u0146a da\u017e\u0101diem s\u012bkumiem<\/span><\/li>\n<li><label>Svars:<\/label><span>240 g<\/span><\/li>\n<\/ul>\n","protected":false},"excerpt":{"rendered":"<p>Ietilp\u012bga soma virvju uzglab\u0101&scaron;anai un p\u0101rn\u0113s\u0101&scaron;anai.Izgatavota no kvalitat\u012bviem materi\u0101liem. T\u0101 ir paredz\u0113ta da\u017e\u0101da garuma virv\u0113m.&nbsp;Somu veido galvenais nodal\u012bjums un kabati\u0146a da\u017e\u0101diem s\u012bkumiem ar r\u0101v\u0113jsl\u0113dz\u0113ju. Soma ir apr\u012bkota ar plecu siksn\u0101m un ar\u012b ar cilp\u0101m invent\u0101ra piestiprin\u0101&scaron;anai. &nbsp; Pielietojums:soma virv\u0113m Kabatas:galvenais nodal\u012bjums un kabati\u0146a da\u017e\u0101diem s\u012bkumiem Papildus:galvenais nodal\u012bjums un kabati\u0146a da\u017e\u0101diem s\u012bkumiem Svars:240 g<\/p>\n","protected":false},"featured_media":0,"template":"","meta":[],"product_brand":[3351],"product_cat":[4851,4885,4893],"product_tag":[],"class_list":{"0":"post-77005","1":"product","2":"type-product","3":"status-publish","5":"product_brand-tendon","6":"product_cat-mountaineering-equipment-recreation","7":"product_cat-ropes-mountaineering-equipment-recreation","8":"product_cat-rope-and-equipment-bags-ropes-mountaineering-equipment-recreation","10":"first","11":"instock","12":"shipping-taxable","13":"purchasable","14":"product-type-simple"},"_links":{"self":[{"href":"https:\/\/sezona.lv\/en\/wp-json\/wp\/v2\/product\/77005","targetHints":{"allow":["GET"]}}],"collection":[{"href":"https:\/\/sezona.lv\/en\/wp-json\/wp\/v2\/product"}],"about":[{"href":"https:\/\/sezona.lv\/en\/wp-json\/wp\/v2\/types\/product"}],"wp:attachment":[{"href":"https:\/\/sezona.lv\/en\/wp-json\/wp\/v2\/media?parent=77005"}],"wp:term":[{"taxonomy":"product_brand","embeddable":true,"href":"https:\/\/sezona.lv\/en\/wp-json\/wp\/v2\/product_brand?post=77005"},{"taxonomy":"product_cat","embeddable":true,"href":"https:\/\/sezona.lv\/en\/wp-json\/wp\/v2\/product_cat?post=77005"},{"taxonomy":"product_tag","embeddable":true,"href":"https:\/\/sezona.lv\/en\/wp-json\/wp\/v2\/product_tag?post=77005"}],"curies":[{"name":"wp","href":"https:\/\/api.w.org\/{rel}","templated":true}]}}