{"id":77006,"date":"2025-07-14T14:59:36","date_gmt":"2025-07-14T11:59:36","guid":{"rendered":"https:\/\/demo8.ecube.lv\/sezona.lv\/products\/virvju-soma-millet-rope-bag\/"},"modified":"2025-07-14T14:59:36","modified_gmt":"2025-07-14T11:59:36","slug":"virvju-soma-millet-rope-bag","status":"publish","type":"product","link":"https:\/\/sezona.lv\/en\/products\/virvju-soma-millet-rope-bag\/","title":{"rendered":"Virvju soma Millet Rope Bag"},"content":{"rendered":"<p><span>Funkcion\u0101la un \u0113rti lietojama soma k\u0101p&scaron;anas virv\u0113m, kas nodro&scaron;in\u0101s to aizsardz\u012bbu un ilgsto&scaron;u kalpo&scaron;anu: nov\u0113r&scaron; virvju sap\u012b&scaron;anos un &#8216;neparedz\u0113tu&#8217; nolietojumu, k\u0101 ar\u012b atvieglo transport\u0113&scaron;anu un glab\u0101&scaron;anu. Somai ir kompresijas siksnas un polster\u0113ta plecu lence.<\/span><\/p>\n<p>&nbsp;<\/p>\n<ul class=\"item_traits\">\n<li class=\"odd\"><label>Materi\u0101ls:<\/label><span>P 600 D PES, N 210D Neilons<\/span><\/li>\n<li><label>Svars:<\/label><span>520 g<\/span><\/li>\n<\/ul>\n","protected":false},"excerpt":{"rendered":"<p>Funkcion\u0101la un \u0113rti lietojama soma k\u0101p&scaron;anas virv\u0113m, kas nodro&scaron;in\u0101s to aizsardz\u012bbu un ilgsto&scaron;u kalpo&scaron;anu: nov\u0113r&scaron; virvju sap\u012b&scaron;anos un &#8216;neparedz\u0113tu&#8217; nolietojumu, k\u0101 ar\u012b atvieglo transport\u0113&scaron;anu un glab\u0101&scaron;anu. Somai ir kompresijas siksnas un polster\u0113ta plecu lence. &nbsp; Materi\u0101ls:P 600 D PES, N 210D Neilons Svars:520 g<\/p>\n","protected":false},"featured_media":0,"template":"","meta":[],"product_brand":[],"product_cat":[4851,4885,4893],"product_tag":[],"class_list":{"0":"post-77006","1":"product","2":"type-product","3":"status-publish","5":"product_cat-mountaineering-equipment-recreation","6":"product_cat-ropes-mountaineering-equipment-recreation","7":"product_cat-rope-and-equipment-bags-ropes-mountaineering-equipment-recreation","9":"first","10":"instock","11":"shipping-taxable","12":"purchasable","13":"product-type-simple"},"_links":{"self":[{"href":"https:\/\/sezona.lv\/en\/wp-json\/wp\/v2\/product\/77006","targetHints":{"allow":["GET"]}}],"collection":[{"href":"https:\/\/sezona.lv\/en\/wp-json\/wp\/v2\/product"}],"about":[{"href":"https:\/\/sezona.lv\/en\/wp-json\/wp\/v2\/types\/product"}],"wp:attachment":[{"href":"https:\/\/sezona.lv\/en\/wp-json\/wp\/v2\/media?parent=77006"}],"wp:term":[{"taxonomy":"product_brand","embeddable":true,"href":"https:\/\/sezona.lv\/en\/wp-json\/wp\/v2\/product_brand?post=77006"},{"taxonomy":"product_cat","embeddable":true,"href":"https:\/\/sezona.lv\/en\/wp-json\/wp\/v2\/product_cat?post=77006"},{"taxonomy":"product_tag","embeddable":true,"href":"https:\/\/sezona.lv\/en\/wp-json\/wp\/v2\/product_tag?post=77006"}],"curies":[{"name":"wp","href":"https:\/\/api.w.org\/{rel}","templated":true}]}}