{"id":77008,"date":"2025-07-14T14:59:38","date_gmt":"2025-07-14T11:59:38","guid":{"rendered":"https:\/\/demo8.ecube.lv\/sezona.lv\/products\/soma-virvem-singing-rock-urna\/"},"modified":"2025-07-14T14:59:38","modified_gmt":"2025-07-14T11:59:38","slug":"soma-virvem-singing-rock-urna","status":"publish","type":"product","link":"https:\/\/sezona.lv\/en\/products\/soma-virvem-singing-rock-urna\/","title":{"rendered":"Soma virv\u0113m Singing Rock Urna"},"content":{"rendered":"<p><span>\u0112rtas formas virvju soma, kur vietas pietiks ar\u012b cit\u0101m l\u012bdzi \u0146em&scaron;anai nepiecie&scaron;am\u0101m liet\u0101m. Konstrukt\u012bvi veidota t\u0101, lai to var\u0113tu piestiprin\u0101t lietot\u0101jam pie k\u0101jas.<\/span><br \/><span>Materi\u0101ls: PVC un neilons.<\/span><\/p>\n<p>&nbsp;<\/p>\n<ul class=\"item_traits\">\n<li class=\"odd\"><label>Izm\u0113rs:<\/label><span>Garums: 50 m. Tilpums: 11L.<\/span><\/li>\n<li><label>Svars:<\/label><span>240 g<\/span><\/li>\n<\/ul>\n","protected":false},"excerpt":{"rendered":"<p>\u0112rtas formas virvju soma, kur vietas pietiks ar\u012b cit\u0101m l\u012bdzi \u0146em&scaron;anai nepiecie&scaron;am\u0101m liet\u0101m. Konstrukt\u012bvi veidota t\u0101, lai to var\u0113tu piestiprin\u0101t lietot\u0101jam pie k\u0101jas.Materi\u0101ls: PVC un neilons. &nbsp; Izm\u0113rs:Garums: 50 m. Tilpums: 11L. Svars:240 g<\/p>\n","protected":false},"featured_media":0,"template":"","meta":[],"product_brand":[3350],"product_cat":[4851,4885,4893],"product_tag":[],"class_list":{"0":"post-77008","1":"product","2":"type-product","3":"status-publish","5":"product_brand-singing-rock","6":"product_cat-mountaineering-equipment-recreation","7":"product_cat-ropes-mountaineering-equipment-recreation","8":"product_cat-rope-and-equipment-bags-ropes-mountaineering-equipment-recreation","10":"first","11":"instock","12":"shipping-taxable","13":"purchasable","14":"product-type-simple"},"_links":{"self":[{"href":"https:\/\/sezona.lv\/en\/wp-json\/wp\/v2\/product\/77008","targetHints":{"allow":["GET"]}}],"collection":[{"href":"https:\/\/sezona.lv\/en\/wp-json\/wp\/v2\/product"}],"about":[{"href":"https:\/\/sezona.lv\/en\/wp-json\/wp\/v2\/types\/product"}],"wp:attachment":[{"href":"https:\/\/sezona.lv\/en\/wp-json\/wp\/v2\/media?parent=77008"}],"wp:term":[{"taxonomy":"product_brand","embeddable":true,"href":"https:\/\/sezona.lv\/en\/wp-json\/wp\/v2\/product_brand?post=77008"},{"taxonomy":"product_cat","embeddable":true,"href":"https:\/\/sezona.lv\/en\/wp-json\/wp\/v2\/product_cat?post=77008"},{"taxonomy":"product_tag","embeddable":true,"href":"https:\/\/sezona.lv\/en\/wp-json\/wp\/v2\/product_tag?post=77008"}],"curies":[{"name":"wp","href":"https:\/\/api.w.org\/{rel}","templated":true}]}}