{"id":77009,"date":"2025-07-14T14:59:38","date_gmt":"2025-07-14T11:59:38","guid":{"rendered":"https:\/\/demo8.ecube.lv\/sezona.lv\/products\/virvju-soma-petzl-bug-18l\/"},"modified":"2025-07-14T14:59:38","modified_gmt":"2025-07-14T11:59:38","slug":"virvju-soma-petzl-bug-18l","status":"publish","type":"product","link":"https:\/\/sezona.lv\/en\/products\/virvju-soma-petzl-bug-18l\/","title":{"rendered":"Virvju soma Petzl Bug 18l"},"content":{"rendered":"<p><span>Viegla mugursoma vienas dienas klin&scaron;u mar&scaron;rutiem (multi-pitch) vai vienas dienas p\u0101rg\u0101jieniem kalnos. T\u0101 ir \u013coti \u0113rta un pietiekami ietilp\u012bga, lai saliktu visu nepiecie&scaron;amo invent\u0101ru daudzvirvju mar&scaron;rutiem. Cie&scaron;i piegu\u013c mugurai un sniedz maksim\u0101lu stabilit\u0101tes saj\u016btu.<\/span><\/p>\n<p>&nbsp;<\/p>\n<ul class=\"item_traits\">\n<li class=\"odd\"><label>Ietilp\u012bba:<\/label><span>18 L<\/span><\/li>\n<li><label>Materi\u0101ls:<\/label><span>100 % neilons<\/span><\/li>\n<li class=\"odd\"><label>Pielietojums:<\/label><span>virvju soma<\/span><\/li>\n<li><label>Svars:<\/label><span>570 g<\/span><\/li>\n<\/ul>\n","protected":false},"excerpt":{"rendered":"<p>Viegla mugursoma vienas dienas klin&scaron;u mar&scaron;rutiem (multi-pitch) vai vienas dienas p\u0101rg\u0101jieniem kalnos. T\u0101 ir \u013coti \u0113rta un pietiekami ietilp\u012bga, lai saliktu visu nepiecie&scaron;amo invent\u0101ru daudzvirvju mar&scaron;rutiem. Cie&scaron;i piegu\u013c mugurai un sniedz maksim\u0101lu stabilit\u0101tes saj\u016btu. &nbsp; Ietilp\u012bba:18 L Materi\u0101ls:100 % neilons Pielietojums:virvju soma Svars:570 g<\/p>\n","protected":false},"featured_media":0,"template":"","meta":[],"product_brand":[957],"product_cat":[4851,4885,4893],"product_tag":[],"class_list":{"0":"post-77009","1":"product","2":"type-product","3":"status-publish","5":"product_brand-petzl","6":"product_cat-mountaineering-equipment-recreation","7":"product_cat-ropes-mountaineering-equipment-recreation","8":"product_cat-rope-and-equipment-bags-ropes-mountaineering-equipment-recreation","10":"first","11":"instock","12":"shipping-taxable","13":"purchasable","14":"product-type-simple"},"_links":{"self":[{"href":"https:\/\/sezona.lv\/en\/wp-json\/wp\/v2\/product\/77009","targetHints":{"allow":["GET"]}}],"collection":[{"href":"https:\/\/sezona.lv\/en\/wp-json\/wp\/v2\/product"}],"about":[{"href":"https:\/\/sezona.lv\/en\/wp-json\/wp\/v2\/types\/product"}],"wp:attachment":[{"href":"https:\/\/sezona.lv\/en\/wp-json\/wp\/v2\/media?parent=77009"}],"wp:term":[{"taxonomy":"product_brand","embeddable":true,"href":"https:\/\/sezona.lv\/en\/wp-json\/wp\/v2\/product_brand?post=77009"},{"taxonomy":"product_cat","embeddable":true,"href":"https:\/\/sezona.lv\/en\/wp-json\/wp\/v2\/product_cat?post=77009"},{"taxonomy":"product_tag","embeddable":true,"href":"https:\/\/sezona.lv\/en\/wp-json\/wp\/v2\/product_tag?post=77009"}],"curies":[{"name":"wp","href":"https:\/\/api.w.org\/{rel}","templated":true}]}}