{"id":77010,"date":"2025-07-14T14:59:39","date_gmt":"2025-07-14T11:59:39","guid":{"rendered":"https:\/\/demo8.ecube.lv\/sezona.lv\/products\/soma-virvem-singing-rock-carry-bag\/"},"modified":"2025-07-14T14:59:39","modified_gmt":"2025-07-14T11:59:39","slug":"soma-virvem-singing-rock-carry-bag","status":"publish","type":"product","link":"https:\/\/sezona.lv\/en\/products\/soma-virvem-singing-rock-carry-bag\/","title":{"rendered":"Soma virv\u0113m Singing Rock Carry Bag"},"content":{"rendered":"<p><span>Praktiska un \u0113rti lietojama soma, kas piem\u0113rota virvju un cita ekip\u0113juma uzglab\u0101&scaron;anai un transport\u0113&scaron;anai. Soma izgatavota no iztur\u012bga un mazg\u0101jama materi\u0101la. Pateicoties plastik\u0101ta stiprin\u0101jumiem, soma ir stingra un patst\u0101v\u012bgi st\u0101vo&scaron;a. Ekip\u0113juma p\u0101rvad\u0101&scaron;ana taj\u0101 ir \u0113rta. Somai ir stiprin\u0101ts rokturis, cilpa somas apak&scaron;\u0101, s\u0101nu kabata, divi t\u0113rauda gredzeni plecu lencei, \u0113rti un \u0101tri lietojama aizdares sist\u0113ma.<\/span><br \/><span>Izm\u0113ri: 30 x 40 (58) cm.<\/span><\/p>\n<p>&nbsp;<\/p>\n<ul class=\"item_traits\">\n<li class=\"odd\"><label>Ietilp\u012bba:<\/label><span>28 + 10 L<\/span><\/li>\n<li><label>Materi\u0101ls:<\/label><span>PVC<\/span><\/li>\n<li class=\"odd\"><label>Svars:<\/label><span>940 g<\/span><\/li>\n<\/ul>\n","protected":false},"excerpt":{"rendered":"<p>Praktiska un \u0113rti lietojama soma, kas piem\u0113rota virvju un cita ekip\u0113juma uzglab\u0101&scaron;anai un transport\u0113&scaron;anai. Soma izgatavota no iztur\u012bga un mazg\u0101jama materi\u0101la. Pateicoties plastik\u0101ta stiprin\u0101jumiem, soma ir stingra un patst\u0101v\u012bgi st\u0101vo&scaron;a. Ekip\u0113juma p\u0101rvad\u0101&scaron;ana taj\u0101 ir \u0113rta. Somai ir stiprin\u0101ts rokturis, cilpa somas apak&scaron;\u0101, s\u0101nu kabata, divi t\u0113rauda gredzeni plecu lencei, \u0113rti un \u0101tri lietojama aizdares sist\u0113ma.Izm\u0113ri: [&hellip;]<\/p>\n","protected":false},"featured_media":0,"template":"","meta":[],"product_brand":[3350],"product_cat":[4851,4885,4893],"product_tag":[],"class_list":{"0":"post-77010","1":"product","2":"type-product","3":"status-publish","5":"product_brand-singing-rock","6":"product_cat-mountaineering-equipment-recreation","7":"product_cat-ropes-mountaineering-equipment-recreation","8":"product_cat-rope-and-equipment-bags-ropes-mountaineering-equipment-recreation","10":"first","11":"instock","12":"shipping-taxable","13":"purchasable","14":"product-type-simple"},"_links":{"self":[{"href":"https:\/\/sezona.lv\/en\/wp-json\/wp\/v2\/product\/77010","targetHints":{"allow":["GET"]}}],"collection":[{"href":"https:\/\/sezona.lv\/en\/wp-json\/wp\/v2\/product"}],"about":[{"href":"https:\/\/sezona.lv\/en\/wp-json\/wp\/v2\/types\/product"}],"wp:attachment":[{"href":"https:\/\/sezona.lv\/en\/wp-json\/wp\/v2\/media?parent=77010"}],"wp:term":[{"taxonomy":"product_brand","embeddable":true,"href":"https:\/\/sezona.lv\/en\/wp-json\/wp\/v2\/product_brand?post=77010"},{"taxonomy":"product_cat","embeddable":true,"href":"https:\/\/sezona.lv\/en\/wp-json\/wp\/v2\/product_cat?post=77010"},{"taxonomy":"product_tag","embeddable":true,"href":"https:\/\/sezona.lv\/en\/wp-json\/wp\/v2\/product_tag?post=77010"}],"curies":[{"name":"wp","href":"https:\/\/api.w.org\/{rel}","templated":true}]}}