{"id":77011,"date":"2025-07-14T14:59:40","date_gmt":"2025-07-14T11:59:40","guid":{"rendered":"https:\/\/demo8.ecube.lv\/sezona.lv\/products\/soma-virvem-petzl-portage-30l\/"},"modified":"2025-07-14T14:59:40","modified_gmt":"2025-07-14T11:59:40","slug":"soma-virvem-petzl-portage-30l","status":"publish","type":"product","link":"https:\/\/sezona.lv\/en\/products\/soma-virvem-petzl-portage-30l\/","title":{"rendered":"Soma virv\u0113m Petzl Portage 30L"},"content":{"rendered":"<p><span>Vid\u0113ja tilpuma virvju un ekip\u0113juma soma, kas ide\u0101li piem\u0113rota speleolo\u0123ija. Soma izgatavota no abraz\u012bvi iztur\u012bga un \u016bdensdro&scaron;a TPU materi\u0101la bez PVC piemais\u012bjumiem. Somai ir \u012bpa&scaron;i veidotas savienojuma vietas, kas padara to v\u0113l dro&scaron;\u0101ku un palielina t\u0101s iztur\u012bbu. Apr\u012bkota ar polster\u0113t\u0101m plecu lenc\u0113m un \u0113rtiem rokturiem. Somai ir \u012bpa&scaron;a kabata, kur\u0101 ievietot gurnu jostu, lai izvair\u012btos no aiz\u0137er&scaron;an\u0101s, &scaron;\u0137\u0113rsojot &scaron;auras vietas.&nbsp;<\/span><br \/><span>\u012apa&scaron;i iztur\u012bga aizdare. P\u0101rlok\u0101 kabata ar r\u0101v\u0113jsl\u0113dz\u0113ja aizdari, atsl\u0113gu ri\u0146\u0137i un ID kartes kabatu. Somas augstums: 65 cm.<\/span><\/p>\n<p>&nbsp;<\/p>\n<ul class=\"item_traits\">\n<li class=\"odd\"><label>Ietilp\u012bba:<\/label><span>30 L<\/span><\/li>\n<li><label>Materi\u0101ls:<\/label><span>TPU (br\u012bvs no PVC), poliesteris<\/span><\/li>\n<li class=\"odd\"><label>Pielietojums:<\/label><span>Speleolo\u0123ija<\/span><\/li>\n<li><label>Svars:<\/label><span>800 g<\/span><\/li>\n<\/ul>\n","protected":false},"excerpt":{"rendered":"<p>Vid\u0113ja tilpuma virvju un ekip\u0113juma soma, kas ide\u0101li piem\u0113rota speleolo\u0123ija. Soma izgatavota no abraz\u012bvi iztur\u012bga un \u016bdensdro&scaron;a TPU materi\u0101la bez PVC piemais\u012bjumiem. Somai ir \u012bpa&scaron;i veidotas savienojuma vietas, kas padara to v\u0113l dro&scaron;\u0101ku un palielina t\u0101s iztur\u012bbu. Apr\u012bkota ar polster\u0113t\u0101m plecu lenc\u0113m un \u0113rtiem rokturiem. Somai ir \u012bpa&scaron;a kabata, kur\u0101 ievietot gurnu jostu, lai izvair\u012btos [&hellip;]<\/p>\n","protected":false},"featured_media":0,"template":"","meta":[],"product_brand":[957],"product_cat":[4851,4885,4893],"product_tag":[],"class_list":{"0":"post-77011","1":"product","2":"type-product","3":"status-publish","5":"product_brand-petzl","6":"product_cat-mountaineering-equipment-recreation","7":"product_cat-ropes-mountaineering-equipment-recreation","8":"product_cat-rope-and-equipment-bags-ropes-mountaineering-equipment-recreation","10":"first","11":"instock","12":"shipping-taxable","13":"purchasable","14":"product-type-simple"},"_links":{"self":[{"href":"https:\/\/sezona.lv\/en\/wp-json\/wp\/v2\/product\/77011","targetHints":{"allow":["GET"]}}],"collection":[{"href":"https:\/\/sezona.lv\/en\/wp-json\/wp\/v2\/product"}],"about":[{"href":"https:\/\/sezona.lv\/en\/wp-json\/wp\/v2\/types\/product"}],"wp:attachment":[{"href":"https:\/\/sezona.lv\/en\/wp-json\/wp\/v2\/media?parent=77011"}],"wp:term":[{"taxonomy":"product_brand","embeddable":true,"href":"https:\/\/sezona.lv\/en\/wp-json\/wp\/v2\/product_brand?post=77011"},{"taxonomy":"product_cat","embeddable":true,"href":"https:\/\/sezona.lv\/en\/wp-json\/wp\/v2\/product_cat?post=77011"},{"taxonomy":"product_tag","embeddable":true,"href":"https:\/\/sezona.lv\/en\/wp-json\/wp\/v2\/product_tag?post=77011"}],"curies":[{"name":"wp","href":"https:\/\/api.w.org\/{rel}","templated":true}]}}