{"id":77012,"date":"2025-07-14T14:59:41","date_gmt":"2025-07-14T11:59:41","guid":{"rendered":"https:\/\/demo8.ecube.lv\/sezona.lv\/products\/virves-saspiedejs-petzl-ascension-b17-melns\/"},"modified":"2025-07-14T14:59:41","modified_gmt":"2025-07-14T11:59:41","slug":"virves-saspiedejs-petzl-ascension-b17-melns","status":"publish","type":"product","link":"https:\/\/sezona.lv\/en\/products\/virves-saspiedejs-petzl-ascension-b17-melns\/","title":{"rendered":"Virves saspied\u0113js Petzl Ascension B17 melns"},"content":{"rendered":"<p><span>Ergonomisks rokas virves saspied\u0113js (\u017eum\u0101rs), kas paredz\u0113ts kust\u012bbai uz aug&scaron;u pa vertik\u0101lu virvi vai novilktu margu. Tas apr\u012bkots ar uzlabotu, ergonomisku rokturi, kas pie\u013cauj komfortablu un stingru t\u0101 satver&scaron;anu. Lielais atv\u0113rums \u013cauj to viegli satvert, pat valk\u0101jot cimdus. Ergonomisk\u0101 aug&scaron;\u0113j\u0101 da\u013ca palielina sp\u0113ku, velkot ar ab\u0101m rok\u0101m. Zobotais izcilnis ar pa&scaron;-att\u012bro&scaron;u gropi optimiz\u0113 izpild\u012bjumu pie jebk\u0101diem apst\u0101k\u013ciem (sasalu&scaron;as vai net\u012bras virves&#8230;). Karab\u012bnes ir \u0113rti un viegli piestiprin\u0101ma.<\/span><br \/><span>Materi\u0101li: alum\u012bnijs, ner\u016bs\u0113jo&scaron;ais t\u0113rauds, plastmasa, gumija, neilons. Sertifik\u0101cija: CE EN 567, CE EN 12841 tips B, EAC, NFPA 1983 Tehnisk\u0101 izmanto&scaron;ana.<\/span><\/p>\n<table id=\"item-table\" class=\"dynamic-table specific\" border=\"0\">\n<tbody>\n<tr>\n<td>Virves diametrs<\/td>\n<td>8 l\u012bdz 13 mm<\/td>\n<\/tr>\n<tr>\n<td>Pielietojums<\/td>\n<td>Darbam<\/td>\n<\/tr>\n<tr>\n<td>Svars<\/td>\n<td>0.195 kg<\/td>\n<\/tr>\n<tr>\n<td>Katalogu numuri<\/td>\n<td>B17ARN, B17ALN<\/td>\n<\/tr>\n<\/tbody>\n<\/table>\n<ul class=\"item_traits\">\n<\/ul>\n","protected":false},"excerpt":{"rendered":"<p>Ergonomisks rokas virves saspied\u0113js (\u017eum\u0101rs), kas paredz\u0113ts kust\u012bbai uz aug&scaron;u pa vertik\u0101lu virvi vai novilktu margu. Tas apr\u012bkots ar uzlabotu, ergonomisku rokturi, kas pie\u013cauj komfortablu un stingru t\u0101 satver&scaron;anu. Lielais atv\u0113rums \u013cauj to viegli satvert, pat valk\u0101jot cimdus. Ergonomisk\u0101 aug&scaron;\u0113j\u0101 da\u013ca palielina sp\u0113ku, velkot ar ab\u0101m rok\u0101m. Zobotais izcilnis ar pa&scaron;-att\u012bro&scaron;u gropi optimiz\u0113 izpild\u012bjumu pie [&hellip;]<\/p>\n","protected":false},"featured_media":0,"template":"","meta":[],"product_brand":[957],"product_cat":[4640,4851,4875,4881],"product_tag":[],"class_list":{"0":"post-77012","1":"product","2":"type-product","3":"status-publish","5":"product_brand-petzl","6":"product_cat-recreation","7":"product_cat-mountaineering-equipment-recreation","8":"product_cat-for-work-at-height-mountaineering-equipment-recreation","9":"product_cat-rope-ascenders-en-dupcheck-589-for-work-at-height-mountaineering-equipment-recreation","11":"first","12":"instock","13":"shipping-taxable","14":"purchasable","15":"product-type-simple"},"_links":{"self":[{"href":"https:\/\/sezona.lv\/en\/wp-json\/wp\/v2\/product\/77012","targetHints":{"allow":["GET"]}}],"collection":[{"href":"https:\/\/sezona.lv\/en\/wp-json\/wp\/v2\/product"}],"about":[{"href":"https:\/\/sezona.lv\/en\/wp-json\/wp\/v2\/types\/product"}],"wp:attachment":[{"href":"https:\/\/sezona.lv\/en\/wp-json\/wp\/v2\/media?parent=77012"}],"wp:term":[{"taxonomy":"product_brand","embeddable":true,"href":"https:\/\/sezona.lv\/en\/wp-json\/wp\/v2\/product_brand?post=77012"},{"taxonomy":"product_cat","embeddable":true,"href":"https:\/\/sezona.lv\/en\/wp-json\/wp\/v2\/product_cat?post=77012"},{"taxonomy":"product_tag","embeddable":true,"href":"https:\/\/sezona.lv\/en\/wp-json\/wp\/v2\/product_tag?post=77012"}],"curies":[{"name":"wp","href":"https:\/\/api.w.org\/{rel}","templated":true}]}}