{"id":77013,"date":"2025-07-14T14:59:41","date_gmt":"2025-07-14T11:59:41","guid":{"rendered":"https:\/\/demo8.ecube.lv\/sezona.lv\/products\/virves-saspiedejs-singing-rock-locker\/"},"modified":"2025-07-14T14:59:41","modified_gmt":"2025-07-14T11:59:41","slug":"virves-saspiedejs-singing-rock-locker","status":"publish","type":"product","link":"https:\/\/sezona.lv\/en\/products\/virves-saspiedejs-singing-rock-locker\/","title":{"rendered":"Virves saspied\u0113js Singing Rock Locker"},"content":{"rendered":"<p><span>Ier\u012bce paredz\u0113ta, lai nostiprin\u0101tos uz virves.&nbsp;<\/span><br \/><span>&Scaron;\u012b tipa saspied\u0113ju konstrukcija balst\u0101s uz divplecu sviras (spr\u016bda) principa, kas spie\u017e virvi starp vienu plecu un korpusu, ja virve iedarbojas uz otru plecu. Lai virvi b\u016btu iesp\u0113jams nofiks\u0113t efekt\u012bv\u0101k, otrs plecs ir gar\u0101ks.<\/span><br \/><span>Paredz\u0113ts lieto&scaron;anai ar pamatvirvi 11 mm diametr\u0101. (ieteicams Static 11). &Scaron;\u012b ier\u012bce atbilst EN 353-2, EN358 un CE 1019 standartu pras\u012bb\u0101m.<\/span><\/p>\n<p>&nbsp;<\/p>\n<ul class=\"item_traits\">\n<li class=\"odd\"><label>Virves diametrs:<\/label><span>11 mm<\/span><\/li>\n<li><label>Svars:<\/label><span>190 g<\/span><\/li>\n<\/ul>\n","protected":false},"excerpt":{"rendered":"<p>Ier\u012bce paredz\u0113ta, lai nostiprin\u0101tos uz virves.&nbsp;&Scaron;\u012b tipa saspied\u0113ju konstrukcija balst\u0101s uz divplecu sviras (spr\u016bda) principa, kas spie\u017e virvi starp vienu plecu un korpusu, ja virve iedarbojas uz otru plecu. Lai virvi b\u016btu iesp\u0113jams nofiks\u0113t efekt\u012bv\u0101k, otrs plecs ir gar\u0101ks.Paredz\u0113ts lieto&scaron;anai ar pamatvirvi 11 mm diametr\u0101. (ieteicams Static 11). &Scaron;\u012b ier\u012bce atbilst EN 353-2, EN358 un [&hellip;]<\/p>\n","protected":false},"featured_media":0,"template":"","meta":[],"product_brand":[3350],"product_cat":[4851,4875,4881],"product_tag":[],"class_list":{"0":"post-77013","1":"product","2":"type-product","3":"status-publish","5":"product_brand-singing-rock","6":"product_cat-mountaineering-equipment-recreation","7":"product_cat-for-work-at-height-mountaineering-equipment-recreation","8":"product_cat-rope-ascenders-en-dupcheck-589-for-work-at-height-mountaineering-equipment-recreation","10":"first","11":"instock","12":"shipping-taxable","13":"purchasable","14":"product-type-simple"},"_links":{"self":[{"href":"https:\/\/sezona.lv\/en\/wp-json\/wp\/v2\/product\/77013","targetHints":{"allow":["GET"]}}],"collection":[{"href":"https:\/\/sezona.lv\/en\/wp-json\/wp\/v2\/product"}],"about":[{"href":"https:\/\/sezona.lv\/en\/wp-json\/wp\/v2\/types\/product"}],"wp:attachment":[{"href":"https:\/\/sezona.lv\/en\/wp-json\/wp\/v2\/media?parent=77013"}],"wp:term":[{"taxonomy":"product_brand","embeddable":true,"href":"https:\/\/sezona.lv\/en\/wp-json\/wp\/v2\/product_brand?post=77013"},{"taxonomy":"product_cat","embeddable":true,"href":"https:\/\/sezona.lv\/en\/wp-json\/wp\/v2\/product_cat?post=77013"},{"taxonomy":"product_tag","embeddable":true,"href":"https:\/\/sezona.lv\/en\/wp-json\/wp\/v2\/product_tag?post=77013"}],"curies":[{"name":"wp","href":"https:\/\/api.w.org\/{rel}","templated":true}]}}