{"id":77014,"date":"2025-07-14T14:59:42","date_gmt":"2025-07-14T11:59:42","guid":{"rendered":"https:\/\/demo8.ecube.lv\/sezona.lv\/products\/virves-saspiedejs-petzl-micrograb\/"},"modified":"2025-07-14T14:59:42","modified_gmt":"2025-07-14T11:59:42","slug":"virves-saspiedejs-petzl-micrograb","status":"publish","type":"product","link":"https:\/\/sezona.lv\/en\/products\/virves-saspiedejs-petzl-micrograb\/","title":{"rendered":"Virves saspied\u0113js Petzl Micrograb"},"content":{"rendered":"<p><span>Daudzpus\u012bgs virves saspied\u0113js (\u017eum\u0101rs) ilgsto&scaron;ai lieto&scaron;anai uz virves. Sl\u0113dzo&scaron;\u0101 tapa ar skr\u016bvi samazina nejau&scaron;u ier\u012bces atv\u0113r&scaron;an\u0101s risku.&nbsp;<\/span><br \/><span>Virves gals ir j\u0101izver cauri ier\u012bcei.&nbsp;<\/span><\/p>\n<p>&nbsp;<\/p>\n<ul class=\"item_traits\">\n<li class=\"odd\"><label>Virves diametrs:<\/label><span>9 &#8211; 13 mm<\/span><\/li>\n<li><label>Svars:<\/label><span>180 g<\/span><\/li>\n<\/ul>\n","protected":false},"excerpt":{"rendered":"<p>Daudzpus\u012bgs virves saspied\u0113js (\u017eum\u0101rs) ilgsto&scaron;ai lieto&scaron;anai uz virves. Sl\u0113dzo&scaron;\u0101 tapa ar skr\u016bvi samazina nejau&scaron;u ier\u012bces atv\u0113r&scaron;an\u0101s risku.&nbsp;Virves gals ir j\u0101izver cauri ier\u012bcei.&nbsp; &nbsp; Virves diametrs:9 &#8211; 13 mm Svars:180 g<\/p>\n","protected":false},"featured_media":0,"template":"","meta":[],"product_brand":[957],"product_cat":[4851,4875,4881],"product_tag":[],"class_list":{"0":"post-77014","1":"product","2":"type-product","3":"status-publish","5":"product_brand-petzl","6":"product_cat-mountaineering-equipment-recreation","7":"product_cat-for-work-at-height-mountaineering-equipment-recreation","8":"product_cat-rope-ascenders-en-dupcheck-589-for-work-at-height-mountaineering-equipment-recreation","10":"first","11":"instock","12":"shipping-taxable","13":"purchasable","14":"product-type-simple"},"_links":{"self":[{"href":"https:\/\/sezona.lv\/en\/wp-json\/wp\/v2\/product\/77014","targetHints":{"allow":["GET"]}}],"collection":[{"href":"https:\/\/sezona.lv\/en\/wp-json\/wp\/v2\/product"}],"about":[{"href":"https:\/\/sezona.lv\/en\/wp-json\/wp\/v2\/types\/product"}],"wp:attachment":[{"href":"https:\/\/sezona.lv\/en\/wp-json\/wp\/v2\/media?parent=77014"}],"wp:term":[{"taxonomy":"product_brand","embeddable":true,"href":"https:\/\/sezona.lv\/en\/wp-json\/wp\/v2\/product_brand?post=77014"},{"taxonomy":"product_cat","embeddable":true,"href":"https:\/\/sezona.lv\/en\/wp-json\/wp\/v2\/product_cat?post=77014"},{"taxonomy":"product_tag","embeddable":true,"href":"https:\/\/sezona.lv\/en\/wp-json\/wp\/v2\/product_tag?post=77014"}],"curies":[{"name":"wp","href":"https:\/\/api.w.org\/{rel}","templated":true}]}}