{"id":77016,"date":"2025-07-14T14:59:44","date_gmt":"2025-07-14T11:59:44","guid":{"rendered":"https:\/\/demo8.ecube.lv\/sezona.lv\/products\/virves-saspiedejs-petzl-microcender\/"},"modified":"2025-07-14T14:59:44","modified_gmt":"2025-07-14T11:59:44","slug":"virves-saspiedejs-petzl-microcender","status":"publish","type":"product","link":"https:\/\/sezona.lv\/en\/products\/virves-saspiedejs-petzl-microcender\/","title":{"rendered":"Virves saspied\u0113js Petzl Microcender"},"content":{"rendered":"<p><span>Daudzfunkcion\u0101ls, viegls virves saspied\u0113js &#8211; \u017eum\u0101rs. Ier\u012bce izmantojama fiks\u0113t\u0101m virv\u0113m vai kravu p\u0101rvieto&scaron;anas sist\u0113m\u0101s. Pateicoties no\u0146emamajai asij, to ir \u0113rti uzlikt vai no\u0146emt jebkur\u0101 virves viet\u0101. Sl\u0113dzo&scaron;\u0101 tapa samazina nejau&scaron;u ier\u012bces atv\u0113r&scaron;an\u0101s risku.<\/span><\/p>\n<p>&nbsp;<\/p>\n<ul class=\"item_traits\">\n<li class=\"odd\"><label>Virves diametrs:<\/label><span>9 &#8211; 13 mm<\/span><\/li>\n<li><label>Svars:<\/label><span>160 g<\/span><\/li>\n<\/ul>\n","protected":false},"excerpt":{"rendered":"<p>Daudzfunkcion\u0101ls, viegls virves saspied\u0113js &#8211; \u017eum\u0101rs. Ier\u012bce izmantojama fiks\u0113t\u0101m virv\u0113m vai kravu p\u0101rvieto&scaron;anas sist\u0113m\u0101s. Pateicoties no\u0146emamajai asij, to ir \u0113rti uzlikt vai no\u0146emt jebkur\u0101 virves viet\u0101. Sl\u0113dzo&scaron;\u0101 tapa samazina nejau&scaron;u ier\u012bces atv\u0113r&scaron;an\u0101s risku. &nbsp; Virves diametrs:9 &#8211; 13 mm Svars:160 g<\/p>\n","protected":false},"featured_media":0,"template":"","meta":[],"product_brand":[957],"product_cat":[4851,4875,4881],"product_tag":[],"class_list":{"0":"post-77016","1":"product","2":"type-product","3":"status-publish","5":"product_brand-petzl","6":"product_cat-mountaineering-equipment-recreation","7":"product_cat-for-work-at-height-mountaineering-equipment-recreation","8":"product_cat-rope-ascenders-en-dupcheck-589-for-work-at-height-mountaineering-equipment-recreation","10":"first","11":"instock","12":"shipping-taxable","13":"purchasable","14":"product-type-simple"},"_links":{"self":[{"href":"https:\/\/sezona.lv\/en\/wp-json\/wp\/v2\/product\/77016","targetHints":{"allow":["GET"]}}],"collection":[{"href":"https:\/\/sezona.lv\/en\/wp-json\/wp\/v2\/product"}],"about":[{"href":"https:\/\/sezona.lv\/en\/wp-json\/wp\/v2\/types\/product"}],"wp:attachment":[{"href":"https:\/\/sezona.lv\/en\/wp-json\/wp\/v2\/media?parent=77016"}],"wp:term":[{"taxonomy":"product_brand","embeddable":true,"href":"https:\/\/sezona.lv\/en\/wp-json\/wp\/v2\/product_brand?post=77016"},{"taxonomy":"product_cat","embeddable":true,"href":"https:\/\/sezona.lv\/en\/wp-json\/wp\/v2\/product_cat?post=77016"},{"taxonomy":"product_tag","embeddable":true,"href":"https:\/\/sezona.lv\/en\/wp-json\/wp\/v2\/product_tag?post=77016"}],"curies":[{"name":"wp","href":"https:\/\/api.w.org\/{rel}","templated":true}]}}