{"id":77017,"date":"2025-07-14T14:59:44","date_gmt":"2025-07-14T11:59:44","guid":{"rendered":"https:\/\/demo8.ecube.lv\/sezona.lv\/products\/virves-saspiedejs-petzl-ascentree-double\/"},"modified":"2025-07-14T14:59:44","modified_gmt":"2025-07-14T11:59:44","slug":"virves-saspiedejs-petzl-ascentree-double","status":"publish","type":"product","link":"https:\/\/sezona.lv\/en\/products\/virves-saspiedejs-petzl-ascentree-double\/","title":{"rendered":"Virves saspied\u0113js Petzl Ascentree Double"},"content":{"rendered":"<p><span>Dubultu rokturu virves saspied\u0113js (\u017eum\u0101rs). Lieliski piem\u0113rots arboristu vajadz\u012bb\u0101m.<\/span><br \/><span>Tas rad\u012bts, lai to izmantotu dubultvirvju saspie&scaron;anai ar &#8216;footlock&#8217; tehniku vai izmantojot PANTIN k\u0101jas virves saspied\u0113jus.<\/span><br \/><span>Ergonomiski veidotie rokturi \u013cauj &scaron;o dubulto \u017eum\u0101ru sa\u0146emt rok\u0101s \u0113rti un dro&scaron;i.&nbsp;<\/span><br \/><span>&Scaron;is \u017eum\u0101rs lieliski piem\u0113rots lieto&scaron;anai jebk\u0101dos laika apst\u0101k\u013cos.&nbsp;<\/span><br \/><span>Apak&scaron;da\u013c\u0101 iestr\u0101d\u0101ti caurumi, cilpu piestiprin\u0101&scaron;anai.&nbsp;<\/span><br \/><span>Piem\u0113rots lieto&scaron;anai ar dubult\u0101m virv\u0113m 8 l\u012bdz 13 mm diametr\u0101.<\/span><\/p>\n<p>&nbsp;<\/p>\n<p><span><br \/><\/span><\/p>\n","protected":false},"excerpt":{"rendered":"<p>Dubultu rokturu virves saspied\u0113js (\u017eum\u0101rs). Lieliski piem\u0113rots arboristu vajadz\u012bb\u0101m.Tas rad\u012bts, lai to izmantotu dubultvirvju saspie&scaron;anai ar &#8216;footlock&#8217; tehniku vai izmantojot PANTIN k\u0101jas virves saspied\u0113jus.Ergonomiski veidotie rokturi \u013cauj &scaron;o dubulto \u017eum\u0101ru sa\u0146emt rok\u0101s \u0113rti un dro&scaron;i.&nbsp;&Scaron;is \u017eum\u0101rs lieliski piem\u0113rots lieto&scaron;anai jebk\u0101dos laika apst\u0101k\u013cos.&nbsp;Apak&scaron;da\u013c\u0101 iestr\u0101d\u0101ti caurumi, cilpu piestiprin\u0101&scaron;anai.&nbsp;Piem\u0113rots lieto&scaron;anai ar dubult\u0101m virv\u0113m 8 l\u012bdz 13 mm diametr\u0101. [&hellip;]<\/p>\n","protected":false},"featured_media":0,"template":"","meta":[],"product_brand":[957],"product_cat":[4851,4875,4881],"product_tag":[],"class_list":{"0":"post-77017","1":"product","2":"type-product","3":"status-publish","5":"product_brand-petzl","6":"product_cat-mountaineering-equipment-recreation","7":"product_cat-for-work-at-height-mountaineering-equipment-recreation","8":"product_cat-rope-ascenders-en-dupcheck-589-for-work-at-height-mountaineering-equipment-recreation","10":"first","11":"instock","12":"shipping-taxable","13":"purchasable","14":"product-type-simple"},"_links":{"self":[{"href":"https:\/\/sezona.lv\/en\/wp-json\/wp\/v2\/product\/77017","targetHints":{"allow":["GET"]}}],"collection":[{"href":"https:\/\/sezona.lv\/en\/wp-json\/wp\/v2\/product"}],"about":[{"href":"https:\/\/sezona.lv\/en\/wp-json\/wp\/v2\/types\/product"}],"wp:attachment":[{"href":"https:\/\/sezona.lv\/en\/wp-json\/wp\/v2\/media?parent=77017"}],"wp:term":[{"taxonomy":"product_brand","embeddable":true,"href":"https:\/\/sezona.lv\/en\/wp-json\/wp\/v2\/product_brand?post=77017"},{"taxonomy":"product_cat","embeddable":true,"href":"https:\/\/sezona.lv\/en\/wp-json\/wp\/v2\/product_cat?post=77017"},{"taxonomy":"product_tag","embeddable":true,"href":"https:\/\/sezona.lv\/en\/wp-json\/wp\/v2\/product_tag?post=77017"}],"curies":[{"name":"wp","href":"https:\/\/api.w.org\/{rel}","templated":true}]}}