{"id":77019,"date":"2025-07-14T14:59:46","date_gmt":"2025-07-14T11:59:46","guid":{"rendered":"https:\/\/demo8.ecube.lv\/sezona.lv\/products\/virve-petzl-parallel-10-5\/"},"modified":"2025-07-14T14:59:46","modified_gmt":"2025-07-14T11:59:46","slug":"virve-petzl-parallel-10-5","status":"publish","type":"product","link":"https:\/\/sezona.lv\/en\/products\/virve-petzl-parallel-10-5\/","title":{"rendered":"Virve Petzl Parallel 10.5"},"content":{"rendered":"<p><span>Pusdinamisk\u0101 virve sare\u017e\u0123\u012bt\u0101m piek\u013cuv\u0113m un intens\u012bvai lieto&scaron;anai. Virves mazais diametrs samazina svaru un apjomu, kas prasa zin\u0101&scaron;anas virves kontrol\u0113 un nolai&scaron;an\u0101s procesos. T\u0101 ir elast\u012bga un viegli kontrol\u0113jama.<\/span><\/p>\n<p>&nbsp;<\/p>\n<ul class=\"item_traits\">\n<li class=\"odd\"><label>Diametrs:<\/label><span>10.5 mm<\/span><\/li>\n<li><label>Iztur\u012bba:<\/label><span>22 (15) kN<\/span><\/li>\n<li class=\"odd\"><label>Tips:<\/label><span>A<\/span><\/li>\n<li><label>Svars:<\/label><span>70 g<\/span><\/li>\n<\/ul>\n","protected":false},"excerpt":{"rendered":"<p>Pusdinamisk\u0101 virve sare\u017e\u0123\u012bt\u0101m piek\u013cuv\u0113m un intens\u012bvai lieto&scaron;anai. Virves mazais diametrs samazina svaru un apjomu, kas prasa zin\u0101&scaron;anas virves kontrol\u0113 un nolai&scaron;an\u0101s procesos. T\u0101 ir elast\u012bga un viegli kontrol\u0113jama. &nbsp; Diametrs:10.5 mm Iztur\u012bba:22 (15) kN Tips:A Svars:70 g<\/p>\n","protected":false},"featured_media":0,"template":"","meta":[],"product_brand":[957],"product_cat":[4851,4885,4887],"product_tag":[],"class_list":{"0":"post-77019","1":"product","2":"type-product","3":"status-publish","5":"product_brand-petzl","6":"product_cat-mountaineering-equipment-recreation","7":"product_cat-ropes-mountaineering-equipment-recreation","8":"product_cat-semi-dynamic-static-ropes-ropes-mountaineering-equipment-recreation","10":"first","11":"instock","12":"shipping-taxable","13":"purchasable","14":"product-type-simple"},"_links":{"self":[{"href":"https:\/\/sezona.lv\/en\/wp-json\/wp\/v2\/product\/77019","targetHints":{"allow":["GET"]}}],"collection":[{"href":"https:\/\/sezona.lv\/en\/wp-json\/wp\/v2\/product"}],"about":[{"href":"https:\/\/sezona.lv\/en\/wp-json\/wp\/v2\/types\/product"}],"wp:attachment":[{"href":"https:\/\/sezona.lv\/en\/wp-json\/wp\/v2\/media?parent=77019"}],"wp:term":[{"taxonomy":"product_brand","embeddable":true,"href":"https:\/\/sezona.lv\/en\/wp-json\/wp\/v2\/product_brand?post=77019"},{"taxonomy":"product_cat","embeddable":true,"href":"https:\/\/sezona.lv\/en\/wp-json\/wp\/v2\/product_cat?post=77019"},{"taxonomy":"product_tag","embeddable":true,"href":"https:\/\/sezona.lv\/en\/wp-json\/wp\/v2\/product_tag?post=77019"}],"curies":[{"name":"wp","href":"https:\/\/api.w.org\/{rel}","templated":true}]}}