{"id":77020,"date":"2025-07-14T14:59:47","date_gmt":"2025-07-14T11:59:47","guid":{"rendered":"https:\/\/demo8.ecube.lv\/sezona.lv\/products\/virve-tendon-static-13-mm-200-m\/"},"modified":"2025-07-14T14:59:47","modified_gmt":"2025-07-14T11:59:47","slug":"virve-tendon-static-13-mm-200-m","status":"publish","type":"product","link":"https:\/\/sezona.lv\/en\/products\/virve-tendon-static-13-mm-200-m\/","title":{"rendered":"Virve Tendon Static 13 mm (200 m)"},"content":{"rendered":"<p><span>Nodilumiztur\u012bga statisk\u0101 virve ar mazu stiep&scaron;an\u0101s koeficientu, lielu iztur\u012bbu un ilgu kalpo&scaron;anas laiku. Paredz\u0113ta lieto&scaron;anai da\u017e\u0101diem m\u0113r\u0137iem, t.sk. darbam augstum\u0101, kravu cel&scaron;anai, margu veido&scaron;anai vai spriego&scaron;anai. Virve atbilst EN 1891 un CE 1019 standartu pras\u012bb\u0101m. Jo liel\u0101ks diametrs,jo iztur\u012bg\u0101ka b\u016bs virve.<\/span><\/p>\n<p>&nbsp;<\/p>\n<ul class=\"item_traits\">\n<li class=\"odd\"><label>Diametrs:<\/label><span>13 mm<\/span><\/li>\n<li><label>Iztur\u012bba:<\/label><span>42 kN<\/span><\/li>\n<li class=\"odd\"><label>Apvalka nob\u012bde:<\/label><span>o mm<\/span><\/li>\n<li><label>Statisk\u0101 izstiep&scaron;an\u0101s (50-150kg):<\/label><span>3.3 %<\/span><\/li>\n<li class=\"odd\"><label>Materi\u0101ls:<\/label><span>PA<\/span><\/li>\n<li><label>Tips:<\/label><span>A<\/span><\/li>\n<li class=\"odd\"><label>Svars:<\/label><span>110 g<\/span><\/li>\n<\/ul>\n","protected":false},"excerpt":{"rendered":"<p>Nodilumiztur\u012bga statisk\u0101 virve ar mazu stiep&scaron;an\u0101s koeficientu, lielu iztur\u012bbu un ilgu kalpo&scaron;anas laiku. Paredz\u0113ta lieto&scaron;anai da\u017e\u0101diem m\u0113r\u0137iem, t.sk. darbam augstum\u0101, kravu cel&scaron;anai, margu veido&scaron;anai vai spriego&scaron;anai. Virve atbilst EN 1891 un CE 1019 standartu pras\u012bb\u0101m. Jo liel\u0101ks diametrs,jo iztur\u012bg\u0101ka b\u016bs virve. &nbsp; Diametrs:13 mm Iztur\u012bba:42 kN Apvalka nob\u012bde:o mm Statisk\u0101 izstiep&scaron;an\u0101s (50-150kg):3.3 % Materi\u0101ls:PA Tips:A [&hellip;]<\/p>\n","protected":false},"featured_media":0,"template":"","meta":[],"product_brand":[3351],"product_cat":[4851,4885,4887],"product_tag":[],"class_list":{"0":"post-77020","1":"product","2":"type-product","3":"status-publish","5":"product_brand-tendon","6":"product_cat-mountaineering-equipment-recreation","7":"product_cat-ropes-mountaineering-equipment-recreation","8":"product_cat-semi-dynamic-static-ropes-ropes-mountaineering-equipment-recreation","10":"first","11":"instock","12":"shipping-taxable","13":"purchasable","14":"product-type-simple"},"_links":{"self":[{"href":"https:\/\/sezona.lv\/en\/wp-json\/wp\/v2\/product\/77020","targetHints":{"allow":["GET"]}}],"collection":[{"href":"https:\/\/sezona.lv\/en\/wp-json\/wp\/v2\/product"}],"about":[{"href":"https:\/\/sezona.lv\/en\/wp-json\/wp\/v2\/types\/product"}],"wp:attachment":[{"href":"https:\/\/sezona.lv\/en\/wp-json\/wp\/v2\/media?parent=77020"}],"wp:term":[{"taxonomy":"product_brand","embeddable":true,"href":"https:\/\/sezona.lv\/en\/wp-json\/wp\/v2\/product_brand?post=77020"},{"taxonomy":"product_cat","embeddable":true,"href":"https:\/\/sezona.lv\/en\/wp-json\/wp\/v2\/product_cat?post=77020"},{"taxonomy":"product_tag","embeddable":true,"href":"https:\/\/sezona.lv\/en\/wp-json\/wp\/v2\/product_tag?post=77020"}],"curies":[{"name":"wp","href":"https:\/\/api.w.org\/{rel}","templated":true}]}}