{"id":77021,"date":"2025-07-14T14:59:48","date_gmt":"2025-07-14T11:59:48","guid":{"rendered":"https:\/\/demo8.ecube.lv\/sezona.lv\/products\/virve-petzl-grip-12-5-mm\/"},"modified":"2025-07-14T14:59:48","modified_gmt":"2025-07-14T11:59:48","slug":"virve-petzl-grip-12-5-mm","status":"publish","type":"product","link":"https:\/\/sezona.lv\/en\/products\/virve-petzl-grip-12-5-mm\/","title":{"rendered":"Virve Petzl Grip 12.5 mm"},"content":{"rendered":"<p><span>Augstas iztur\u012bbas pus-dinamisk\u0101 (statisk\u0101)virve, kas piem\u0113rota gl\u0101b&scaron;anas darbiem. Virves diametrs nodro&scaron;ina lielisku satver&scaron;anu. Sertifik\u0101cija: CE, EN 1891 Tips A (pus-dinamisk\u0101 virve).<\/span><\/p>\n<p>&nbsp;<\/p>\n<ul class=\"item_traits\">\n<li class=\"odd\"><label>Diametrs:<\/label><span>12.5 mm<\/span><\/li>\n<li><label>Iztur\u012bba:<\/label><span>15 kN &#8211; ar iesietu astotnieka mezglu; Iztur\u012bba ar &scaron;\u016btiem galiem &#8211; 22 kN; Trieciena iztur\u012bba (faktors 0.3) &#8211; 5.2 kN kN<\/span><\/li>\n<li class=\"odd\"><label>Svars:<\/label><span>3.03 kg<\/span><\/li>\n<\/ul>\n","protected":false},"excerpt":{"rendered":"<p>Augstas iztur\u012bbas pus-dinamisk\u0101 (statisk\u0101)virve, kas piem\u0113rota gl\u0101b&scaron;anas darbiem. Virves diametrs nodro&scaron;ina lielisku satver&scaron;anu. Sertifik\u0101cija: CE, EN 1891 Tips A (pus-dinamisk\u0101 virve). &nbsp; Diametrs:12.5 mm Iztur\u012bba:15 kN &#8211; ar iesietu astotnieka mezglu; Iztur\u012bba ar &scaron;\u016btiem galiem &#8211; 22 kN; Trieciena iztur\u012bba (faktors 0.3) &#8211; 5.2 kN kN Svars:3.03 kg<\/p>\n","protected":false},"featured_media":0,"template":"","meta":[],"product_brand":[957],"product_cat":[4851,4885,4887],"product_tag":[],"class_list":{"0":"post-77021","1":"product","2":"type-product","3":"status-publish","5":"product_brand-petzl","6":"product_cat-mountaineering-equipment-recreation","7":"product_cat-ropes-mountaineering-equipment-recreation","8":"product_cat-semi-dynamic-static-ropes-ropes-mountaineering-equipment-recreation","10":"first","11":"instock","12":"shipping-taxable","13":"purchasable","14":"product-type-simple"},"_links":{"self":[{"href":"https:\/\/sezona.lv\/en\/wp-json\/wp\/v2\/product\/77021","targetHints":{"allow":["GET"]}}],"collection":[{"href":"https:\/\/sezona.lv\/en\/wp-json\/wp\/v2\/product"}],"about":[{"href":"https:\/\/sezona.lv\/en\/wp-json\/wp\/v2\/types\/product"}],"wp:attachment":[{"href":"https:\/\/sezona.lv\/en\/wp-json\/wp\/v2\/media?parent=77021"}],"wp:term":[{"taxonomy":"product_brand","embeddable":true,"href":"https:\/\/sezona.lv\/en\/wp-json\/wp\/v2\/product_brand?post=77021"},{"taxonomy":"product_cat","embeddable":true,"href":"https:\/\/sezona.lv\/en\/wp-json\/wp\/v2\/product_cat?post=77021"},{"taxonomy":"product_tag","embeddable":true,"href":"https:\/\/sezona.lv\/en\/wp-json\/wp\/v2\/product_tag?post=77021"}],"curies":[{"name":"wp","href":"https:\/\/api.w.org\/{rel}","templated":true}]}}