{"id":77023,"date":"2025-07-14T14:59:49","date_gmt":"2025-07-14T11:59:49","guid":{"rendered":"https:\/\/demo8.ecube.lv\/sezona.lv\/products\/trisis-petzl-rescue-a\/"},"modified":"2025-07-14T14:59:49","modified_gmt":"2025-07-14T11:59:49","slug":"trisis-petzl-rescue-a","status":"publish","type":"product","link":"https:\/\/sezona.lv\/en\/products\/trisis-petzl-rescue-a\/","title":{"rendered":"Tr\u012bsis Petzl Rescue A"},"content":{"rendered":"<p><span>Augstas iztur\u012bbas un efektivit\u0101tes tr\u012bsis, kas piem\u0113rots intens\u012bvai lieto&scaron;anai da\u017e\u0101du gl\u0101b&scaron;anas darbu un citu darbu veik&scaron;an\u0101. Apr\u012bkots ar vienu lielu skrituli, kas mont\u0113ts uz sl\u0113gtu gult\u0146u meh\u0101nisma.<\/span><br \/><span>Paredz\u0113ts lieto&scaron;anai ar virv\u0113m diametr\u0101 no 7 l\u012bdz 13 mm.<\/span><\/p>\n<p>&nbsp;<\/p>\n<ul class=\"item_traits\">\n<li class=\"odd\"><label>Efektivit\u0101te:<\/label><span>95 %<\/span><\/li>\n<li><label>max. darba slodze:<\/label><span>4 x 2 = 8kN<\/span><\/li>\n<li class=\"odd\"><label>Skritu\u013ci:<\/label><span>38 mm alum\u012bnija ar gult\u0146iem<\/span><\/li>\n<li><label>Virves diametrs:<\/label><span>7 &#8211; 13 mm<\/span><\/li>\n<li class=\"odd\"><label>Svars:<\/label><span>190 g<\/span><\/li>\n<\/ul>\n","protected":false},"excerpt":{"rendered":"<p>Augstas iztur\u012bbas un efektivit\u0101tes tr\u012bsis, kas piem\u0113rots intens\u012bvai lieto&scaron;anai da\u017e\u0101du gl\u0101b&scaron;anas darbu un citu darbu veik&scaron;an\u0101. Apr\u012bkots ar vienu lielu skrituli, kas mont\u0113ts uz sl\u0113gtu gult\u0146u meh\u0101nisma.Paredz\u0113ts lieto&scaron;anai ar virv\u0113m diametr\u0101 no 7 l\u012bdz 13 mm. &nbsp; Efektivit\u0101te:95 % max. darba slodze:4 x 2 = 8kN Skritu\u013ci:38 mm alum\u012bnija ar gult\u0146iem Virves diametrs:7 &#8211; 13 [&hellip;]<\/p>\n","protected":false},"featured_media":0,"template":"","meta":[],"product_brand":[957],"product_cat":[4851,4875,4878],"product_tag":[],"class_list":{"0":"post-77023","1":"product","2":"type-product","3":"status-publish","5":"product_brand-petzl","6":"product_cat-mountaineering-equipment-recreation","7":"product_cat-for-work-at-height-mountaineering-equipment-recreation","8":"product_cat-pulleys-en-dupcheck-169-for-work-at-height-mountaineering-equipment-recreation","10":"first","11":"instock","12":"shipping-taxable","13":"purchasable","14":"product-type-simple"},"_links":{"self":[{"href":"https:\/\/sezona.lv\/en\/wp-json\/wp\/v2\/product\/77023","targetHints":{"allow":["GET"]}}],"collection":[{"href":"https:\/\/sezona.lv\/en\/wp-json\/wp\/v2\/product"}],"about":[{"href":"https:\/\/sezona.lv\/en\/wp-json\/wp\/v2\/types\/product"}],"wp:attachment":[{"href":"https:\/\/sezona.lv\/en\/wp-json\/wp\/v2\/media?parent=77023"}],"wp:term":[{"taxonomy":"product_brand","embeddable":true,"href":"https:\/\/sezona.lv\/en\/wp-json\/wp\/v2\/product_brand?post=77023"},{"taxonomy":"product_cat","embeddable":true,"href":"https:\/\/sezona.lv\/en\/wp-json\/wp\/v2\/product_cat?post=77023"},{"taxonomy":"product_tag","embeddable":true,"href":"https:\/\/sezona.lv\/en\/wp-json\/wp\/v2\/product_tag?post=77023"}],"curies":[{"name":"wp","href":"https:\/\/api.w.org\/{rel}","templated":true}]}}