{"id":77024,"date":"2025-07-14T14:59:50","date_gmt":"2025-07-14T11:59:50","guid":{"rendered":"https:\/\/demo8.ecube.lv\/sezona.lv\/products\/trisis-petzl-minder-prusik\/"},"modified":"2025-07-14T14:59:50","modified_gmt":"2025-07-14T11:59:50","slug":"trisis-petzl-minder-prusik","status":"publish","type":"product","link":"https:\/\/sezona.lv\/en\/products\/trisis-petzl-minder-prusik\/","title":{"rendered":"Tr\u012bsis Petzl Minder Prusik"},"content":{"rendered":"<p><span>Augstas efektivit\u0101tes un iztur\u012bbas tr\u012bsis.<\/span><br \/><span>\u012apa&scaron;i veidotas s\u0101nu plates \u013cauj to lietot blo\u0137\u0113jo&scaron;\u0101s sist\u0113m\u0101s ar prusik mezglu. Efektivit\u0101ti nodro&scaron;ina liela diametra rull\u012btis un sl\u0113gtie gult\u0146i. Sertific\u0113ts: CE EN 12278,<\/span><br \/><span>NFPA 1983.<\/span><\/p>\n<p>&nbsp;<\/p>\n<ul class=\"item_traits\">\n<li class=\"odd\"><label>Efektivit\u0101te:<\/label><span>97% %<\/span><\/li>\n<li><label>max. darba slodze:<\/label><span>4 kN x 2 = 8 kN<\/span><\/li>\n<li class=\"odd\"><label>Skritu\u013ci:<\/label><span>1 (51 mm)<\/span><\/li>\n<li><label>Virves diametrs:<\/label><span>7 &#8211; 13 mm<\/span><\/li>\n<li class=\"odd\"><label>Svars:<\/label><span>300 g<\/span><\/li>\n<\/ul>\n","protected":false},"excerpt":{"rendered":"<p>Augstas efektivit\u0101tes un iztur\u012bbas tr\u012bsis.\u012apa&scaron;i veidotas s\u0101nu plates \u013cauj to lietot blo\u0137\u0113jo&scaron;\u0101s sist\u0113m\u0101s ar prusik mezglu. Efektivit\u0101ti nodro&scaron;ina liela diametra rull\u012btis un sl\u0113gtie gult\u0146i. Sertific\u0113ts: CE EN 12278,NFPA 1983. &nbsp; Efektivit\u0101te:97% % max. darba slodze:4 kN x 2 = 8 kN Skritu\u013ci:1 (51 mm) Virves diametrs:7 &#8211; 13 mm Svars:300 g<\/p>\n","protected":false},"featured_media":0,"template":"","meta":[],"product_brand":[957],"product_cat":[4851,4875,4878],"product_tag":[],"class_list":{"0":"post-77024","1":"product","2":"type-product","3":"status-publish","5":"product_brand-petzl","6":"product_cat-mountaineering-equipment-recreation","7":"product_cat-for-work-at-height-mountaineering-equipment-recreation","8":"product_cat-pulleys-en-dupcheck-169-for-work-at-height-mountaineering-equipment-recreation","10":"first","11":"instock","12":"shipping-taxable","13":"purchasable","14":"product-type-simple"},"_links":{"self":[{"href":"https:\/\/sezona.lv\/en\/wp-json\/wp\/v2\/product\/77024","targetHints":{"allow":["GET"]}}],"collection":[{"href":"https:\/\/sezona.lv\/en\/wp-json\/wp\/v2\/product"}],"about":[{"href":"https:\/\/sezona.lv\/en\/wp-json\/wp\/v2\/types\/product"}],"wp:attachment":[{"href":"https:\/\/sezona.lv\/en\/wp-json\/wp\/v2\/media?parent=77024"}],"wp:term":[{"taxonomy":"product_brand","embeddable":true,"href":"https:\/\/sezona.lv\/en\/wp-json\/wp\/v2\/product_brand?post=77024"},{"taxonomy":"product_cat","embeddable":true,"href":"https:\/\/sezona.lv\/en\/wp-json\/wp\/v2\/product_cat?post=77024"},{"taxonomy":"product_tag","embeddable":true,"href":"https:\/\/sezona.lv\/en\/wp-json\/wp\/v2\/product_tag?post=77024"}],"curies":[{"name":"wp","href":"https:\/\/api.w.org\/{rel}","templated":true}]}}