{"id":77025,"date":"2025-07-14T14:59:51","date_gmt":"2025-07-14T11:59:51","guid":{"rendered":"https:\/\/demo8.ecube.lv\/sezona.lv\/products\/trisis-petzl-gemini\/"},"modified":"2025-07-14T14:59:51","modified_gmt":"2025-07-14T11:59:51","slug":"trisis-petzl-gemini","status":"publish","type":"product","link":"https:\/\/sezona.lv\/en\/products\/trisis-petzl-gemini\/","title":{"rendered":"Tr\u012bsis Petzl Gemini"},"content":{"rendered":"<p><span>Kompakts, viegls un efekt\u012bvs dubultais tr\u012bsis, kas apr\u012bkots ar papildus\/pal\u012bg-stiprin\u0101juma punktiem, lieto&scaron;anai tehniskaj\u0101 vilk&scaron;anas sist\u0113m\u0101. Speci\u0101l\u0101s s\u0101nu pl\u0101tnes paredz\u0113tas lieto&scaron;anai ar Prusik berzes mezglu viegl\u0101 progresijas blo\u0137\u0113jo&scaron;aj\u0101s sist\u0113m\u0101. Paral\u0113li mont\u0113tie skritu\u013ci un papildus\/pal\u012bg-stiprin\u0101juma punkti \u013cauj izveidot da\u017e\u0101da tipa vilk&scaron;anas sist\u0113mas, ieskaitot vissare\u017e\u0123\u012bt\u0101k\u0101s. Skritulis mont\u0113ts uz sl\u0113gtiem lod\u012b&scaron;u gult\u0146iem, kad nodro&scaron;in\u0101s lielisku efektivit\u0101ti. Materi\u0101ls: Alum\u012bnija s\u0101nu pl\u0101tnes, alum\u012bnija skritulis; Slodzes iztur\u012bba: 23 kN. Sertifik\u0101cija: CE EN 12278, UIAA.<\/span><\/p>\n<p>&nbsp;<\/p>\n<ul class=\"item_traits\">\n<li class=\"odd\"><label>Efektivit\u0101te:<\/label><span>91 %<\/span><\/li>\n<li><label>max. darba slodze:<\/label><span>2 x 1.5 x 2 = 6kN<\/span><\/li>\n<li class=\"odd\"><label>Skritu\u013ci:<\/label><span>Skritu\u013ca diametrs: 25 mm<\/span><\/li>\n<li><label>Virves diametrs:<\/label><span>7 &#8211; 11 mm<\/span><\/li>\n<li class=\"odd\"><label>Svars:<\/label><span>130 g<\/span><\/li>\n<\/ul>\n","protected":false},"excerpt":{"rendered":"<p>Kompakts, viegls un efekt\u012bvs dubultais tr\u012bsis, kas apr\u012bkots ar papildus\/pal\u012bg-stiprin\u0101juma punktiem, lieto&scaron;anai tehniskaj\u0101 vilk&scaron;anas sist\u0113m\u0101. Speci\u0101l\u0101s s\u0101nu pl\u0101tnes paredz\u0113tas lieto&scaron;anai ar Prusik berzes mezglu viegl\u0101 progresijas blo\u0137\u0113jo&scaron;aj\u0101s sist\u0113m\u0101. Paral\u0113li mont\u0113tie skritu\u013ci un papildus\/pal\u012bg-stiprin\u0101juma punkti \u013cauj izveidot da\u017e\u0101da tipa vilk&scaron;anas sist\u0113mas, ieskaitot vissare\u017e\u0123\u012bt\u0101k\u0101s. Skritulis mont\u0113ts uz sl\u0113gtiem lod\u012b&scaron;u gult\u0146iem, kad nodro&scaron;in\u0101s lielisku efektivit\u0101ti. Materi\u0101ls: Alum\u012bnija s\u0101nu [&hellip;]<\/p>\n","protected":false},"featured_media":0,"template":"","meta":[],"product_brand":[957],"product_cat":[4851,4875,4878],"product_tag":[],"class_list":{"0":"post-77025","1":"product","2":"type-product","3":"status-publish","5":"product_brand-petzl","6":"product_cat-mountaineering-equipment-recreation","7":"product_cat-for-work-at-height-mountaineering-equipment-recreation","8":"product_cat-pulleys-en-dupcheck-169-for-work-at-height-mountaineering-equipment-recreation","10":"first","11":"instock","12":"shipping-taxable","13":"purchasable","14":"product-type-simple"},"_links":{"self":[{"href":"https:\/\/sezona.lv\/en\/wp-json\/wp\/v2\/product\/77025","targetHints":{"allow":["GET"]}}],"collection":[{"href":"https:\/\/sezona.lv\/en\/wp-json\/wp\/v2\/product"}],"about":[{"href":"https:\/\/sezona.lv\/en\/wp-json\/wp\/v2\/types\/product"}],"wp:attachment":[{"href":"https:\/\/sezona.lv\/en\/wp-json\/wp\/v2\/media?parent=77025"}],"wp:term":[{"taxonomy":"product_brand","embeddable":true,"href":"https:\/\/sezona.lv\/en\/wp-json\/wp\/v2\/product_brand?post=77025"},{"taxonomy":"product_cat","embeddable":true,"href":"https:\/\/sezona.lv\/en\/wp-json\/wp\/v2\/product_cat?post=77025"},{"taxonomy":"product_tag","embeddable":true,"href":"https:\/\/sezona.lv\/en\/wp-json\/wp\/v2\/product_tag?post=77025"}],"curies":[{"name":"wp","href":"https:\/\/api.w.org\/{rel}","templated":true}]}}