{"id":77026,"date":"2025-07-14T14:59:51","date_gmt":"2025-07-14T11:59:51","guid":{"rendered":"https:\/\/demo8.ecube.lv\/sezona.lv\/products\/trisis-petzl-kootenay\/"},"modified":"2025-07-14T14:59:51","modified_gmt":"2025-07-14T11:59:51","slug":"trisis-petzl-kootenay","status":"publish","type":"product","link":"https:\/\/sezona.lv\/en\/products\/trisis-petzl-kootenay\/","title":{"rendered":"Tr\u012bsis Petzl Kootenay"},"content":{"rendered":"<p><span>Tr\u012bsis, kas piem\u0113rots liela izm\u0113ra virv\u0113m ar mezgliem. &Scaron;\u0101da veida tr\u012b&scaron;us lieto darbam augstum\u0101 un gl\u0101b&scaron;anas darbiem.<\/span><\/p>\n<p>&nbsp;<\/p>\n<ul class=\"item_traits\">\n<li class=\"odd\"><label>max. darba slodze:<\/label><span>5kN x 2 = 10kN<\/span><\/li>\n<li><label>Skritu\u013ci:<\/label><span>76 mm gult\u0146i<\/span><\/li>\n<li class=\"odd\"><label>Virves diametrs:<\/label><span>8 &#8211; 19 mm<\/span><\/li>\n<li><label>Svars:<\/label><span>1.39 kg<\/span><\/li>\n<\/ul>\n","protected":false},"excerpt":{"rendered":"<p>Tr\u012bsis, kas piem\u0113rots liela izm\u0113ra virv\u0113m ar mezgliem. &Scaron;\u0101da veida tr\u012b&scaron;us lieto darbam augstum\u0101 un gl\u0101b&scaron;anas darbiem. &nbsp; max. darba slodze:5kN x 2 = 10kN Skritu\u013ci:76 mm gult\u0146i Virves diametrs:8 &#8211; 19 mm Svars:1.39 kg<\/p>\n","protected":false},"featured_media":0,"template":"","meta":[],"product_brand":[957],"product_cat":[4851,4875,4878],"product_tag":[],"class_list":{"0":"post-77026","1":"product","2":"type-product","3":"status-publish","5":"product_brand-petzl","6":"product_cat-mountaineering-equipment-recreation","7":"product_cat-for-work-at-height-mountaineering-equipment-recreation","8":"product_cat-pulleys-en-dupcheck-169-for-work-at-height-mountaineering-equipment-recreation","10":"first","11":"instock","12":"shipping-taxable","13":"purchasable","14":"product-type-simple"},"_links":{"self":[{"href":"https:\/\/sezona.lv\/en\/wp-json\/wp\/v2\/product\/77026","targetHints":{"allow":["GET"]}}],"collection":[{"href":"https:\/\/sezona.lv\/en\/wp-json\/wp\/v2\/product"}],"about":[{"href":"https:\/\/sezona.lv\/en\/wp-json\/wp\/v2\/types\/product"}],"wp:attachment":[{"href":"https:\/\/sezona.lv\/en\/wp-json\/wp\/v2\/media?parent=77026"}],"wp:term":[{"taxonomy":"product_brand","embeddable":true,"href":"https:\/\/sezona.lv\/en\/wp-json\/wp\/v2\/product_brand?post=77026"},{"taxonomy":"product_cat","embeddable":true,"href":"https:\/\/sezona.lv\/en\/wp-json\/wp\/v2\/product_cat?post=77026"},{"taxonomy":"product_tag","embeddable":true,"href":"https:\/\/sezona.lv\/en\/wp-json\/wp\/v2\/product_tag?post=77026"}],"curies":[{"name":"wp","href":"https:\/\/api.w.org\/{rel}","templated":true}]}}