{"id":77030,"date":"2025-07-14T14:59:54","date_gmt":"2025-07-14T11:59:54","guid":{"rendered":"https:\/\/demo8.ecube.lv\/sezona.lv\/products\/cilpa-petzl-anneau-zila-80cm\/"},"modified":"2025-07-14T14:59:54","modified_gmt":"2025-07-14T11:59:54","slug":"cilpa-petzl-anneau-zila-80cm","status":"publish","type":"product","link":"https:\/\/sezona.lv\/en\/products\/cilpa-petzl-anneau-zila-80cm\/","title":{"rendered":"Cilpa Petzl Anneau zila 80cm"},"content":{"rendered":"<p><span>Atsai&scaron;u cilpas staciju veido&scaron;anai vai enkuru punktu pagarin\u0101&scaron;anai. Veidotas no stingra, iztur\u012bga neilona. Sertific\u0113tas p\u0113c CE EN dro&scaron;\u012bbas standartiem.<\/span><\/p>\n<p>&nbsp;<\/p>\n<ul id=\"traits_1468\" class=\"item_traits\">\n<li class=\"odd\"><label>Kr\u0101sa:<\/label><span>Zila<\/span><\/li>\n<li><label>Garums:<\/label><span>80 cm<\/span><\/li>\n<li class=\"odd\"><label>Garums:<\/label><span>80 cm<\/span><\/li>\n<li><label>Iztur\u012bba:<\/label><span>22 kN<\/span><\/li>\n<li class=\"odd\"><label>Materi\u0101ls:<\/label><span>Neilons<\/span><\/li>\n<li><label>Platums:<\/label><span>19 mm<\/span><\/li>\n<li class=\"odd\"><label>Svars:<\/label><span>80 g<\/span><\/li>\n<\/ul>\n","protected":false},"excerpt":{"rendered":"<p>Atsai&scaron;u cilpas staciju veido&scaron;anai vai enkuru punktu pagarin\u0101&scaron;anai. Veidotas no stingra, iztur\u012bga neilona. Sertific\u0113tas p\u0113c CE EN dro&scaron;\u012bbas standartiem. &nbsp; Kr\u0101sa:Zila Garums:80 cm Garums:80 cm Iztur\u012bba:22 kN Materi\u0101ls:Neilons Platums:19 mm Svars:80 g<\/p>\n","protected":false},"featured_media":0,"template":"","meta":[],"product_brand":[957],"product_cat":[4851,4875,4882],"product_tag":[],"class_list":{"0":"post-77030","1":"product","2":"type-product","3":"status-publish","5":"product_brand-petzl","6":"product_cat-mountaineering-equipment-recreation","7":"product_cat-for-work-at-height-mountaineering-equipment-recreation","8":"product_cat-fasteners-and-slings-for-work-at-height-mountaineering-equipment-recreation","10":"first","11":"instock","12":"shipping-taxable","13":"purchasable","14":"product-type-simple"},"_links":{"self":[{"href":"https:\/\/sezona.lv\/en\/wp-json\/wp\/v2\/product\/77030","targetHints":{"allow":["GET"]}}],"collection":[{"href":"https:\/\/sezona.lv\/en\/wp-json\/wp\/v2\/product"}],"about":[{"href":"https:\/\/sezona.lv\/en\/wp-json\/wp\/v2\/types\/product"}],"wp:attachment":[{"href":"https:\/\/sezona.lv\/en\/wp-json\/wp\/v2\/media?parent=77030"}],"wp:term":[{"taxonomy":"product_brand","embeddable":true,"href":"https:\/\/sezona.lv\/en\/wp-json\/wp\/v2\/product_brand?post=77030"},{"taxonomy":"product_cat","embeddable":true,"href":"https:\/\/sezona.lv\/en\/wp-json\/wp\/v2\/product_cat?post=77030"},{"taxonomy":"product_tag","embeddable":true,"href":"https:\/\/sezona.lv\/en\/wp-json\/wp\/v2\/product_tag?post=77030"}],"curies":[{"name":"wp","href":"https:\/\/api.w.org\/{rel}","templated":true}]}}