{"id":77034,"date":"2025-07-14T14:59:57","date_gmt":"2025-07-14T11:59:57","guid":{"rendered":"https:\/\/demo8.ecube.lv\/sezona.lv\/products\/cilpa-edelrid-bandschlinge-25-mm-zala-150cm\/"},"modified":"2025-07-14T14:59:57","modified_gmt":"2025-07-14T11:59:57","slug":"cilpa-edelrid-bandschlinge-25-mm-zala-150cm","status":"publish","type":"product","link":"https:\/\/sezona.lv\/en\/products\/cilpa-edelrid-bandschlinge-25-mm-zala-150cm\/","title":{"rendered":"Cilpa Edelrid Bandschlinge 25 mm za\u013ca 150cm"},"content":{"rendered":"<p><span>25 mm plata cilpa ar p\u0101rsteidzo&scaron;u slodzes iztur\u012bbu (30 kN), kas izgatavota no X-tube lentes. Kr\u0101su kods nosaka cilpas garumu. Tr\u012bs standatra garumi padara to par daudzfunkcion\u0101lu sabiedroto. Cilpai \u013coti zema stiepe.<\/span><\/p>\n<p>&nbsp;<\/p>\n<ul id=\"traits_37828\" class=\"item_traits\">\n<li class=\"odd\"><label>Kr\u0101sa:<\/label><span>Za\u013ca<\/span><\/li>\n<li><label>Garums:<\/label><span>150 cm<\/span><\/li>\n<li class=\"odd\"><label>Garums:<\/label><span>150 cm<\/span><\/li>\n<li><label>Iztur\u012bba:<\/label><span>30 kN<\/span><\/li>\n<li class=\"odd\"><label>Platums:<\/label><span>25 mm<\/span><\/li>\n<li><label>Svars:<\/label><span>130 g<\/span><\/li>\n<\/ul>\n","protected":false},"excerpt":{"rendered":"<p>25 mm plata cilpa ar p\u0101rsteidzo&scaron;u slodzes iztur\u012bbu (30 kN), kas izgatavota no X-tube lentes. Kr\u0101su kods nosaka cilpas garumu. Tr\u012bs standatra garumi padara to par daudzfunkcion\u0101lu sabiedroto. Cilpai \u013coti zema stiepe. &nbsp; Kr\u0101sa:Za\u013ca Garums:150 cm Garums:150 cm Iztur\u012bba:30 kN Platums:25 mm Svars:130 g<\/p>\n","protected":false},"featured_media":0,"template":"","meta":[],"product_brand":[3348],"product_cat":[4851,4875,4882],"product_tag":[],"class_list":{"0":"post-77034","1":"product","2":"type-product","3":"status-publish","5":"product_brand-edelrid","6":"product_cat-mountaineering-equipment-recreation","7":"product_cat-for-work-at-height-mountaineering-equipment-recreation","8":"product_cat-fasteners-and-slings-for-work-at-height-mountaineering-equipment-recreation","10":"first","11":"instock","12":"shipping-taxable","13":"purchasable","14":"product-type-simple"},"_links":{"self":[{"href":"https:\/\/sezona.lv\/en\/wp-json\/wp\/v2\/product\/77034","targetHints":{"allow":["GET"]}}],"collection":[{"href":"https:\/\/sezona.lv\/en\/wp-json\/wp\/v2\/product"}],"about":[{"href":"https:\/\/sezona.lv\/en\/wp-json\/wp\/v2\/types\/product"}],"wp:attachment":[{"href":"https:\/\/sezona.lv\/en\/wp-json\/wp\/v2\/media?parent=77034"}],"wp:term":[{"taxonomy":"product_brand","embeddable":true,"href":"https:\/\/sezona.lv\/en\/wp-json\/wp\/v2\/product_brand?post=77034"},{"taxonomy":"product_cat","embeddable":true,"href":"https:\/\/sezona.lv\/en\/wp-json\/wp\/v2\/product_cat?post=77034"},{"taxonomy":"product_tag","embeddable":true,"href":"https:\/\/sezona.lv\/en\/wp-json\/wp\/v2\/product_tag?post=77034"}],"curies":[{"name":"wp","href":"https:\/\/api.w.org\/{rel}","templated":true}]}}