{"id":77035,"date":"2025-07-14T14:59:58","date_gmt":"2025-07-14T11:59:58","guid":{"rendered":"https:\/\/demo8.ecube.lv\/sezona.lv\/products\/cilpa-singing-rock-safety-chain-120cm\/"},"modified":"2025-07-14T14:59:58","modified_gmt":"2025-07-14T11:59:58","slug":"cilpa-singing-rock-safety-chain-120cm","status":"publish","type":"product","link":"https:\/\/sezona.lv\/en\/products\/cilpa-singing-rock-safety-chain-120cm\/","title":{"rendered":"Cilpa Singing Rock Safety Chain 120cm"},"content":{"rendered":"<p><span>Regul\u0113jama pa&scaron;dro&scaron;in\u0101&scaron;anas cilpa no poliam\u012bda materi\u0101la. Dubult\u0101 cilpa apr\u012bkojuma beig\u0101s. Viegli regul\u0113jams garums. Paredz\u0113ta tikai un vien\u012bgi statiskai slodzei! Cilpu daudzums: 9\/120 cm un 11\/140cm. Atbilst EN 566 un CE 1019 standartu pras\u012bb\u0101m.<\/span><\/p>\n<p>&nbsp;<\/p>\n<ul id=\"traits_24538\" class=\"item_traits\">\n<li class=\"odd\"><label>Kr\u0101sa:<\/label><span>Balta \/ Melna<\/span><\/li>\n<li><label>Izm\u0113rs:<\/label><span>120 cm<\/span><\/li>\n<li class=\"odd\"><label>Garums:<\/label><span>120 cm<\/span><\/li>\n<li><label>Iztur\u012bba:<\/label><span>22\/3.5 kN<\/span><\/li>\n<li class=\"odd\"><label>Materi\u0101ls:<\/label><span>Neilons<\/span><\/li>\n<li><label>Platums:<\/label><span>16 mm<\/span><\/li>\n<li class=\"odd\"><label>Svars:<\/label><span>150 g<\/span><\/li>\n<\/ul>\n","protected":false},"excerpt":{"rendered":"<p>Regul\u0113jama pa&scaron;dro&scaron;in\u0101&scaron;anas cilpa no poliam\u012bda materi\u0101la. Dubult\u0101 cilpa apr\u012bkojuma beig\u0101s. Viegli regul\u0113jams garums. Paredz\u0113ta tikai un vien\u012bgi statiskai slodzei! Cilpu daudzums: 9\/120 cm un 11\/140cm. Atbilst EN 566 un CE 1019 standartu pras\u012bb\u0101m. &nbsp; Kr\u0101sa:Balta \/ Melna Izm\u0113rs:120 cm Garums:120 cm Iztur\u012bba:22\/3.5 kN Materi\u0101ls:Neilons Platums:16 mm Svars:150 g<\/p>\n","protected":false},"featured_media":0,"template":"","meta":[],"product_brand":[3350],"product_cat":[4851,4875,4882],"product_tag":[],"class_list":{"0":"post-77035","1":"product","2":"type-product","3":"status-publish","5":"product_brand-singing-rock","6":"product_cat-mountaineering-equipment-recreation","7":"product_cat-for-work-at-height-mountaineering-equipment-recreation","8":"product_cat-fasteners-and-slings-for-work-at-height-mountaineering-equipment-recreation","10":"first","11":"instock","12":"shipping-taxable","13":"purchasable","14":"product-type-simple"},"_links":{"self":[{"href":"https:\/\/sezona.lv\/en\/wp-json\/wp\/v2\/product\/77035","targetHints":{"allow":["GET"]}}],"collection":[{"href":"https:\/\/sezona.lv\/en\/wp-json\/wp\/v2\/product"}],"about":[{"href":"https:\/\/sezona.lv\/en\/wp-json\/wp\/v2\/types\/product"}],"wp:attachment":[{"href":"https:\/\/sezona.lv\/en\/wp-json\/wp\/v2\/media?parent=77035"}],"wp:term":[{"taxonomy":"product_brand","embeddable":true,"href":"https:\/\/sezona.lv\/en\/wp-json\/wp\/v2\/product_brand?post=77035"},{"taxonomy":"product_cat","embeddable":true,"href":"https:\/\/sezona.lv\/en\/wp-json\/wp\/v2\/product_cat?post=77035"},{"taxonomy":"product_tag","embeddable":true,"href":"https:\/\/sezona.lv\/en\/wp-json\/wp\/v2\/product_tag?post=77035"}],"curies":[{"name":"wp","href":"https:\/\/api.w.org\/{rel}","templated":true}]}}