{"id":77037,"date":"2025-07-14T14:59:59","date_gmt":"2025-07-14T11:59:59","guid":{"rendered":"https:\/\/demo8.ecube.lv\/sezona.lv\/products\/cilpa-petzl-porto-gear-loop\/"},"modified":"2025-07-14T14:59:59","modified_gmt":"2025-07-14T11:59:59","slug":"cilpa-petzl-porto-gear-loop","status":"publish","type":"product","link":"https:\/\/sezona.lv\/en\/products\/cilpa-petzl-porto-gear-loop\/","title":{"rendered":"Cilpa Petzl Porto Gear Loop"},"content":{"rendered":"<p><span>Petzl ra\u017eot\u0101ja cilpa ekip\u0113juma fiks\u0113&scaron;anai un organiz\u0113&scaron;anai, kas \u0113rti un vienk\u0101r&scaron;i stiprin\u0101ma pie somas.<\/span><\/p>\n","protected":false},"excerpt":{"rendered":"<p>Petzl ra\u017eot\u0101ja cilpa ekip\u0113juma fiks\u0113&scaron;anai un organiz\u0113&scaron;anai, kas \u0113rti un vienk\u0101r&scaron;i stiprin\u0101ma pie somas.<\/p>\n","protected":false},"featured_media":0,"template":"","meta":[],"product_brand":[957],"product_cat":[4851,4875,4882],"product_tag":[],"class_list":{"0":"post-77037","1":"product","2":"type-product","3":"status-publish","5":"product_brand-petzl","6":"product_cat-mountaineering-equipment-recreation","7":"product_cat-for-work-at-height-mountaineering-equipment-recreation","8":"product_cat-fasteners-and-slings-for-work-at-height-mountaineering-equipment-recreation","10":"first","11":"instock","12":"shipping-taxable","13":"purchasable","14":"product-type-simple"},"_links":{"self":[{"href":"https:\/\/sezona.lv\/en\/wp-json\/wp\/v2\/product\/77037","targetHints":{"allow":["GET"]}}],"collection":[{"href":"https:\/\/sezona.lv\/en\/wp-json\/wp\/v2\/product"}],"about":[{"href":"https:\/\/sezona.lv\/en\/wp-json\/wp\/v2\/types\/product"}],"wp:attachment":[{"href":"https:\/\/sezona.lv\/en\/wp-json\/wp\/v2\/media?parent=77037"}],"wp:term":[{"taxonomy":"product_brand","embeddable":true,"href":"https:\/\/sezona.lv\/en\/wp-json\/wp\/v2\/product_brand?post=77037"},{"taxonomy":"product_cat","embeddable":true,"href":"https:\/\/sezona.lv\/en\/wp-json\/wp\/v2\/product_cat?post=77037"},{"taxonomy":"product_tag","embeddable":true,"href":"https:\/\/sezona.lv\/en\/wp-json\/wp\/v2\/product_tag?post=77037"}],"curies":[{"name":"wp","href":"https:\/\/api.w.org\/{rel}","templated":true}]}}