{"id":77038,"date":"2025-07-14T15:00:00","date_gmt":"2025-07-14T12:00:00","guid":{"rendered":"https:\/\/demo8.ecube.lv\/sezona.lv\/products\/cilpa-petzl-quickfix\/"},"modified":"2025-07-14T15:00:00","modified_gmt":"2025-07-14T12:00:00","slug":"cilpa-petzl-quickfix","status":"publish","type":"product","link":"https:\/\/sezona.lv\/en\/products\/cilpa-petzl-quickfix\/","title":{"rendered":"Cilpa Petzl Quickfix"},"content":{"rendered":"<p><label>Svars: 0.07 kg<\/label><\/p>\n<p id=\"item-description\">Regul\u0113jamas poz\u012bcijas pa&scaron;dro&scaron;in\u0101&scaron;anas cilpa k\u0101p&scaron;anai ar m\u0101ksl\u012bgajiem atbalsta punktiem. Cilpa ir ar DoubleBack spr\u0101dzi; garuma regul\u0113&scaron;ana ir \u013coti viegla un \u0101tra.&nbsp;<br \/>Lai atvieglotu regul\u0113&scaron;anu, spr\u0101dz\u0113 paredz\u0113ts 3 mm liels caurums atbr\u012bvo&scaron;an\u0101s virves stiprin\u0101&scaron;anai.&nbsp;<br \/>Br\u012bdin\u0101jums: QUICKFIX nav lietojama, lai tur\u0113tu kritienus, un nav piem\u0113rota ar\u012b lieto&scaron;anai k\u0101 &scaron;trope (iztur\u012bba 150 daN).<\/p>\n","protected":false},"excerpt":{"rendered":"<p>Svars: 0.07 kg Regul\u0113jamas poz\u012bcijas pa&scaron;dro&scaron;in\u0101&scaron;anas cilpa k\u0101p&scaron;anai ar m\u0101ksl\u012bgajiem atbalsta punktiem. Cilpa ir ar DoubleBack spr\u0101dzi; garuma regul\u0113&scaron;ana ir \u013coti viegla un \u0101tra.&nbsp;Lai atvieglotu regul\u0113&scaron;anu, spr\u0101dz\u0113 paredz\u0113ts 3 mm liels caurums atbr\u012bvo&scaron;an\u0101s virves stiprin\u0101&scaron;anai.&nbsp;Br\u012bdin\u0101jums: QUICKFIX nav lietojama, lai tur\u0113tu kritienus, un nav piem\u0113rota ar\u012b lieto&scaron;anai k\u0101 &scaron;trope (iztur\u012bba 150 daN).<\/p>\n","protected":false},"featured_media":0,"template":"","meta":[],"product_brand":[957],"product_cat":[4851,4875,4882],"product_tag":[],"class_list":{"0":"post-77038","1":"product","2":"type-product","3":"status-publish","5":"product_brand-petzl","6":"product_cat-mountaineering-equipment-recreation","7":"product_cat-for-work-at-height-mountaineering-equipment-recreation","8":"product_cat-fasteners-and-slings-for-work-at-height-mountaineering-equipment-recreation","10":"first","11":"instock","12":"shipping-taxable","13":"purchasable","14":"product-type-simple"},"_links":{"self":[{"href":"https:\/\/sezona.lv\/en\/wp-json\/wp\/v2\/product\/77038","targetHints":{"allow":["GET"]}}],"collection":[{"href":"https:\/\/sezona.lv\/en\/wp-json\/wp\/v2\/product"}],"about":[{"href":"https:\/\/sezona.lv\/en\/wp-json\/wp\/v2\/types\/product"}],"wp:attachment":[{"href":"https:\/\/sezona.lv\/en\/wp-json\/wp\/v2\/media?parent=77038"}],"wp:term":[{"taxonomy":"product_brand","embeddable":true,"href":"https:\/\/sezona.lv\/en\/wp-json\/wp\/v2\/product_brand?post=77038"},{"taxonomy":"product_cat","embeddable":true,"href":"https:\/\/sezona.lv\/en\/wp-json\/wp\/v2\/product_cat?post=77038"},{"taxonomy":"product_tag","embeddable":true,"href":"https:\/\/sezona.lv\/en\/wp-json\/wp\/v2\/product_tag?post=77038"}],"curies":[{"name":"wp","href":"https:\/\/api.w.org\/{rel}","templated":true}]}}