{"id":77039,"date":"2025-07-14T15:00:01","date_gmt":"2025-07-14T12:00:01","guid":{"rendered":"https:\/\/demo8.ecube.lv\/sezona.lv\/products\/cilpa-petzl-spelegyca\/"},"modified":"2025-07-14T15:00:01","modified_gmt":"2025-07-14T12:00:01","slug":"cilpa-petzl-spelegyca","status":"publish","type":"product","link":"https:\/\/sezona.lv\/en\/products\/cilpa-petzl-spelegyca\/","title":{"rendered":"Cilpa Petzl Spelegyca"},"content":{"rendered":"<p><label>Svars: 0.09 kg<\/label><\/p>\n<p id=\"item-description\">Asimetriska pa&scaron;dro&scaron;in\u0101&scaron;anas cilpa ar diviem da\u017e\u0101diem cilpu garumiem. T\u0101 \u013caus viegli tikt p\u0101ri starpstacij\u0101m un veikt da\u017e\u0101das manipul\u0101cijas uz vertik\u0101l\u0101m virv\u0113m.<\/p>\n","protected":false},"excerpt":{"rendered":"<p>Svars: 0.09 kg Asimetriska pa&scaron;dro&scaron;in\u0101&scaron;anas cilpa ar diviem da\u017e\u0101diem cilpu garumiem. T\u0101 \u013caus viegli tikt p\u0101ri starpstacij\u0101m un veikt da\u017e\u0101das manipul\u0101cijas uz vertik\u0101l\u0101m virv\u0113m.<\/p>\n","protected":false},"featured_media":0,"template":"","meta":[],"product_brand":[957],"product_cat":[4851,4875,4882],"product_tag":[],"class_list":{"0":"post-77039","1":"product","2":"type-product","3":"status-publish","5":"product_brand-petzl","6":"product_cat-mountaineering-equipment-recreation","7":"product_cat-for-work-at-height-mountaineering-equipment-recreation","8":"product_cat-fasteners-and-slings-for-work-at-height-mountaineering-equipment-recreation","10":"first","11":"instock","12":"shipping-taxable","13":"purchasable","14":"product-type-simple"},"_links":{"self":[{"href":"https:\/\/sezona.lv\/en\/wp-json\/wp\/v2\/product\/77039","targetHints":{"allow":["GET"]}}],"collection":[{"href":"https:\/\/sezona.lv\/en\/wp-json\/wp\/v2\/product"}],"about":[{"href":"https:\/\/sezona.lv\/en\/wp-json\/wp\/v2\/types\/product"}],"wp:attachment":[{"href":"https:\/\/sezona.lv\/en\/wp-json\/wp\/v2\/media?parent=77039"}],"wp:term":[{"taxonomy":"product_brand","embeddable":true,"href":"https:\/\/sezona.lv\/en\/wp-json\/wp\/v2\/product_brand?post=77039"},{"taxonomy":"product_cat","embeddable":true,"href":"https:\/\/sezona.lv\/en\/wp-json\/wp\/v2\/product_cat?post=77039"},{"taxonomy":"product_tag","embeddable":true,"href":"https:\/\/sezona.lv\/en\/wp-json\/wp\/v2\/product_tag?post=77039"}],"curies":[{"name":"wp","href":"https:\/\/api.w.org\/{rel}","templated":true}]}}