{"id":77040,"date":"2025-07-14T15:00:02","date_gmt":"2025-07-14T12:00:02","guid":{"rendered":"https:\/\/demo8.ecube.lv\/sezona.lv\/products\/strope-petzl-at-trac\/"},"modified":"2025-07-14T15:00:02","modified_gmt":"2025-07-14T12:00:02","slug":"strope-petzl-at-trac","status":"publish","type":"product","link":"https:\/\/sezona.lv\/en\/products\/strope-petzl-at-trac\/","title":{"rendered":"\u0160trope Petzl AT&#8217;TRAC"},"content":{"rendered":"<p><span>68cm gara neilona &scaron;trope TRac transporta tr\u012bsim to piestiprinot pie sist\u0113mas.<\/span><\/p>\n","protected":false},"excerpt":{"rendered":"<p>68cm gara neilona &scaron;trope TRac transporta tr\u012bsim to piestiprinot pie sist\u0113mas.<\/p>\n","protected":false},"featured_media":0,"template":"","meta":[],"product_brand":[957],"product_cat":[4851,4875,4879],"product_tag":[],"class_list":{"0":"post-77040","1":"product","2":"type-product","3":"status-publish","5":"product_brand-petzl","6":"product_cat-mountaineering-equipment-recreation","7":"product_cat-for-work-at-height-mountaineering-equipment-recreation","8":"product_cat-energy-absorbers-and-loops-for-work-at-height-mountaineering-equipment-recreation","10":"first","11":"instock","12":"shipping-taxable","13":"purchasable","14":"product-type-simple"},"_links":{"self":[{"href":"https:\/\/sezona.lv\/en\/wp-json\/wp\/v2\/product\/77040","targetHints":{"allow":["GET"]}}],"collection":[{"href":"https:\/\/sezona.lv\/en\/wp-json\/wp\/v2\/product"}],"about":[{"href":"https:\/\/sezona.lv\/en\/wp-json\/wp\/v2\/types\/product"}],"wp:attachment":[{"href":"https:\/\/sezona.lv\/en\/wp-json\/wp\/v2\/media?parent=77040"}],"wp:term":[{"taxonomy":"product_brand","embeddable":true,"href":"https:\/\/sezona.lv\/en\/wp-json\/wp\/v2\/product_brand?post=77040"},{"taxonomy":"product_cat","embeddable":true,"href":"https:\/\/sezona.lv\/en\/wp-json\/wp\/v2\/product_cat?post=77040"},{"taxonomy":"product_tag","embeddable":true,"href":"https:\/\/sezona.lv\/en\/wp-json\/wp\/v2\/product_tag?post=77040"}],"curies":[{"name":"wp","href":"https:\/\/api.w.org\/{rel}","templated":true}]}}