{"id":77044,"date":"2025-07-14T15:00:08","date_gmt":"2025-07-14T12:00:08","guid":{"rendered":"https:\/\/demo8.ecube.lv\/sezona.lv\/products\/strope-petzl-jane-200cm\/"},"modified":"2025-07-14T15:00:08","modified_gmt":"2025-07-14T12:00:08","slug":"strope-petzl-jane-200cm","status":"publish","type":"product","link":"https:\/\/sezona.lv\/en\/products\/strope-petzl-jane-200cm\/","title":{"rendered":"\u0160trope Petzl Jane 200cm"},"content":{"rendered":"<p><span>Neregul\u0113jama dinamisk\u0101s virves &scaron;trope. Iesp\u0113jams kombin\u0113t ar ABSORBICA ener\u0123ijas absorberi, lai izveidotu ener\u0123iju absorb\u0113jo&scaron;u I vai Y veida &scaron;tropi, kas nep\u0101rsniedz 2m garumu.<\/span><br \/><span>R\u016bpnieciski iestr\u0101d\u0101tas galu cilpas ar plastik\u0101ta uzmav\u0101m.<\/span><\/p>\n<p>&nbsp;<\/p>\n<ul id=\"traits_2134\" class=\"item_traits\">\n<li class=\"odd\"><label>Kr\u0101sa:<\/label><span>Melna<\/span><\/li>\n<li><label>Garums:<\/label><span>200 cm<\/span><\/li>\n<li class=\"odd\"><label>Garums:<\/label><span>200 cm<\/span><\/li>\n<li><label>Svars:<\/label><span>230 g<\/span><\/li>\n<\/ul>\n","protected":false},"excerpt":{"rendered":"<p>Neregul\u0113jama dinamisk\u0101s virves &scaron;trope. Iesp\u0113jams kombin\u0113t ar ABSORBICA ener\u0123ijas absorberi, lai izveidotu ener\u0123iju absorb\u0113jo&scaron;u I vai Y veida &scaron;tropi, kas nep\u0101rsniedz 2m garumu.R\u016bpnieciski iestr\u0101d\u0101tas galu cilpas ar plastik\u0101ta uzmav\u0101m. &nbsp; Kr\u0101sa:Melna Garums:200 cm Garums:200 cm Svars:230 g<\/p>\n","protected":false},"featured_media":0,"template":"","meta":[],"product_brand":[957],"product_cat":[4851,4875,4879],"product_tag":[],"class_list":{"0":"post-77044","1":"product","2":"type-product","3":"status-publish","5":"product_brand-petzl","6":"product_cat-mountaineering-equipment-recreation","7":"product_cat-for-work-at-height-mountaineering-equipment-recreation","8":"product_cat-energy-absorbers-and-loops-for-work-at-height-mountaineering-equipment-recreation","10":"first","11":"instock","12":"shipping-taxable","13":"purchasable","14":"product-type-simple"},"_links":{"self":[{"href":"https:\/\/sezona.lv\/en\/wp-json\/wp\/v2\/product\/77044","targetHints":{"allow":["GET"]}}],"collection":[{"href":"https:\/\/sezona.lv\/en\/wp-json\/wp\/v2\/product"}],"about":[{"href":"https:\/\/sezona.lv\/en\/wp-json\/wp\/v2\/types\/product"}],"wp:attachment":[{"href":"https:\/\/sezona.lv\/en\/wp-json\/wp\/v2\/media?parent=77044"}],"wp:term":[{"taxonomy":"product_brand","embeddable":true,"href":"https:\/\/sezona.lv\/en\/wp-json\/wp\/v2\/product_brand?post=77044"},{"taxonomy":"product_cat","embeddable":true,"href":"https:\/\/sezona.lv\/en\/wp-json\/wp\/v2\/product_cat?post=77044"},{"taxonomy":"product_tag","embeddable":true,"href":"https:\/\/sezona.lv\/en\/wp-json\/wp\/v2\/product_tag?post=77044"}],"curies":[{"name":"wp","href":"https:\/\/api.w.org\/{rel}","templated":true}]}}