{"id":77045,"date":"2025-07-14T15:00:10","date_gmt":"2025-07-14T12:00:10","guid":{"rendered":"https:\/\/demo8.ecube.lv\/sezona.lv\/products\/trepes-singing-rock-jacob\/"},"modified":"2025-07-14T15:00:10","modified_gmt":"2025-07-14T12:00:10","slug":"trepes-singing-rock-jacob","status":"publish","type":"product","link":"https:\/\/sezona.lv\/en\/products\/trepes-singing-rock-jacob\/","title":{"rendered":"Trepes Singing Rock Jacob"},"content":{"rendered":"<p><label>Svars: 0.21 kg<\/label><\/p>\n<p id=\"item-description\">\u013boti vieglas se&scaron;u pak\u0101pienu trep\u012btes &#8211; ar \u010detriem lieliem pak\u0101pieniem un diviem papildpak\u0101pieniem. Pak\u0101pieniem ir plastmasas stiprin\u0101jums, kas \u013cauj tiem palikt form\u0101 pat tad, kad tie ir noslogoti. Trep\u012bt\u0113m ir \u012bpa&scaron;a cilpa, kas \u013cauj savienot divas trepes. Nestsp\u0113ja: 500 kg. Satv\u0113riena cilpas iztur\u012bba: 100 kg.<\/p>\n","protected":false},"excerpt":{"rendered":"<p>Svars: 0.21 kg \u013boti vieglas se&scaron;u pak\u0101pienu trep\u012btes &#8211; ar \u010detriem lieliem pak\u0101pieniem un diviem papildpak\u0101pieniem. Pak\u0101pieniem ir plastmasas stiprin\u0101jums, kas \u013cauj tiem palikt form\u0101 pat tad, kad tie ir noslogoti. Trep\u012bt\u0113m ir \u012bpa&scaron;a cilpa, kas \u013cauj savienot divas trepes. Nestsp\u0113ja: 500 kg. Satv\u0113riena cilpas iztur\u012bba: 100 kg.<\/p>\n","protected":false},"featured_media":0,"template":"","meta":[],"product_brand":[3350],"product_cat":[4851,4875,4879],"product_tag":[],"class_list":{"0":"post-77045","1":"product","2":"type-product","3":"status-publish","5":"product_brand-singing-rock","6":"product_cat-mountaineering-equipment-recreation","7":"product_cat-for-work-at-height-mountaineering-equipment-recreation","8":"product_cat-energy-absorbers-and-loops-for-work-at-height-mountaineering-equipment-recreation","10":"first","11":"instock","12":"shipping-taxable","13":"purchasable","14":"product-type-simple"},"_links":{"self":[{"href":"https:\/\/sezona.lv\/en\/wp-json\/wp\/v2\/product\/77045","targetHints":{"allow":["GET"]}}],"collection":[{"href":"https:\/\/sezona.lv\/en\/wp-json\/wp\/v2\/product"}],"about":[{"href":"https:\/\/sezona.lv\/en\/wp-json\/wp\/v2\/types\/product"}],"wp:attachment":[{"href":"https:\/\/sezona.lv\/en\/wp-json\/wp\/v2\/media?parent=77045"}],"wp:term":[{"taxonomy":"product_brand","embeddable":true,"href":"https:\/\/sezona.lv\/en\/wp-json\/wp\/v2\/product_brand?post=77045"},{"taxonomy":"product_cat","embeddable":true,"href":"https:\/\/sezona.lv\/en\/wp-json\/wp\/v2\/product_cat?post=77045"},{"taxonomy":"product_tag","embeddable":true,"href":"https:\/\/sezona.lv\/en\/wp-json\/wp\/v2\/product_tag?post=77045"}],"curies":[{"name":"wp","href":"https:\/\/api.w.org\/{rel}","templated":true}]}}