{"id":77046,"date":"2025-07-14T15:00:12","date_gmt":"2025-07-14T12:00:12","guid":{"rendered":"https:\/\/demo8.ecube.lv\/sezona.lv\/products\/strope-singing-rock-steel-anchor-i-w22834xx03\/"},"modified":"2025-07-14T15:00:12","modified_gmt":"2025-07-14T12:00:12","slug":"strope-singing-rock-steel-anchor-i-w22834xx03","status":"publish","type":"product","link":"https:\/\/sezona.lv\/en\/products\/strope-singing-rock-steel-anchor-i-w22834xx03\/","title":{"rendered":"\u0160trope Singing Rock Steel Anchor &#8220;I&#8221; W22834XX03"},"content":{"rendered":"<p><label>Vid\u0113jais svars: 0.6 kg<\/label><\/p>\n<p>&nbsp;<\/p>\n<p id=\"item-description\">3 m gara, neregul\u0113jama t\u0113rauda &scaron;trope. R\u016bpnieciski iestr\u0101d\u0101tas galu cilpas.<br \/>Pateicoties lielam sp\u0113kam un iztur\u012bbai, ir ide\u0101li piem\u0113rota arboristiem vai metin\u0101&scaron;anai augstum\u0101. Izgatavota no cinkota t\u0113rauda un PVC p\u0101rkl\u0101juma.<br \/>Iztur\u012bba: 15 kN. Atbilst EN 795B un CE 1019 standartu pras\u012bb\u0101m.<\/p>\n","protected":false},"excerpt":{"rendered":"<p>Vid\u0113jais svars: 0.6 kg &nbsp; 3 m gara, neregul\u0113jama t\u0113rauda &scaron;trope. R\u016bpnieciski iestr\u0101d\u0101tas galu cilpas.Pateicoties lielam sp\u0113kam un iztur\u012bbai, ir ide\u0101li piem\u0113rota arboristiem vai metin\u0101&scaron;anai augstum\u0101. Izgatavota no cinkota t\u0113rauda un PVC p\u0101rkl\u0101juma.Iztur\u012bba: 15 kN. Atbilst EN 795B un CE 1019 standartu pras\u012bb\u0101m.<\/p>\n","protected":false},"featured_media":0,"template":"","meta":[],"product_brand":[3350],"product_cat":[4851,4875,4879],"product_tag":[],"class_list":{"0":"post-77046","1":"product","2":"type-product","3":"status-publish","5":"product_brand-singing-rock","6":"product_cat-mountaineering-equipment-recreation","7":"product_cat-for-work-at-height-mountaineering-equipment-recreation","8":"product_cat-energy-absorbers-and-loops-for-work-at-height-mountaineering-equipment-recreation","10":"first","11":"instock","12":"shipping-taxable","13":"purchasable","14":"product-type-simple"},"_links":{"self":[{"href":"https:\/\/sezona.lv\/en\/wp-json\/wp\/v2\/product\/77046","targetHints":{"allow":["GET"]}}],"collection":[{"href":"https:\/\/sezona.lv\/en\/wp-json\/wp\/v2\/product"}],"about":[{"href":"https:\/\/sezona.lv\/en\/wp-json\/wp\/v2\/types\/product"}],"wp:attachment":[{"href":"https:\/\/sezona.lv\/en\/wp-json\/wp\/v2\/media?parent=77046"}],"wp:term":[{"taxonomy":"product_brand","embeddable":true,"href":"https:\/\/sezona.lv\/en\/wp-json\/wp\/v2\/product_brand?post=77046"},{"taxonomy":"product_cat","embeddable":true,"href":"https:\/\/sezona.lv\/en\/wp-json\/wp\/v2\/product_cat?post=77046"},{"taxonomy":"product_tag","embeddable":true,"href":"https:\/\/sezona.lv\/en\/wp-json\/wp\/v2\/product_tag?post=77046"}],"curies":[{"name":"wp","href":"https:\/\/api.w.org\/{rel}","templated":true}]}}