{"id":77047,"date":"2025-07-14T15:00:13","date_gmt":"2025-07-14T12:00:13","guid":{"rendered":"https:\/\/demo8.ecube.lv\/sezona.lv\/products\/stiprinajums-petzl-connexion-fixe\/"},"modified":"2025-07-14T15:00:13","modified_gmt":"2025-07-14T12:00:13","slug":"stiprinajums-petzl-connexion-fixe","status":"publish","type":"product","link":"https:\/\/sezona.lv\/en\/products\/stiprinajums-petzl-connexion-fixe\/","title":{"rendered":"Stiprin\u0101jums Petzl Connexion Fixe"},"content":{"rendered":"<p><span>Iztur\u012bga enkura saite\/siksna. Saites abos galos D-formas kalta t\u0113rauda gredzeni. Vilces iztur\u012bba: 35 kN. Sertifik\u0101cija: CE EN 795 B, CE EN 354.<\/span><\/p>\n<p>&nbsp;<\/p>\n<ul class=\"item_traits\">\n<li class=\"odd\"><label>Garums:<\/label><span>200 cm<\/span><\/li>\n<li><label>Iztur\u012bba:<\/label><span>35 kN<\/span><\/li>\n<li class=\"odd\"><label>Svars:<\/label><span>440 g<\/span><\/li>\n<\/ul>\n","protected":false},"excerpt":{"rendered":"<p>Iztur\u012bga enkura saite\/siksna. Saites abos galos D-formas kalta t\u0113rauda gredzeni. Vilces iztur\u012bba: 35 kN. Sertifik\u0101cija: CE EN 795 B, CE EN 354. &nbsp; Garums:200 cm Iztur\u012bba:35 kN Svars:440 g<\/p>\n","protected":false},"featured_media":0,"template":"","meta":[],"product_brand":[957],"product_cat":[4851,4875,4882],"product_tag":[],"class_list":{"0":"post-77047","1":"product","2":"type-product","3":"status-publish","5":"product_brand-petzl","6":"product_cat-mountaineering-equipment-recreation","7":"product_cat-for-work-at-height-mountaineering-equipment-recreation","8":"product_cat-fasteners-and-slings-for-work-at-height-mountaineering-equipment-recreation","10":"first","11":"instock","12":"shipping-taxable","13":"purchasable","14":"product-type-simple"},"_links":{"self":[{"href":"https:\/\/sezona.lv\/en\/wp-json\/wp\/v2\/product\/77047","targetHints":{"allow":["GET"]}}],"collection":[{"href":"https:\/\/sezona.lv\/en\/wp-json\/wp\/v2\/product"}],"about":[{"href":"https:\/\/sezona.lv\/en\/wp-json\/wp\/v2\/types\/product"}],"wp:attachment":[{"href":"https:\/\/sezona.lv\/en\/wp-json\/wp\/v2\/media?parent=77047"}],"wp:term":[{"taxonomy":"product_brand","embeddable":true,"href":"https:\/\/sezona.lv\/en\/wp-json\/wp\/v2\/product_brand?post=77047"},{"taxonomy":"product_cat","embeddable":true,"href":"https:\/\/sezona.lv\/en\/wp-json\/wp\/v2\/product_cat?post=77047"},{"taxonomy":"product_tag","embeddable":true,"href":"https:\/\/sezona.lv\/en\/wp-json\/wp\/v2\/product_tag?post=77047"}],"curies":[{"name":"wp","href":"https:\/\/api.w.org\/{rel}","templated":true}]}}