{"id":77049,"date":"2025-07-14T15:00:15","date_gmt":"2025-07-14T12:00:15","guid":{"rendered":"https:\/\/demo8.ecube.lv\/sezona.lv\/products\/absorberis-petzl-nitro-3\/"},"modified":"2025-07-14T15:00:15","modified_gmt":"2025-07-14T12:00:15","slug":"absorberis-petzl-nitro-3","status":"publish","type":"product","link":"https:\/\/sezona.lv\/en\/products\/absorberis-petzl-nitro-3\/","title":{"rendered":"Absorberis Petzl Nitro 3"},"content":{"rendered":"<p><span>Ener\u0123ijas absorberis, kuru izmanto k\u0101 atsaiti, stiprinoties pie ap&scaron;aub\u0101mas dro&scaron;\u012bbas punktiem.&nbsp;<\/span><br \/><span>Tas samazina trieciena sp\u0113ku uz aizsardz\u012bbu nopietna kritiena gad\u012bjum\u0101 (absorbers s\u0101k atv\u0113rties pie 2.5 kN). Kritiena gad\u012bjum\u0101 tas b\u016btiski mazin\u0101s slodzi uz dro&scaron;in\u0101&scaron;anas punktiem. Tas \u0113rti savietojams ar Velcro l\u012bmklip&scaron;a pal\u012bdz\u012bbu. Iztur\u012bba: 22 kN. Sertific\u0113ts: CE, UIAA.<\/span><\/p>\n<p>&nbsp;<\/p>\n<ul class=\"item_traits\">\n<li class=\"odd\"><label>Garums:<\/label><span>0.16 m<\/span><\/li>\n<li><label>Svars:<\/label><span>60 g<\/span><\/li>\n<\/ul>\n","protected":false},"excerpt":{"rendered":"<p>Ener\u0123ijas absorberis, kuru izmanto k\u0101 atsaiti, stiprinoties pie ap&scaron;aub\u0101mas dro&scaron;\u012bbas punktiem.&nbsp;Tas samazina trieciena sp\u0113ku uz aizsardz\u012bbu nopietna kritiena gad\u012bjum\u0101 (absorbers s\u0101k atv\u0113rties pie 2.5 kN). Kritiena gad\u012bjum\u0101 tas b\u016btiski mazin\u0101s slodzi uz dro&scaron;in\u0101&scaron;anas punktiem. Tas \u0113rti savietojams ar Velcro l\u012bmklip&scaron;a pal\u012bdz\u012bbu. Iztur\u012bba: 22 kN. Sertific\u0113ts: CE, UIAA. &nbsp; Garums:0.16 m Svars:60 g<\/p>\n","protected":false},"featured_media":0,"template":"","meta":[],"product_brand":[957],"product_cat":[4851,4875,4879],"product_tag":[],"class_list":{"0":"post-77049","1":"product","2":"type-product","3":"status-publish","5":"product_brand-petzl","6":"product_cat-mountaineering-equipment-recreation","7":"product_cat-for-work-at-height-mountaineering-equipment-recreation","8":"product_cat-energy-absorbers-and-loops-for-work-at-height-mountaineering-equipment-recreation","10":"first","11":"instock","12":"shipping-taxable","13":"purchasable","14":"product-type-simple"},"_links":{"self":[{"href":"https:\/\/sezona.lv\/en\/wp-json\/wp\/v2\/product\/77049","targetHints":{"allow":["GET"]}}],"collection":[{"href":"https:\/\/sezona.lv\/en\/wp-json\/wp\/v2\/product"}],"about":[{"href":"https:\/\/sezona.lv\/en\/wp-json\/wp\/v2\/types\/product"}],"wp:attachment":[{"href":"https:\/\/sezona.lv\/en\/wp-json\/wp\/v2\/media?parent=77049"}],"wp:term":[{"taxonomy":"product_brand","embeddable":true,"href":"https:\/\/sezona.lv\/en\/wp-json\/wp\/v2\/product_brand?post=77049"},{"taxonomy":"product_cat","embeddable":true,"href":"https:\/\/sezona.lv\/en\/wp-json\/wp\/v2\/product_cat?post=77049"},{"taxonomy":"product_tag","embeddable":true,"href":"https:\/\/sezona.lv\/en\/wp-json\/wp\/v2\/product_tag?post=77049"}],"curies":[{"name":"wp","href":"https:\/\/api.w.org\/{rel}","templated":true}]}}