{"id":77050,"date":"2025-07-14T15:00:16","date_gmt":"2025-07-14T12:00:16","guid":{"rendered":"https:\/\/demo8.ecube.lv\/sezona.lv\/products\/trepes-petzl-looping\/"},"modified":"2025-07-14T15:00:16","modified_gmt":"2025-07-14T12:00:16","slug":"trepes-petzl-looping","status":"publish","type":"product","link":"https:\/\/sezona.lv\/en\/products\/trepes-petzl-looping\/","title":{"rendered":"Trepes Petzl Looping"},"content":{"rendered":"<p><label>Svars: 0.15 kg<\/label><\/p>\n<p id=\"item-description\">4 pak\u0101pienu auduma trepe k\u0101p&scaron;anai ar m\u0101ksl\u012bgajiem atbalsta punktiem.<\/p>\n","protected":false},"excerpt":{"rendered":"<p>Svars: 0.15 kg 4 pak\u0101pienu auduma trepe k\u0101p&scaron;anai ar m\u0101ksl\u012bgajiem atbalsta punktiem.<\/p>\n","protected":false},"featured_media":0,"template":"","meta":[],"product_brand":[957],"product_cat":[4851,4875,4879],"product_tag":[],"class_list":{"0":"post-77050","1":"product","2":"type-product","3":"status-publish","5":"product_brand-petzl","6":"product_cat-mountaineering-equipment-recreation","7":"product_cat-for-work-at-height-mountaineering-equipment-recreation","8":"product_cat-energy-absorbers-and-loops-for-work-at-height-mountaineering-equipment-recreation","10":"first","11":"instock","12":"shipping-taxable","13":"purchasable","14":"product-type-simple"},"_links":{"self":[{"href":"https:\/\/sezona.lv\/en\/wp-json\/wp\/v2\/product\/77050","targetHints":{"allow":["GET"]}}],"collection":[{"href":"https:\/\/sezona.lv\/en\/wp-json\/wp\/v2\/product"}],"about":[{"href":"https:\/\/sezona.lv\/en\/wp-json\/wp\/v2\/types\/product"}],"wp:attachment":[{"href":"https:\/\/sezona.lv\/en\/wp-json\/wp\/v2\/media?parent=77050"}],"wp:term":[{"taxonomy":"product_brand","embeddable":true,"href":"https:\/\/sezona.lv\/en\/wp-json\/wp\/v2\/product_brand?post=77050"},{"taxonomy":"product_cat","embeddable":true,"href":"https:\/\/sezona.lv\/en\/wp-json\/wp\/v2\/product_cat?post=77050"},{"taxonomy":"product_tag","embeddable":true,"href":"https:\/\/sezona.lv\/en\/wp-json\/wp\/v2\/product_tag?post=77050"}],"curies":[{"name":"wp","href":"https:\/\/api.w.org\/{rel}","templated":true}]}}