{"id":77051,"date":"2025-07-14T15:00:18","date_gmt":"2025-07-14T12:00:18","guid":{"rendered":"https:\/\/demo8.ecube.lv\/sezona.lv\/products\/strope-singing-rock-steel-anchor-i-3m\/"},"modified":"2025-07-14T15:00:18","modified_gmt":"2025-07-14T12:00:18","slug":"strope-singing-rock-steel-anchor-i-3m","status":"publish","type":"product","link":"https:\/\/sezona.lv\/en\/products\/strope-singing-rock-steel-anchor-i-3m\/","title":{"rendered":"\u0160trope Singing Rock Steel Anchor &#8220;I&#8221; 3m"},"content":{"rendered":"<p><span>Neregul\u0113jama garuma t\u0113rauda &scaron;trope. Abos &scaron;tropes galos iestr\u0101d\u0101tas fiks\u0113tas galu cilpas. Pateicoties lielam sp\u0113kam un iztur\u012bbai, ir ide\u0101li piem\u0113rota kokkopjiem vai metin\u0101&scaron;anai augstum\u0101.<\/span><br \/><span>Materi\u0101ls: Cinkots t\u0113rauds ar PVC apdari.<\/span><\/p>\n<p>&nbsp;<\/p>\n<ul id=\"traits_47235\" class=\"item_traits\">\n<li class=\"odd\"><label>Izm\u0113rs:<\/label><span>3 m<\/span><\/li>\n<li><label>Garums:<\/label><span>300 cm<\/span><\/li>\n<li class=\"odd\"><label>Iztur\u012bba:<\/label><span>15 kN<\/span><\/li>\n<\/ul>\n","protected":false},"excerpt":{"rendered":"<p>Neregul\u0113jama garuma t\u0113rauda &scaron;trope. Abos &scaron;tropes galos iestr\u0101d\u0101tas fiks\u0113tas galu cilpas. Pateicoties lielam sp\u0113kam un iztur\u012bbai, ir ide\u0101li piem\u0113rota kokkopjiem vai metin\u0101&scaron;anai augstum\u0101.Materi\u0101ls: Cinkots t\u0113rauds ar PVC apdari. &nbsp; Izm\u0113rs:3 m Garums:300 cm Iztur\u012bba:15 kN<\/p>\n","protected":false},"featured_media":0,"template":"","meta":[],"product_brand":[3350],"product_cat":[4851,4875,4879],"product_tag":[],"class_list":{"0":"post-77051","1":"product","2":"type-product","3":"status-publish","5":"product_brand-singing-rock","6":"product_cat-mountaineering-equipment-recreation","7":"product_cat-for-work-at-height-mountaineering-equipment-recreation","8":"product_cat-energy-absorbers-and-loops-for-work-at-height-mountaineering-equipment-recreation","10":"first","11":"instock","12":"shipping-taxable","13":"purchasable","14":"product-type-simple"},"_links":{"self":[{"href":"https:\/\/sezona.lv\/en\/wp-json\/wp\/v2\/product\/77051","targetHints":{"allow":["GET"]}}],"collection":[{"href":"https:\/\/sezona.lv\/en\/wp-json\/wp\/v2\/product"}],"about":[{"href":"https:\/\/sezona.lv\/en\/wp-json\/wp\/v2\/types\/product"}],"wp:attachment":[{"href":"https:\/\/sezona.lv\/en\/wp-json\/wp\/v2\/media?parent=77051"}],"wp:term":[{"taxonomy":"product_brand","embeddable":true,"href":"https:\/\/sezona.lv\/en\/wp-json\/wp\/v2\/product_brand?post=77051"},{"taxonomy":"product_cat","embeddable":true,"href":"https:\/\/sezona.lv\/en\/wp-json\/wp\/v2\/product_cat?post=77051"},{"taxonomy":"product_tag","embeddable":true,"href":"https:\/\/sezona.lv\/en\/wp-json\/wp\/v2\/product_tag?post=77051"}],"curies":[{"name":"wp","href":"https:\/\/api.w.org\/{rel}","templated":true}]}}