{"id":77053,"date":"2025-07-14T15:00:21","date_gmt":"2025-07-14T12:00:21","guid":{"rendered":"https:\/\/demo8.ecube.lv\/sezona.lv\/products\/absorberis-petzl-absorbica\/"},"modified":"2025-07-14T15:00:21","modified_gmt":"2025-07-14T12:00:21","slug":"absorberis-petzl-absorbica","status":"publish","type":"product","link":"https:\/\/sezona.lv\/en\/products\/absorberis-petzl-absorbica\/","title":{"rendered":"Absorberis Petzl Absorbica"},"content":{"rendered":"<p><span>Ener\u0123ijas absorberis. Lietojams kombin\u0101cij\u0101 ar Jane &scaron;tropi, lai izveidotu ener\u0123iju-absorb\u0113jo&scaron;u &scaron;tropi ar maksim\u0101lo garumu 2 metri. Gali apr\u012bkoti ar String &#8216;uzlik\u0101m&#8217;, lai notur\u0113tu karab\u012bni pareizaj\u0101 poz\u012bcij\u0101 un pasarg\u0101tu tekstilmateri\u0101lu no abraz\u012bviem boj\u0101jumiem.<\/span><br \/><span>Kompakts un viegls.&nbsp;<\/span><br \/><span>&#8211; Kl\u012brenss (br\u012bvais augstums) (kritiena faktors 2) : 3.9 m + ener\u0123ijas absorbera, &scaron;tropes un karab\u012bnes garums. Sertifik\u0101cija: CE EN 355.<\/span><\/p>\n<p>&nbsp;<\/p>\n<ul class=\"item_traits\">\n<li class=\"odd\"><label>Dro&scaron;s augstums:<\/label><span>3.9 m<\/span><\/li>\n<li><label>Garums:<\/label><span>0.3 m<\/span><\/li>\n<li class=\"odd\"><label>Garums p\u0113c atv\u0113r&scaron;an\u0101s:<\/label><span>1.6 m<\/span><\/li>\n<li><label>Svars:<\/label><span>150 g<\/span><\/li>\n<\/ul>\n","protected":false},"excerpt":{"rendered":"<p>Ener\u0123ijas absorberis. Lietojams kombin\u0101cij\u0101 ar Jane &scaron;tropi, lai izveidotu ener\u0123iju-absorb\u0113jo&scaron;u &scaron;tropi ar maksim\u0101lo garumu 2 metri. Gali apr\u012bkoti ar String &#8216;uzlik\u0101m&#8217;, lai notur\u0113tu karab\u012bni pareizaj\u0101 poz\u012bcij\u0101 un pasarg\u0101tu tekstilmateri\u0101lu no abraz\u012bviem boj\u0101jumiem.Kompakts un viegls.&nbsp;&#8211; Kl\u012brenss (br\u012bvais augstums) (kritiena faktors 2) : 3.9 m + ener\u0123ijas absorbera, &scaron;tropes un karab\u012bnes garums. Sertifik\u0101cija: CE EN 355. &nbsp; [&hellip;]<\/p>\n","protected":false},"featured_media":0,"template":"","meta":[],"product_brand":[957],"product_cat":[4851,4875,4879],"product_tag":[],"class_list":{"0":"post-77053","1":"product","2":"type-product","3":"status-publish","5":"product_brand-petzl","6":"product_cat-mountaineering-equipment-recreation","7":"product_cat-for-work-at-height-mountaineering-equipment-recreation","8":"product_cat-energy-absorbers-and-loops-for-work-at-height-mountaineering-equipment-recreation","10":"first","11":"instock","12":"shipping-taxable","13":"purchasable","14":"product-type-simple"},"_links":{"self":[{"href":"https:\/\/sezona.lv\/en\/wp-json\/wp\/v2\/product\/77053","targetHints":{"allow":["GET"]}}],"collection":[{"href":"https:\/\/sezona.lv\/en\/wp-json\/wp\/v2\/product"}],"about":[{"href":"https:\/\/sezona.lv\/en\/wp-json\/wp\/v2\/types\/product"}],"wp:attachment":[{"href":"https:\/\/sezona.lv\/en\/wp-json\/wp\/v2\/media?parent=77053"}],"wp:term":[{"taxonomy":"product_brand","embeddable":true,"href":"https:\/\/sezona.lv\/en\/wp-json\/wp\/v2\/product_brand?post=77053"},{"taxonomy":"product_cat","embeddable":true,"href":"https:\/\/sezona.lv\/en\/wp-json\/wp\/v2\/product_cat?post=77053"},{"taxonomy":"product_tag","embeddable":true,"href":"https:\/\/sezona.lv\/en\/wp-json\/wp\/v2\/product_tag?post=77053"}],"curies":[{"name":"wp","href":"https:\/\/api.w.org\/{rel}","templated":true}]}}