{"id":77054,"date":"2025-07-14T15:00:22","date_gmt":"2025-07-14T12:00:22","guid":{"rendered":"https:\/\/demo8.ecube.lv\/sezona.lv\/products\/stiprinajums-petzl-connexion-fast\/"},"modified":"2025-07-14T15:00:22","modified_gmt":"2025-07-14T12:00:22","slug":"stiprinajums-petzl-connexion-fast","status":"publish","type":"product","link":"https:\/\/sezona.lv\/en\/products\/stiprinajums-petzl-connexion-fast\/","title":{"rendered":"Stiprin\u0101jums Petzl Connexion Fast"},"content":{"rendered":"<p><span>\u0100tras regul\u0101cijas enkuru stiprin\u0101juma siksna. \u0100tri regul\u0113jamas spr\u0101dzes siksnas gal\u0101 \u013cauj main\u012bt un piel\u0101got t\u0101s garumu no 20 l\u012bdz 150 cm. Galos kalta t\u0113rauda D-Ring gredzeni.<\/span><br \/><span>Garums: 20 l\u012bdz 150 cm. Iztur\u012bba: 18 kN.<\/span><\/p>\n","protected":false},"excerpt":{"rendered":"<p>\u0100tras regul\u0101cijas enkuru stiprin\u0101juma siksna. \u0100tri regul\u0113jamas spr\u0101dzes siksnas gal\u0101 \u013cauj main\u012bt un piel\u0101got t\u0101s garumu no 20 l\u012bdz 150 cm. Galos kalta t\u0113rauda D-Ring gredzeni.Garums: 20 l\u012bdz 150 cm. Iztur\u012bba: 18 kN.<\/p>\n","protected":false},"featured_media":0,"template":"","meta":[],"product_brand":[957],"product_cat":[4851,4875,4882],"product_tag":[],"class_list":{"0":"post-77054","1":"product","2":"type-product","3":"status-publish","5":"product_brand-petzl","6":"product_cat-mountaineering-equipment-recreation","7":"product_cat-for-work-at-height-mountaineering-equipment-recreation","8":"product_cat-fasteners-and-slings-for-work-at-height-mountaineering-equipment-recreation","10":"first","11":"instock","12":"shipping-taxable","13":"purchasable","14":"product-type-simple"},"_links":{"self":[{"href":"https:\/\/sezona.lv\/en\/wp-json\/wp\/v2\/product\/77054","targetHints":{"allow":["GET"]}}],"collection":[{"href":"https:\/\/sezona.lv\/en\/wp-json\/wp\/v2\/product"}],"about":[{"href":"https:\/\/sezona.lv\/en\/wp-json\/wp\/v2\/types\/product"}],"wp:attachment":[{"href":"https:\/\/sezona.lv\/en\/wp-json\/wp\/v2\/media?parent=77054"}],"wp:term":[{"taxonomy":"product_brand","embeddable":true,"href":"https:\/\/sezona.lv\/en\/wp-json\/wp\/v2\/product_brand?post=77054"},{"taxonomy":"product_cat","embeddable":true,"href":"https:\/\/sezona.lv\/en\/wp-json\/wp\/v2\/product_cat?post=77054"},{"taxonomy":"product_tag","embeddable":true,"href":"https:\/\/sezona.lv\/en\/wp-json\/wp\/v2\/product_tag?post=77054"}],"curies":[{"name":"wp","href":"https:\/\/api.w.org\/{rel}","templated":true}]}}