{"id":77056,"date":"2025-07-14T15:00:24","date_gmt":"2025-07-14T12:00:24","guid":{"rendered":"https:\/\/demo8.ecube.lv\/sezona.lv\/products\/strope-edelrid-power-steel-150cm\/"},"modified":"2025-07-14T15:00:24","modified_gmt":"2025-07-14T12:00:24","slug":"strope-edelrid-power-steel-150cm","status":"publish","type":"product","link":"https:\/\/sezona.lv\/en\/products\/strope-edelrid-power-steel-150cm\/","title":{"rendered":"\u0160trope Edelrid Power Steel 150cm"},"content":{"rendered":"<p><span>Funkcion\u0101la un iztur\u012bga &scaron;trope ar 6 mm t\u0113rauda kodolu. Tai piem\u012bt nep\u0101rsp\u0113jama elast\u012bba un, neraugoties uz t\u0101s zemo svaru, lieliska abraz\u012bv\u0101 un slodzes iztur\u012bba.<\/span><\/p>\n<p>&nbsp;<\/p>\n<ul id=\"traits_37847\" class=\"item_traits\">\n<li class=\"odd\"><label>Kr\u0101sa:<\/label><span>Sarkana \/ Za\u013ca<\/span><\/li>\n<li><label>Garums:<\/label><span>150 cm<\/span><\/li>\n<li class=\"odd\"><label>Garums:<\/label><span>150 cm<\/span><\/li>\n<li><label>Iztur\u012bba:<\/label><span>22 kN<\/span><\/li>\n<li class=\"odd\"><label>Svars:<\/label><span>550 g<\/span><\/li>\n<\/ul>\n","protected":false},"excerpt":{"rendered":"<p>Funkcion\u0101la un iztur\u012bga &scaron;trope ar 6 mm t\u0113rauda kodolu. Tai piem\u012bt nep\u0101rsp\u0113jama elast\u012bba un, neraugoties uz t\u0101s zemo svaru, lieliska abraz\u012bv\u0101 un slodzes iztur\u012bba. &nbsp; Kr\u0101sa:Sarkana \/ Za\u013ca Garums:150 cm Garums:150 cm Iztur\u012bba:22 kN Svars:550 g<\/p>\n","protected":false},"featured_media":0,"template":"","meta":[],"product_brand":[3348],"product_cat":[4851,4875,4879],"product_tag":[],"class_list":{"0":"post-77056","1":"product","2":"type-product","3":"status-publish","5":"product_brand-edelrid","6":"product_cat-mountaineering-equipment-recreation","7":"product_cat-for-work-at-height-mountaineering-equipment-recreation","8":"product_cat-energy-absorbers-and-loops-for-work-at-height-mountaineering-equipment-recreation","10":"first","11":"instock","12":"shipping-taxable","13":"purchasable","14":"product-type-simple"},"_links":{"self":[{"href":"https:\/\/sezona.lv\/en\/wp-json\/wp\/v2\/product\/77056","targetHints":{"allow":["GET"]}}],"collection":[{"href":"https:\/\/sezona.lv\/en\/wp-json\/wp\/v2\/product"}],"about":[{"href":"https:\/\/sezona.lv\/en\/wp-json\/wp\/v2\/types\/product"}],"wp:attachment":[{"href":"https:\/\/sezona.lv\/en\/wp-json\/wp\/v2\/media?parent=77056"}],"wp:term":[{"taxonomy":"product_brand","embeddable":true,"href":"https:\/\/sezona.lv\/en\/wp-json\/wp\/v2\/product_brand?post=77056"},{"taxonomy":"product_cat","embeddable":true,"href":"https:\/\/sezona.lv\/en\/wp-json\/wp\/v2\/product_cat?post=77056"},{"taxonomy":"product_tag","embeddable":true,"href":"https:\/\/sezona.lv\/en\/wp-json\/wp\/v2\/product_tag?post=77056"}],"curies":[{"name":"wp","href":"https:\/\/api.w.org\/{rel}","templated":true}]}}