{"id":77058,"date":"2025-07-14T15:00:26","date_gmt":"2025-07-14T12:00:26","guid":{"rendered":"https:\/\/demo8.ecube.lv\/sezona.lv\/products\/absorberis-petzl-absorbica-i-150cm\/"},"modified":"2025-07-14T15:00:26","modified_gmt":"2025-07-14T12:00:26","slug":"absorberis-petzl-absorbica-i-150cm","status":"publish","type":"product","link":"https:\/\/sezona.lv\/en\/products\/absorberis-petzl-absorbica-i-150cm\/","title":{"rendered":"Absorberis Petzl Absorbica-I 150cm"},"content":{"rendered":"<p><span>Petzl ra\u017eot\u0101ja ener\u0123ijas absorbers darbam augstum\u0101 ar vienu integr\u0113tu &scaron;tropi.<\/span><br \/><span>Ar &scaron;o ener\u0123ijas absorberi kritiena ener\u0123ija absorb\u0113j\u0101s pl\u012bstot speci\u0101lam audumam, kas ievietots maisi\u0146a ar r\u0101v\u0113jsl\u0113dz\u0113ju, kas pasarg\u0101 to no abraz\u012bviem boj\u0101jumiem un \u013cauj veikt regul\u0101ru absorbera st\u0101vok\u013ca p\u0101rbaudi. Sertific\u0113ta: CE EN 355<\/span><\/p>\n<p>&nbsp;<\/p>\n<ul class=\"item_traits\">\n<li class=\"odd\"><label>Dro&scaron;s augstums:<\/label><span>4.35 m<\/span><\/li>\n<li><label>Garums:<\/label><span>0.8 m<\/span><\/li>\n<li class=\"odd\"><label>Garums p\u0113c atv\u0113r&scaron;an\u0101s:<\/label><span>1.5 m<\/span><\/li>\n<li><label>Svars:<\/label><span>160 g<\/span><\/li>\n<\/ul>\n","protected":false},"excerpt":{"rendered":"<p>Petzl ra\u017eot\u0101ja ener\u0123ijas absorbers darbam augstum\u0101 ar vienu integr\u0113tu &scaron;tropi.Ar &scaron;o ener\u0123ijas absorberi kritiena ener\u0123ija absorb\u0113j\u0101s pl\u012bstot speci\u0101lam audumam, kas ievietots maisi\u0146a ar r\u0101v\u0113jsl\u0113dz\u0113ju, kas pasarg\u0101 to no abraz\u012bviem boj\u0101jumiem un \u013cauj veikt regul\u0101ru absorbera st\u0101vok\u013ca p\u0101rbaudi. Sertific\u0113ta: CE EN 355 &nbsp; Dro&scaron;s augstums:4.35 m Garums:0.8 m Garums p\u0113c atv\u0113r&scaron;an\u0101s:1.5 m Svars:160 g<\/p>\n","protected":false},"featured_media":0,"template":"","meta":[],"product_brand":[957],"product_cat":[4851,4875,4879],"product_tag":[],"class_list":{"0":"post-77058","1":"product","2":"type-product","3":"status-publish","5":"product_brand-petzl","6":"product_cat-mountaineering-equipment-recreation","7":"product_cat-for-work-at-height-mountaineering-equipment-recreation","8":"product_cat-energy-absorbers-and-loops-for-work-at-height-mountaineering-equipment-recreation","10":"first","11":"instock","12":"shipping-taxable","13":"purchasable","14":"product-type-simple"},"_links":{"self":[{"href":"https:\/\/sezona.lv\/en\/wp-json\/wp\/v2\/product\/77058","targetHints":{"allow":["GET"]}}],"collection":[{"href":"https:\/\/sezona.lv\/en\/wp-json\/wp\/v2\/product"}],"about":[{"href":"https:\/\/sezona.lv\/en\/wp-json\/wp\/v2\/types\/product"}],"wp:attachment":[{"href":"https:\/\/sezona.lv\/en\/wp-json\/wp\/v2\/media?parent=77058"}],"wp:term":[{"taxonomy":"product_brand","embeddable":true,"href":"https:\/\/sezona.lv\/en\/wp-json\/wp\/v2\/product_brand?post=77058"},{"taxonomy":"product_cat","embeddable":true,"href":"https:\/\/sezona.lv\/en\/wp-json\/wp\/v2\/product_cat?post=77058"},{"taxonomy":"product_tag","embeddable":true,"href":"https:\/\/sezona.lv\/en\/wp-json\/wp\/v2\/product_tag?post=77058"}],"curies":[{"name":"wp","href":"https:\/\/api.w.org\/{rel}","templated":true}]}}