{"id":77059,"date":"2025-07-14T15:00:26","date_gmt":"2025-07-14T12:00:26","guid":{"rendered":"https:\/\/demo8.ecube.lv\/sezona.lv\/products\/cilpa-black-diamond-dynex-daisy\/"},"modified":"2025-07-14T15:00:26","modified_gmt":"2025-07-14T12:00:26","slug":"cilpa-black-diamond-dynex-daisy","status":"publish","type":"product","link":"https:\/\/sezona.lv\/en\/products\/cilpa-black-diamond-dynex-daisy\/","title":{"rendered":"Cilpa Black Diamond Dynex Daisy"},"content":{"rendered":"<p><span>Viegla, abraz\u012bvi iztur\u012bga pa&scaron;dro&scaron;in\u0101&scaron;anas cilpa. Izgatavota no Dyneema materi\u0101la.<\/span><\/p>\n<p>&nbsp;<\/p>\n<ul class=\"item_traits\">\n<li><label>Garums:<\/label><span>120 cm<\/span><\/li>\n<li class=\"odd\"><label>Iztur\u012bba:<\/label><span>16 \/ 3 kN<\/span><\/li>\n<li><label>Materi\u0101ls:<\/label><span>Dyneema<\/span><\/li>\n<li class=\"odd\"><label>Platums:<\/label><span>12 mm<\/span><\/li>\n<\/ul>\n","protected":false},"excerpt":{"rendered":"<p>Viegla, abraz\u012bvi iztur\u012bga pa&scaron;dro&scaron;in\u0101&scaron;anas cilpa. Izgatavota no Dyneema materi\u0101la. &nbsp; Garums:120 cm Iztur\u012bba:16 \/ 3 kN Materi\u0101ls:Dyneema Platums:12 mm<\/p>\n","protected":false},"featured_media":0,"template":"","meta":[],"product_brand":[946],"product_cat":[4851,4875,4882],"product_tag":[],"class_list":{"0":"post-77059","1":"product","2":"type-product","3":"status-publish","5":"product_brand-black-diamond","6":"product_cat-mountaineering-equipment-recreation","7":"product_cat-for-work-at-height-mountaineering-equipment-recreation","8":"product_cat-fasteners-and-slings-for-work-at-height-mountaineering-equipment-recreation","10":"first","11":"instock","12":"shipping-taxable","13":"purchasable","14":"product-type-simple"},"_links":{"self":[{"href":"https:\/\/sezona.lv\/en\/wp-json\/wp\/v2\/product\/77059","targetHints":{"allow":["GET"]}}],"collection":[{"href":"https:\/\/sezona.lv\/en\/wp-json\/wp\/v2\/product"}],"about":[{"href":"https:\/\/sezona.lv\/en\/wp-json\/wp\/v2\/types\/product"}],"wp:attachment":[{"href":"https:\/\/sezona.lv\/en\/wp-json\/wp\/v2\/media?parent=77059"}],"wp:term":[{"taxonomy":"product_brand","embeddable":true,"href":"https:\/\/sezona.lv\/en\/wp-json\/wp\/v2\/product_brand?post=77059"},{"taxonomy":"product_cat","embeddable":true,"href":"https:\/\/sezona.lv\/en\/wp-json\/wp\/v2\/product_cat?post=77059"},{"taxonomy":"product_tag","embeddable":true,"href":"https:\/\/sezona.lv\/en\/wp-json\/wp\/v2\/product_tag?post=77059"}],"curies":[{"name":"wp","href":"https:\/\/api.w.org\/{rel}","templated":true}]}}