{"id":77061,"date":"2025-07-14T15:00:29","date_gmt":"2025-07-14T12:00:29","guid":{"rendered":"https:\/\/demo8.ecube.lv\/sezona.lv\/products\/paligcilpa-edelrid-cambiumsaver-bicolor-120cm\/"},"modified":"2025-07-14T15:00:29","modified_gmt":"2025-07-14T12:00:29","slug":"paligcilpa-edelrid-cambiumsaver-bicolor-120cm","status":"publish","type":"product","link":"https:\/\/sezona.lv\/en\/products\/paligcilpa-edelrid-cambiumsaver-bicolor-120cm\/","title":{"rendered":"Pal\u012bgcilpa Edelrid Cambiumsaver Bicolor 120cm"},"content":{"rendered":"<p><span>Pal\u012bgcilpa, kas izgatavota \u012bpa&scaron;i arboristiem (kokkopjiem). T\u0101 kalpo k\u0101 kust\u012bgs cilpas enkurs un nolai&scaron;an\u0101s enkurs k\u0101p&scaron;anas virv\u0113m. T\u0101s divi da\u017e\u0101da izm\u0113ra gredzeni un dubultkr\u0101su tekstila da\u013ca padara cilpu viegli uzst\u0101d\u0101mu un no\u0146emamu, pat atrodoties uz zemes.<\/span><\/p>\n<p>&nbsp;<\/p>\n<ul id=\"traits_33625\" class=\"item_traits\">\n<li class=\"odd\"><label>Kr\u0101sa:<\/label><span>Melna \/ Zila<\/span><\/li>\n<li><label>Garums:<\/label><span>120 cm<\/span><\/li>\n<li class=\"odd\"><label>Garums:<\/label><span>120 cm<\/span><\/li>\n<li><label>Iztur\u012bba:<\/label><span>25 kN<\/span><\/li>\n<li class=\"odd\"><label>Svars:<\/label><span>230 g<\/span><\/li>\n<\/ul>\n","protected":false},"excerpt":{"rendered":"<p>Pal\u012bgcilpa, kas izgatavota \u012bpa&scaron;i arboristiem (kokkopjiem). T\u0101 kalpo k\u0101 kust\u012bgs cilpas enkurs un nolai&scaron;an\u0101s enkurs k\u0101p&scaron;anas virv\u0113m. T\u0101s divi da\u017e\u0101da izm\u0113ra gredzeni un dubultkr\u0101su tekstila da\u013ca padara cilpu viegli uzst\u0101d\u0101mu un no\u0146emamu, pat atrodoties uz zemes. &nbsp; Kr\u0101sa:Melna \/ Zila Garums:120 cm Garums:120 cm Iztur\u012bba:25 kN Svars:230 g<\/p>\n","protected":false},"featured_media":0,"template":"","meta":[],"product_brand":[3348],"product_cat":[4851,4875,4882],"product_tag":[],"class_list":{"0":"post-77061","1":"product","2":"type-product","3":"status-publish","5":"product_brand-edelrid","6":"product_cat-mountaineering-equipment-recreation","7":"product_cat-for-work-at-height-mountaineering-equipment-recreation","8":"product_cat-fasteners-and-slings-for-work-at-height-mountaineering-equipment-recreation","10":"first","11":"instock","12":"shipping-taxable","13":"purchasable","14":"product-type-simple"},"_links":{"self":[{"href":"https:\/\/sezona.lv\/en\/wp-json\/wp\/v2\/product\/77061","targetHints":{"allow":["GET"]}}],"collection":[{"href":"https:\/\/sezona.lv\/en\/wp-json\/wp\/v2\/product"}],"about":[{"href":"https:\/\/sezona.lv\/en\/wp-json\/wp\/v2\/types\/product"}],"wp:attachment":[{"href":"https:\/\/sezona.lv\/en\/wp-json\/wp\/v2\/media?parent=77061"}],"wp:term":[{"taxonomy":"product_brand","embeddable":true,"href":"https:\/\/sezona.lv\/en\/wp-json\/wp\/v2\/product_brand?post=77061"},{"taxonomy":"product_cat","embeddable":true,"href":"https:\/\/sezona.lv\/en\/wp-json\/wp\/v2\/product_cat?post=77061"},{"taxonomy":"product_tag","embeddable":true,"href":"https:\/\/sezona.lv\/en\/wp-json\/wp\/v2\/product_tag?post=77061"}],"curies":[{"name":"wp","href":"https:\/\/api.w.org\/{rel}","templated":true}]}}